{"id":3416,"date":"2025-09-17T10:41:27","date_gmt":"2025-09-17T08:41:27","guid":{"rendered":"https:\/\/boreait.com\/hu\/?post_type=product&#038;p=3416"},"modified":"2026-01-08T07:56:19","modified_gmt":"2026-01-08T06:56:19","slug":"intel-8260ngw-vezetek-nelkuli-modul-wifi-kartya-806722-001-h70224-001","status":"publish","type":"product","link":"https:\/\/boreait.com\/hu\/termek\/intel-8260ngw-vezetek-nelkuli-modul-wifi-kartya-806722-001-h70224-001\/","title":{"rendered":"INTEL 8260NGW vezet\u00e9k n\u00e9lk\u00fcli modul WIFI k\u00e1rtya 806722-001 H70224-001"},"content":{"rendered":"<p>B\u0151v\u00edtse eszk\u00f6ze vezet\u00e9k n\u00e9lk\u00fcli kapcsolat\u00e1t az INTEL 8260NGW Wireless Module WiFi k\u00e1rtya 806722-001 H70224-001 seg\u00edts\u00e9g\u00e9vel. Az eszk\u00f6z vezet\u00e9k n\u00e9lk\u00fcli k\u00e9pess\u00e9geinek optimaliz\u00e1l\u00e1s\u00e1ra tervezett eredeti WiFi modul z\u00f6kken\u0151mentes integr\u00e1ci\u00f3t \u00e9s jobb teljes\u00edtm\u00e9nyt k\u00edn\u00e1l a jobb kapcsol\u00f3d\u00e1si \u00e9lm\u00e9ny \u00e9rdek\u00e9ben.<\/p>\n<p>Az INTEL, a vezet\u00e9k n\u00e9lk\u00fcli technol\u00f3gia megb\u00edzhat\u00f3 vezet\u0151 gy\u00e1rt\u00f3ja \u00e1ltal gy\u00e1rtott INTEL 8260NGW vezet\u00e9k n\u00e9lk\u00fcli modul WiFi k\u00e1rtya 806722-001 H70224-001 megb\u00edzhat\u00f3 \u00e9s hat\u00e9kony vezet\u00e9k n\u00e9lk\u00fcli kapcsolatot biztos\u00edt. Az eszk\u00f6z bels\u0151 rendszereinek alapvet\u0151 elemek\u00e9nt ez a modul kulcsfontoss\u00e1g\u00fa szerepet j\u00e1tszik a vezet\u00e9k n\u00e9lk\u00fcli k\u00e9pess\u00e9gek b\u0151v\u00edt\u00e9s\u00e9ben.<\/p>\n<p>Ak\u00e1r gyors \u00e9s megb\u00edzhat\u00f3 WiFi-kapcsolatra van sz\u00fcks\u00e9ge az internetes b\u00f6ng\u00e9sz\u00e9shez, streamel\u00e9shez vagy online j\u00e1t\u00e9khoz, ez a WiFi-modul az \u00d6n \u00e1ltal elv\u00e1rt sebess\u00e9get \u00e9s hat\u00e9konys\u00e1got k\u00edn\u00e1lja. A fejlett WiFi-szabv\u00e1nyok \u00e9s -technol\u00f3gi\u00e1k t\u00e1mogat\u00e1s\u00e1val sim\u00e1bb online \u00e9lm\u00e9nyt \u00e9s jobb csatlakoz\u00e1si tartom\u00e1nyt tapasztalhat.<\/p>\n<p>A telep\u00edt\u00e9s egyszer\u0171, k\u00f6sz\u00f6nhet\u0151en a kialak\u00edt\u00e1snak, amely illeszkedik az eszk\u00f6z eredeti alkatr\u00e9szeihez. Az eredeti INTEL alkatr\u00e9szek kiv\u00e1laszt\u00e1s\u00e1val eszk\u00f6ze vezet\u00e9k n\u00e9lk\u00fcli kapcsolat\u00e1nak min\u0151s\u00e9g\u00e9be \u00e9s megb\u00edzhat\u00f3s\u00e1g\u00e1ba fektet be.<\/p>\n<p>Friss\u00edtse eszk\u00f6ze vezet\u00e9k n\u00e9lk\u00fcli k\u00e9pess\u00e9geit az INTEL 8260NGW vezet\u00e9k n\u00e9lk\u00fcli modul 806722-001 H70224-001 WiFi k\u00e1rty\u00e1val. \u00c9lvezze a gyorsabb \u00e9s megb\u00edzhat\u00f3bb WiFi-kapcsolatokat, a g\u00f6rd\u00fcl\u00e9kenyebb online \u00e9lm\u00e9nyt \u00e9s a kiterjesztett csatlakoz\u00e1si tartom\u00e1nyt eszk\u00f6z\u00e9n. N\u00f6velje csatlakoz\u00e1si \u00e9lm\u00e9ny\u00e9t ezzel a megb\u00edzhat\u00f3 \u00e9s hat\u00e9kony WiFi modullal.<\/p>\n<p>V\u00e1s\u00e1rl\u00e1s el\u0151tt ellen\u0151rizze, hogy kompatibilis-e az adott eszk\u00f6zmodellj\u00e9vel.<\/p>\n","protected":false},"excerpt":{"rendered":"<p>B\u0151v\u00edtse eszk\u00f6ze vezet\u00e9k n\u00e9lk\u00fcli kapcsolat\u00e1t az INTEL 8260NGW Wireless Module WiFi k\u00e1rtya 806722-001 H70224-001 seg\u00edts\u00e9g\u00e9vel. \u00c9lvezze a gyorsabb \u00e9s megb\u00edzhat\u00f3bb Wi-Fi-kapcsolatot az internetes b\u00f6ng\u00e9sz\u00e9shez, adatfolyamokhoz \u00e9s online j\u00e1t\u00e9kokhoz.<\/p>\n","protected":false},"featured_media":3454,"template":"","meta":[],"product_brand":[],"product_cat":[27],"product_tag":[],"class_list":{"0":"post-3416","1":"product","2":"type-product","3":"status-publish","4":"has-post-thumbnail","6":"product_cat-motherboards-board-parts","8":"first","9":"instock","10":"taxable","11":"shipping-taxable","12":"purchasable","13":"product-type-simple"},"_links":{"self":[{"href":"https:\/\/boreait.com\/hu\/wp-json\/wp\/v2\/product\/3416","targetHints":{"allow":["GET"]}}],"collection":[{"href":"https:\/\/boreait.com\/hu\/wp-json\/wp\/v2\/product"}],"about":[{"href":"https:\/\/boreait.com\/hu\/wp-json\/wp\/v2\/types\/product"}],"wp:featuredmedia":[{"embeddable":true,"href":"https:\/\/boreait.com\/hu\/wp-json\/wp\/v2\/media\/3454"}],"wp:attachment":[{"href":"https:\/\/boreait.com\/hu\/wp-json\/wp\/v2\/media?parent=3416"}],"wp:term":[{"taxonomy":"product_brand","embeddable":true,"href":"https:\/\/boreait.com\/hu\/wp-json\/wp\/v2\/product_brand?post=3416"},{"taxonomy":"product_cat","embeddable":true,"href":"https:\/\/boreait.com\/hu\/wp-json\/wp\/v2\/product_cat?post=3416"},{"taxonomy":"product_tag","embeddable":true,"href":"https:\/\/boreait.com\/hu\/wp-json\/wp\/v2\/product_tag?post=3416"}],"curies":[{"name":"wp","href":"https:\/\/api.w.org\/{rel}","templated":true}]}}