{"id":3412,"date":"2025-09-17T10:41:26","date_gmt":"2025-09-17T08:41:26","guid":{"rendered":"https:\/\/boreait.com\/hu\/?post_type=product&#038;p=3412"},"modified":"2025-09-17T10:41:58","modified_gmt":"2025-09-17T08:41:58","slug":"hp-zbook-15-g1-g2-beepitett-hangszoro-keszlet-pk23000l000-734292-001","status":"publish","type":"product","link":"https:\/\/boreait.com\/hu\/termek\/hp-zbook-15-g1-g2-beepitett-hangszoro-keszlet-pk23000l000-734292-001\/","title":{"rendered":"HP ZBook 15 G1 G2 be\u00e9p\u00edtett hangsz\u00f3r\u00f3 k\u00e9szlet PK23000L000 734292-001"},"content":{"rendered":"<p>N\u00f6velje hall\u00e1si \u00e9lm\u00e9ny\u00e9t a HP ZBook 15 G1 G2 be\u00e9p\u00edtett hangsz\u00f3r\u00f3k\u00e9szlettel PK23000L000 734292-001. A hangmin\u0151s\u00e9g optimaliz\u00e1l\u00e1s\u00e1ra tervezett eredeti hangsz\u00f3r\u00f3k\u00e9szlet z\u00f6kken\u0151mentes integr\u00e1ci\u00f3t \u00e9s jobb hangteljes\u00edtm\u00e9nyt biztos\u00edt a jobb sz\u00e1m\u00edt\u00e1stechnikai \u00e9lm\u00e9ny \u00e9rdek\u00e9ben.<\/p>\n<p>A HP, a sz\u00e1m\u00edt\u00e1stechnika megb\u00edzhat\u00f3 vezet\u0151 gy\u00e1rt\u00f3ja \u00e1ltal gy\u00e1rtott HP ZBook 15 G1 G2 be\u00e9p\u00edtett hangsz\u00f3r\u00f3k\u00e9szlet PK23000L000 734292-001 megb\u00edzhat\u00f3 \u00e9s gazdag hangkimenetet biztos\u00edt. A laptop audiorendszer\u00e9nek alapvet\u0151 elemeik\u00e9nt ezek a hangsz\u00f3r\u00f3k kulcsszerepet j\u00e1tszanak a tiszta \u00e9s mag\u00e1val ragad\u00f3 hangz\u00e1sban.<\/p>\n<p>Ak\u00e1r filmeket n\u00e9z, videokonferenci\u00e1kon vesz r\u00e9szt, ak\u00e1r zen\u00e9t hallgat, ez a hangsz\u00f3r\u00f3k\u00e9szlet fokozza a hall\u00e1s\u00e9lm\u00e9nyt. Prec\u00edzi\u00f3s tervez\u00e9se pontos hangvisszaad\u00e1st biztos\u00edt, kiv\u00e9teles tisztas\u00e1got \u00e9s m\u00e9lys\u00e9get biztos\u00edtva a laptop hangkimenet\u00e9hez.<\/p>\n<p>A telep\u00edt\u00e9s egyszer\u0171 a laptop eredeti alkatr\u00e9szeihez igazod\u00f3 kialak\u00edt\u00e1snak k\u00f6sz\u00f6nhet\u0151en. Az eredeti HP alkatr\u00e9szek kiv\u00e1laszt\u00e1s\u00e1val laptopja hangteljes\u00edtm\u00e9ny\u00e9nek min\u0151s\u00e9g\u00e9be \u00e9s megb\u00edzhat\u00f3s\u00e1g\u00e1ba fektet be.<\/p>\n<p>Friss\u00edtse laptopja audiok\u00e9pess\u00e9geit a HP ZBook 15 G1 G2 be\u00e9p\u00edtett hangsz\u00f3r\u00f3k\u00e9szlettel PK23000L000 734292-001. \u00c9lvezze a jobb hangmin\u0151s\u00e9get, a mag\u00e1val ragad\u00f3 hang\u00e9lm\u00e9nyt \u00e9s a tiszta kommunik\u00e1ci\u00f3t ZBook 15 G1 \u00e9s G2 k\u00e9sz\u00fcl\u00e9k\u00e9n. N\u00f6velje sz\u00e1m\u00edt\u00e1stechnikai \u00e9lm\u00e9ny\u00e9t ezzel a megb\u00edzhat\u00f3 \u00e9s hat\u00e9kony hangsz\u00f3r\u00f3k\u00e9szlettel.<\/p>\n<p>V\u00e1s\u00e1rl\u00e1s el\u0151tt ellen\u0151rizze, hogy kompatibilis-e az adott laptopmodellj\u00e9vel.<\/p>\n","protected":false},"excerpt":{"rendered":"<p>Jav\u00edtsa a hangmin\u0151s\u00e9get HP ZBook 15 G1 G2 laptopj\u00e1n a HP ZBook 15 G1 G2 be\u00e9p\u00edtett hangsz\u00f3r\u00f3k\u00e9szlettel PK23000L000 734292-001. \u00c9lvezze a jobb hangtisztas\u00e1got \u00e9s a mag\u00e1val ragad\u00f3 hang\u00e9lm\u00e9nyt.<\/p>\n","protected":false},"featured_media":3448,"template":"","meta":[],"product_brand":[],"product_cat":[18],"product_tag":[25],"class_list":{"0":"post-3412","1":"product","2":"type-product","3":"status-publish","4":"has-post-thumbnail","6":"product_cat-laptop-speakers","7":"product_tag-hp","9":"first","10":"instock","11":"taxable","12":"shipping-taxable","13":"purchasable","14":"product-type-simple"},"_links":{"self":[{"href":"https:\/\/boreait.com\/hu\/wp-json\/wp\/v2\/product\/3412","targetHints":{"allow":["GET"]}}],"collection":[{"href":"https:\/\/boreait.com\/hu\/wp-json\/wp\/v2\/product"}],"about":[{"href":"https:\/\/boreait.com\/hu\/wp-json\/wp\/v2\/types\/product"}],"wp:featuredmedia":[{"embeddable":true,"href":"https:\/\/boreait.com\/hu\/wp-json\/wp\/v2\/media\/3448"}],"wp:attachment":[{"href":"https:\/\/boreait.com\/hu\/wp-json\/wp\/v2\/media?parent=3412"}],"wp:term":[{"taxonomy":"product_brand","embeddable":true,"href":"https:\/\/boreait.com\/hu\/wp-json\/wp\/v2\/product_brand?post=3412"},{"taxonomy":"product_cat","embeddable":true,"href":"https:\/\/boreait.com\/hu\/wp-json\/wp\/v2\/product_cat?post=3412"},{"taxonomy":"product_tag","embeddable":true,"href":"https:\/\/boreait.com\/hu\/wp-json\/wp\/v2\/product_tag?post=3412"}],"curies":[{"name":"wp","href":"https:\/\/api.w.org\/{rel}","templated":true}]}}