{"id":3411,"date":"2025-09-17T10:41:26","date_gmt":"2025-09-17T08:41:26","guid":{"rendered":"https:\/\/boreait.com\/hu\/?post_type=product&#038;p=3411"},"modified":"2026-01-08T07:55:40","modified_gmt":"2026-01-08T06:55:40","slug":"dell-latitude-e5440-huto-hutoborda-at0wq0020cl-55rtx-055rtx-cn-055rtx","status":"publish","type":"product","link":"https:\/\/boreait.com\/hu\/termek\/dell-latitude-e5440-huto-hutoborda-at0wq0020cl-55rtx-055rtx-cn-055rtx\/","title":{"rendered":"Dell Latitude E5440 h\u0171t\u0151 h\u0171t\u0151borda AT0WQ0020CL 55RTX 055RTX CN-055RTX"},"content":{"rendered":"<p>Optimaliz\u00e1lja Dell Latitude E5440 laptopja h\u0171t\u00e9si teljes\u00edtm\u00e9ny\u00e9t a Dell Latitude E5440 AT0WQ0020CL 55RTX h\u0171t\u0151 h\u0171t\u0151bord\u00e1val. A laptop h\u0151kezel\u00e9s\u00e9nek jav\u00edt\u00e1s\u00e1ra tervezett eredeti h\u0171t\u00e9si h\u0171t\u0151borda hat\u00e9kony h\u0151elvezet\u00e9st \u00e9s jobb rendszerstabilit\u00e1st biztos\u00edt a jobb sz\u00e1m\u00edt\u00e1stechnikai \u00e9lm\u00e9ny \u00e9rdek\u00e9ben.<\/p>\n<p>A Dell, a sz\u00e1m\u00edt\u00e1stechnika megb\u00edzhat\u00f3 vezet\u0151 gy\u00e1rt\u00f3ja \u00e1ltal gy\u00e1rtott Dell Latitude E5440 AT0WQ0020CL 55RTX h\u0171t\u0151 h\u0171t\u0151bord\u00e1t \u00fagy tervezt\u00e9k, hogy megb\u00edzhat\u00f3 h\u0171t\u00e9si teljes\u00edtm\u00e9nyt ny\u00fajtson. A laptop bels\u0151 rendszereinek alapvet\u0151 elemek\u00e9nt ez a h\u0171t\u0151borda d\u00f6nt\u0151 szerepet j\u00e1tszik a t\u00falmeleged\u00e9s megel\u0151z\u00e9s\u00e9ben \u00e9s az optim\u00e1lis m\u0171k\u00f6d\u00e9si h\u0151m\u00e9rs\u00e9klet fenntart\u00e1s\u00e1ban.<\/p>\n<p>Ak\u00e1r er\u0151forr\u00e1s-ig\u00e9nyes alkalmaz\u00e1sokat futtat, ak\u00e1r t\u00f6bbfeladatos munk\u00e1t v\u00e9gez, ak\u00e1r j\u00e1t\u00e9kokat folytat, ez a h\u0171t\u0151borda az \u00d6n \u00e1ltal elv\u00e1rt hat\u00e9konys\u00e1got biztos\u00edtja. Hat\u00e9konyan elnyeli \u00e9s elvezeti a CPU \u00e1ltal termelt h\u0151t, lehet\u0151v\u00e9 t\u00e9ve, hogy laptopja a legjobb teljes\u00edtm\u00e9nyt ny\u00fajtsa a t\u00falmeleged\u00e9sb\u0151l ered\u0151 teljes\u00edtm\u00e9nyprobl\u00e9m\u00e1k kock\u00e1zata n\u00e9lk\u00fcl.<\/p>\n<p>A telep\u00edt\u00e9s egyszer\u0171 a laptop eredeti alkatr\u00e9szeihez igazod\u00f3 kialak\u00edt\u00e1snak k\u00f6sz\u00f6nhet\u0151en. Az eredeti Dell alkatr\u00e9szek kiv\u00e1laszt\u00e1s\u00e1val laptopja h\u0151kezel\u00e9s\u00e9nek min\u0151s\u00e9g\u00e9be \u00e9s megb\u00edzhat\u00f3s\u00e1g\u00e1ba fektet be.<\/p>\n<p>N\u00f6velje laptopja h\u0171t\u00e9si teljes\u00edtm\u00e9ny\u00e9t a Dell Latitude E5440 AT0WQ0020CL 55RTX h\u0171t\u0151 h\u0171t\u0151bord\u00e1val. \u00c9lvezze a tov\u00e1bbfejlesztett h\u0151kezel\u00e9st, a jobb rendszerstabilit\u00e1st \u00e9s az optimaliz\u00e1lt teljes\u00edtm\u00e9nyt Latitude E5440 k\u00e9sz\u00fcl\u00e9k\u00e9n. N\u00f6velje sz\u00e1m\u00edt\u00e1stechnikai \u00e9lm\u00e9ny\u00e9t ezzel a megb\u00edzhat\u00f3 \u00e9s hat\u00e9kony h\u0171t\u0151bord\u00e1val.<\/p>\n<p>V\u00e1s\u00e1rl\u00e1s el\u0151tt ellen\u0151rizze, hogy kompatibilis-e az adott laptopmodellj\u00e9vel.<\/p>\n","protected":false},"excerpt":{"rendered":"<p>Optimaliz\u00e1lja Dell Latitude E5440 laptopja h\u0171t\u00e9s\u00e9t a Dell Latitude E5440 AT0WQ0020CL 55RTX h\u0171t\u0151bord\u00e1val. \u00c9lvezze a hat\u00e9kony h\u0151elvezet\u00e9st \u00e9s a rendszer jobb stabilit\u00e1s\u00e1t.<\/p>\n","protected":false},"featured_media":3447,"template":"","meta":[],"product_brand":[],"product_cat":[33],"product_tag":[17],"class_list":{"0":"post-3411","1":"product","2":"type-product","3":"status-publish","4":"has-post-thumbnail","6":"product_cat-cpu-fans-heatsinks","7":"product_tag-dell","9":"first","10":"instock","11":"taxable","12":"shipping-taxable","13":"purchasable","14":"product-type-simple"},"_links":{"self":[{"href":"https:\/\/boreait.com\/hu\/wp-json\/wp\/v2\/product\/3411","targetHints":{"allow":["GET"]}}],"collection":[{"href":"https:\/\/boreait.com\/hu\/wp-json\/wp\/v2\/product"}],"about":[{"href":"https:\/\/boreait.com\/hu\/wp-json\/wp\/v2\/types\/product"}],"wp:featuredmedia":[{"embeddable":true,"href":"https:\/\/boreait.com\/hu\/wp-json\/wp\/v2\/media\/3447"}],"wp:attachment":[{"href":"https:\/\/boreait.com\/hu\/wp-json\/wp\/v2\/media?parent=3411"}],"wp:term":[{"taxonomy":"product_brand","embeddable":true,"href":"https:\/\/boreait.com\/hu\/wp-json\/wp\/v2\/product_brand?post=3411"},{"taxonomy":"product_cat","embeddable":true,"href":"https:\/\/boreait.com\/hu\/wp-json\/wp\/v2\/product_cat?post=3411"},{"taxonomy":"product_tag","embeddable":true,"href":"https:\/\/boreait.com\/hu\/wp-json\/wp\/v2\/product_tag?post=3411"}],"curies":[{"name":"wp","href":"https:\/\/api.w.org\/{rel}","templated":true}]}}