{"id":3399,"date":"2025-09-17T10:41:04","date_gmt":"2025-09-17T08:41:04","guid":{"rendered":"https:\/\/boreait.com\/hu\/?post_type=product&#038;p=3399"},"modified":"2026-01-08T07:55:21","modified_gmt":"2026-01-08T06:55:21","slug":"disszipacios-hutoborda-at1540040f0f-acer-aspire-e5-571","status":"publish","type":"product","link":"https:\/\/boreait.com\/hu\/termek\/disszipacios-hutoborda-at1540040f0f-acer-aspire-e5-571\/","title":{"rendered":"Disszip\u00e1ci\u00f3s h\u0171t\u0151borda AT1540040F0F ACER Aspire E5-571"},"content":{"rendered":"<p>N\u00f6velje ACER Aspire E5-571 laptopja h\u0151teljes\u00edtm\u00e9ny\u00e9t a Dissipateur AT1540040F0F seg\u00edts\u00e9g\u00e9vel. A laptop h\u0151elvezet\u00e9si k\u00e9pess\u00e9geinek optimaliz\u00e1l\u00e1s\u00e1ra kialak\u00edtott, val\u00f3di disszip\u00e1tor hat\u00e9kony h\u0171t\u00e9st \u00e9s jobb rendszerstabilit\u00e1st biztos\u00edt a jobb sz\u00e1m\u00edt\u00e1stechnikai \u00e9lm\u00e9ny \u00e9rdek\u00e9ben.<\/p>\n<p>Az ACER Aspire E5-571-hez, a sz\u00e1m\u00edt\u00e1stechnik\u00e1ban egy megb\u00edzhat\u00f3 n\u00e9vhez gy\u00e1rtott Dissipateur AT1540040F0F megb\u00edzhat\u00f3 h\u0151elvezet\u00e9st biztos\u00edt. A laptop h\u0171t\u0151rendszer\u00e9nek n\u00e9lk\u00fcl\u00f6zhetetlen elemek\u00e9nt ez az elvezet\u0151 d\u00f6nt\u0151 szerepet j\u00e1tszik az optim\u00e1lis \u00fczemi h\u0151m\u00e9rs\u00e9klet fenntart\u00e1s\u00e1ban \u00e9s a t\u00falmeleged\u00e9s megel\u0151z\u00e9s\u00e9ben.<\/p>\n<p>Ak\u00e1r meger\u0151ltet\u0151 feladatokat v\u00e9gez, ak\u00e1r j\u00e1t\u00e9kokat, ak\u00e1r er\u0151forr\u00e1s-ig\u00e9nyes alkalmaz\u00e1sokat haszn\u00e1l, ez az eloszt\u00f3 biztos\u00edtja az \u00d6n \u00e1ltal elv\u00e1rt k\u00e9nyelmet \u00e9s hat\u00e9konys\u00e1got. Az\u00e1ltal, hogy hat\u00e9konyan elvezeti a h\u0151t a kritikus alkatr\u00e9szekr\u0151l, seg\u00edt megel\u0151zni a h\u0151fojt\u00e1st, amely negat\u00edvan befoly\u00e1solhatja a teljes\u00edtm\u00e9nyt \u00e9s a hossz\u00fa \u00e9lettartamot.<\/p>\n<p>A telep\u00edt\u00e9s egyszer\u0171 a laptop eredeti alkatr\u00e9szeihez igazod\u00f3 kialak\u00edt\u00e1snak k\u00f6sz\u00f6nhet\u0151en. Az eredeti ACER alkatr\u00e9szek kiv\u00e1laszt\u00e1s\u00e1val laptopja h\u0151kezel\u00e9s\u00e9nek min\u0151s\u00e9g\u00e9be \u00e9s megb\u00edzhat\u00f3s\u00e1g\u00e1ba fektet be.<\/p>\n<p>N\u00f6velje laptopja h\u0151teljes\u00edtm\u00e9ny\u00e9t az ACER Aspire E5-571-hez k\u00e9sz\u00fclt Dissipateur AT1540040F0F k\u00e9sz\u00fcl\u00e9kkel. \u00c9lvezze a jobb h\u0151elvezet\u00e9st, a fokozott rendszerstabilit\u00e1st \u00e9s az optim\u00e1lis teljes\u00edtm\u00e9nyt m\u00e9g az ig\u00e9nyes feladatok sor\u00e1n is. N\u00f6velje sz\u00e1m\u00edt\u00e1stechnikai \u00e9lm\u00e9ny\u00e9t ezzel a megb\u00edzhat\u00f3 \u00e9s hat\u00e9kony eloszt\u00f3val.<\/p>\n<p>V\u00e1s\u00e1rl\u00e1s el\u0151tt ellen\u0151rizze, hogy kompatibilis-e az adott laptopmodellj\u00e9vel.<\/p>\n","protected":false},"excerpt":{"rendered":"<p>Fokozza a h\u0151elvezet\u00e9st ACER Aspire E5-571 laptopj\u00e1n a Dissipateur AT1540040F0F seg\u00edts\u00e9g\u00e9vel. \u00c9lvezze a jobb h\u0151kezel\u00e9st \u00e9s a rendszerstabilit\u00e1st.<\/p>\n","protected":false},"featured_media":3446,"template":"","meta":[],"product_brand":[],"product_cat":[33],"product_tag":[29],"class_list":{"0":"post-3399","1":"product","2":"type-product","3":"status-publish","4":"has-post-thumbnail","6":"product_cat-cpu-fans-heatsinks","7":"product_tag-acer","9":"first","10":"instock","11":"taxable","12":"shipping-taxable","13":"purchasable","14":"product-type-simple"},"_links":{"self":[{"href":"https:\/\/boreait.com\/hu\/wp-json\/wp\/v2\/product\/3399","targetHints":{"allow":["GET"]}}],"collection":[{"href":"https:\/\/boreait.com\/hu\/wp-json\/wp\/v2\/product"}],"about":[{"href":"https:\/\/boreait.com\/hu\/wp-json\/wp\/v2\/types\/product"}],"wp:featuredmedia":[{"embeddable":true,"href":"https:\/\/boreait.com\/hu\/wp-json\/wp\/v2\/media\/3446"}],"wp:attachment":[{"href":"https:\/\/boreait.com\/hu\/wp-json\/wp\/v2\/media?parent=3399"}],"wp:term":[{"taxonomy":"product_brand","embeddable":true,"href":"https:\/\/boreait.com\/hu\/wp-json\/wp\/v2\/product_brand?post=3399"},{"taxonomy":"product_cat","embeddable":true,"href":"https:\/\/boreait.com\/hu\/wp-json\/wp\/v2\/product_cat?post=3399"},{"taxonomy":"product_tag","embeddable":true,"href":"https:\/\/boreait.com\/hu\/wp-json\/wp\/v2\/product_tag?post=3399"}],"curies":[{"name":"wp","href":"https:\/\/api.w.org\/{rel}","templated":true}]}}