{"id":3397,"date":"2025-09-17T10:41:03","date_gmt":"2025-09-17T08:41:03","guid":{"rendered":"https:\/\/boreait.com\/hu\/?post_type=product&#038;p=3397"},"modified":"2026-01-08T07:54:46","modified_gmt":"2026-01-08T06:54:46","slug":"hutoborda-ventilator-hp-compaq-6830s-491979-001-ventilator-hutobordahoz","status":"publish","type":"product","link":"https:\/\/boreait.com\/hu\/termek\/hutoborda-ventilator-hp-compaq-6830s-491979-001-ventilator-hutobordahoz\/","title":{"rendered":"H\u0171t\u0151borda ventil\u00e1tor HP COMPAQ 6830s &#8211; 491979-001 ventil\u00e1tor h\u0171t\u0151bord\u00e1hoz"},"content":{"rendered":"<p>N\u00f6velje HP Compaq 6830s laptopja h\u0171t\u00e9si hat\u00e9konys\u00e1g\u00e1t \u00e9s teljes\u00edtm\u00e9ny\u00e9t a HP Compaq 6830s h\u0171t\u0151borda ventil\u00e1tor\u00e1val \u2013 491979-001. A laptop h\u0151kezel\u00e9s\u00e9nek optimaliz\u00e1l\u00e1s\u00e1ra tervezett eredeti h\u0171t\u0151borda-ventil\u00e1tor-szerelv\u00e9ny z\u00f6kken\u0151mentes integr\u00e1ci\u00f3t \u00e9s jobb h\u0151elvezet\u00e9st biztos\u00edt a jobb sz\u00e1m\u00edt\u00e1stechnikai \u00e9lm\u00e9ny \u00e9rdek\u00e9ben.<\/p>\n<p>A HP Compaq 6830s sz\u00e1m\u00e1ra gy\u00e1rtott, megb\u00edzhat\u00f3 n\u00e9v a sz\u00e1m\u00edt\u00e1stechnik\u00e1ban, a HP Compaq 6830s &#8211; 491979-001 sz\u00e1m\u00fa h\u0171t\u0151bordaventil\u00e1tort \u00fagy tervezt\u00e9k, hogy megb\u00edzhat\u00f3 h\u0171t\u00e9st biztos\u00edtson. A laptop bels\u0151 rendszereinek alapvet\u0151 elemek\u00e9nt ez a h\u0171t\u0151borda-ventil\u00e1tor-szerelv\u00e9ny d\u00f6nt\u0151 szerepet j\u00e1tszik az optim\u00e1lis m\u0171k\u00f6d\u00e9si h\u0151m\u00e9rs\u00e9klet fenntart\u00e1s\u00e1ban.<\/p>\n<p>Ak\u00e1r er\u0151forr\u00e1sig\u00e9nyes feladatokon, ak\u00e1r j\u00e1t\u00e9kon vagy multim\u00e9di\u00e1s tev\u00e9kenys\u00e9gen dolgozik, ez a h\u0171t\u0151borda ventil\u00e1torszerelv\u00e9ny biztos\u00edtja a sz\u00fcks\u00e9ges h\u0171t\u00e9si hat\u00e9konys\u00e1got. Hat\u00e9konyan elvezeti a laptop alkatr\u00e9szei \u00e1ltal termelt h\u0151t, megakad\u00e1lyozza a t\u00falmeleged\u00e9st, \u00e9s stabil teljes\u00edtm\u00e9nyt biztos\u00edt m\u00e9g ig\u00e9nyes haszn\u00e1lati forgat\u00f3k\u00f6nyvek eset\u00e9n is.<\/p>\n<p>A telep\u00edt\u00e9s egyszer\u0171 a laptop eredeti alkatr\u00e9szeihez igazod\u00f3 kialak\u00edt\u00e1snak k\u00f6sz\u00f6nhet\u0151en. Az eredeti HP alkatr\u00e9szek kiv\u00e1laszt\u00e1s\u00e1val laptopja h\u0151kezel\u00e9s\u00e9nek min\u0151s\u00e9g\u00e9be \u00e9s megb\u00edzhat\u00f3s\u00e1g\u00e1ba fektet be.<\/p>\n<p>N\u00f6velje laptopja h\u0171t\u00e9si hat\u00e9konys\u00e1g\u00e1t a HP Compaq 6830s h\u0171t\u0151borda ventil\u00e1tor\u00e1val \u2013 491979-001. \u00c9lvezze a jobb h\u0151elvezet\u00e9st, a stabil teljes\u00edtm\u00e9nyt \u00e9s az optim\u00e1lis m\u0171k\u00f6d\u00e9si h\u0151m\u00e9rs\u00e9kletet HP Compaq 6830s k\u00e9sz\u00fcl\u00e9k\u00e9n. N\u00f6velje sz\u00e1m\u00edt\u00e1stechnikai \u00e9lm\u00e9ny\u00e9t ezzel a megb\u00edzhat\u00f3 \u00e9s hat\u00e9kony h\u0171t\u0151borda-ventil\u00e1tor szerelv\u00e9nnyel.<\/p>\n<p>V\u00e1s\u00e1rl\u00e1s el\u0151tt ellen\u0151rizze, hogy kompatibilis-e az adott laptopmodellj\u00e9vel.<\/p>\n","protected":false},"excerpt":{"rendered":"<p>N\u00f6velje HP Compaq 6830s laptopja h\u0171t\u00e9si hat\u00e9konys\u00e1g\u00e1t a HP Compaq 6830s h\u0171t\u0151borda ventil\u00e1tor\u00e1val \u2013 491979-001. \u00c9lvezze a jobb h\u0151elvezet\u00e9st \u00e9s a stabil teljes\u00edtm\u00e9nyt.<\/p>\n","protected":false},"featured_media":3444,"template":"","meta":[],"product_brand":[],"product_cat":[33],"product_tag":[25],"class_list":{"0":"post-3397","1":"product","2":"type-product","3":"status-publish","4":"has-post-thumbnail","6":"product_cat-cpu-fans-heatsinks","7":"product_tag-hp","9":"first","10":"instock","11":"taxable","12":"shipping-taxable","13":"purchasable","14":"product-type-simple"},"_links":{"self":[{"href":"https:\/\/boreait.com\/hu\/wp-json\/wp\/v2\/product\/3397","targetHints":{"allow":["GET"]}}],"collection":[{"href":"https:\/\/boreait.com\/hu\/wp-json\/wp\/v2\/product"}],"about":[{"href":"https:\/\/boreait.com\/hu\/wp-json\/wp\/v2\/types\/product"}],"wp:featuredmedia":[{"embeddable":true,"href":"https:\/\/boreait.com\/hu\/wp-json\/wp\/v2\/media\/3444"}],"wp:attachment":[{"href":"https:\/\/boreait.com\/hu\/wp-json\/wp\/v2\/media?parent=3397"}],"wp:term":[{"taxonomy":"product_brand","embeddable":true,"href":"https:\/\/boreait.com\/hu\/wp-json\/wp\/v2\/product_brand?post=3397"},{"taxonomy":"product_cat","embeddable":true,"href":"https:\/\/boreait.com\/hu\/wp-json\/wp\/v2\/product_cat?post=3397"},{"taxonomy":"product_tag","embeddable":true,"href":"https:\/\/boreait.com\/hu\/wp-json\/wp\/v2\/product_tag?post=3397"}],"curies":[{"name":"wp","href":"https:\/\/api.w.org\/{rel}","templated":true}]}}