{"id":3396,"date":"2025-09-17T10:41:03","date_gmt":"2025-09-17T08:41:03","guid":{"rendered":"https:\/\/boreait.com\/hu\/?post_type=product&#038;p=3396"},"modified":"2026-01-07T14:59:26","modified_gmt":"2026-01-07T13:59:26","slug":"0j79d1-at2qm0020k0-dell-inspiron-3493-5493-gold-laptop-huto-hutobordahoz","status":"publish","type":"product","link":"https:\/\/boreait.com\/hu\/termek\/0j79d1-at2qm0020k0-dell-inspiron-3493-5493-gold-laptop-huto-hutobordahoz\/","title":{"rendered":"0J79D1 AT2QM0020K0 DELL Inspiron 3493 5493 Gold laptop h\u0171t\u0151 h\u0171t\u0151bord\u00e1hoz"},"content":{"rendered":"<p>N\u00f6velje Dell Inspiron 3493 \u00e9s 5493 Gold laptopja h\u0151teljes\u00edtm\u00e9ny\u00e9t a 0J79D1 AT2QM0020K0 laptop h\u0171t\u0151bord\u00e1val. A laptop h\u0171t\u00e9si hat\u00e9konys\u00e1g\u00e1nak optimaliz\u00e1l\u00e1s\u00e1ra k\u00e9sz\u00fclt, ez az eredeti h\u0171t\u0151borda z\u00f6kken\u0151mentes integr\u00e1ci\u00f3t \u00e9s jobb h\u0151elvezet\u00e9st biztos\u00edt a jobb sz\u00e1m\u00edt\u00e1stechnikai \u00e9lm\u00e9ny \u00e9rdek\u00e9ben.<\/p>\n<p>A sz\u00e1m\u00edt\u00e1stechnika megb\u00edzhat\u00f3 vezet\u0151j\u00e9nek sz\u00e1m\u00edt\u00f3 Dell sz\u00e1m\u00e1ra gy\u00e1rtott 0J79D1 AT2QM0020K0 laptoph\u0171t\u0151 h\u0171t\u0151borda megb\u00edzhat\u00f3 h\u0151m\u00e9rs\u00e9kletkezel\u00e9st biztos\u00edt. A laptop bels\u0151 rendszereinek alapvet\u0151 elemek\u00e9nt ez a h\u0171t\u0151borda kulcsfontoss\u00e1g\u00fa szerepet j\u00e1tszik az optim\u00e1lis m\u0171k\u00f6d\u00e9si h\u0151m\u00e9rs\u00e9klet fenntart\u00e1s\u00e1ban \u00e9s a t\u00falmeleged\u00e9s megel\u0151z\u00e9s\u00e9ben.<\/p>\n<p>Ak\u00e1r er\u0151forr\u00e1s-ig\u00e9nyes feladatokat hajt v\u00e9gre, ak\u00e1r j\u00e1t\u00e9kot, ak\u00e1r t\u00f6bbfeladatos munk\u00e1t v\u00e9gez, ez a h\u0171t\u0151borda biztos\u00edtja azt a k\u00e9nyelmet \u00e9s hat\u00e9konys\u00e1got, amelyre sz\u00fcks\u00e9ge van laptopja h\u0151m\u00e9rs\u00e9klet\u00e9nek ellen\u0151rz\u00e9s alatt tart\u00e1s\u00e1hoz. A h\u0171t\u0151borda prec\u00edzi\u00f3s kialak\u00edt\u00e1sa maximaliz\u00e1lja annak h\u0171t\u00e9si kapacit\u00e1s\u00e1t, biztos\u00edtva ezzel, hogy laptopja a legjobb teljes\u00edtm\u00e9nyszinten m\u0171k\u00f6dj\u00f6n.<\/p>\n<p>A telep\u00edt\u00e9s egyszer\u0171 a laptop eredeti alkatr\u00e9szeihez igazod\u00f3 kialak\u00edt\u00e1snak k\u00f6sz\u00f6nhet\u0151en. Az eredeti Dell alkatr\u00e9szek kiv\u00e1laszt\u00e1s\u00e1val laptopja h\u0151kezel\u00e9s\u00e9nek min\u0151s\u00e9g\u00e9be \u00e9s megb\u00edzhat\u00f3s\u00e1g\u00e1ba fektet be.<\/p>\n<p>N\u00f6velje laptopja h\u0171t\u00e9si hat\u00e9konys\u00e1g\u00e1t a 0J79D1 AT2QM0020K0 laptop h\u0171t\u0151bord\u00e1val a Dell Inspiron 3493 \u00e9s 5493 Gold laptopokhoz. \u00c9lvezze a jobb h\u0151m\u00e9rs\u00e9klet-szab\u00e1lyoz\u00e1st, az optim\u00e1lis teljes\u00edtm\u00e9nyt \u00e9s a hat\u00e9kony h\u0151elvezet\u00e9st. N\u00f6velje sz\u00e1m\u00edt\u00e1stechnikai \u00e9lm\u00e9ny\u00e9t ezzel a megb\u00edzhat\u00f3 \u00e9s hat\u00e9kony h\u0171t\u0151bord\u00e1val.<\/p>\n<p>V\u00e1s\u00e1rl\u00e1s el\u0151tt ellen\u0151rizze, hogy kompatibilis-e az adott laptopmodellj\u00e9vel.<\/p>\n","protected":false},"excerpt":{"rendered":"<p>N\u00f6velje Dell Inspiron 3493 \u00e9s 5493 Gold laptopja h\u0151teljes\u00edtm\u00e9ny\u00e9t a 0J79D1 AT2QM0020K0 laptop h\u0171t\u0151bord\u00e1val. \u00c9lvezze a jobb h\u0151elvezet\u00e9st \u00e9s a hat\u00e9kony h\u0151m\u00e9rs\u00e9kletszab\u00e1lyoz\u00e1st.<\/p>\n","protected":false},"featured_media":3443,"template":"","meta":[],"product_brand":[],"product_cat":[33],"product_tag":[17],"class_list":{"0":"post-3396","1":"product","2":"type-product","3":"status-publish","4":"has-post-thumbnail","6":"product_cat-cpu-fans-heatsinks","7":"product_tag-dell","9":"first","10":"instock","11":"taxable","12":"shipping-taxable","13":"purchasable","14":"product-type-simple"},"_links":{"self":[{"href":"https:\/\/boreait.com\/hu\/wp-json\/wp\/v2\/product\/3396","targetHints":{"allow":["GET"]}}],"collection":[{"href":"https:\/\/boreait.com\/hu\/wp-json\/wp\/v2\/product"}],"about":[{"href":"https:\/\/boreait.com\/hu\/wp-json\/wp\/v2\/types\/product"}],"wp:featuredmedia":[{"embeddable":true,"href":"https:\/\/boreait.com\/hu\/wp-json\/wp\/v2\/media\/3443"}],"wp:attachment":[{"href":"https:\/\/boreait.com\/hu\/wp-json\/wp\/v2\/media?parent=3396"}],"wp:term":[{"taxonomy":"product_brand","embeddable":true,"href":"https:\/\/boreait.com\/hu\/wp-json\/wp\/v2\/product_brand?post=3396"},{"taxonomy":"product_cat","embeddable":true,"href":"https:\/\/boreait.com\/hu\/wp-json\/wp\/v2\/product_cat?post=3396"},{"taxonomy":"product_tag","embeddable":true,"href":"https:\/\/boreait.com\/hu\/wp-json\/wp\/v2\/product_tag?post=3396"}],"curies":[{"name":"wp","href":"https:\/\/api.w.org\/{rel}","templated":true}]}}