{"id":3395,"date":"2025-09-17T10:41:03","date_gmt":"2025-09-17T08:41:03","guid":{"rendered":"https:\/\/boreait.com\/hu\/?post_type=product&#038;p=3395"},"modified":"2026-01-07T14:59:10","modified_gmt":"2026-01-07T13:59:10","slug":"dell-e5450-laptop-processzorhuto-hutoborda-ventilatorhoz-cn-010yhd-010yhd-10yhd","status":"publish","type":"product","link":"https:\/\/boreait.com\/hu\/termek\/dell-e5450-laptop-processzorhuto-hutoborda-ventilatorhoz-cn-010yhd-010yhd-10yhd\/","title":{"rendered":"DELL E5450 laptop processzorh\u0171t\u0151 h\u0171t\u0151borda-ventil\u00e1torhoz CN-010YHD 010YHD 10YHD"},"content":{"rendered":"<p>Biztos\u00edtsa az optim\u00e1lis h\u0151teljes\u00edtm\u00e9nyt DELL E5450 laptopja sz\u00e1m\u00e1ra a DELL E5450 laptop processzorh\u0171t\u0151 h\u0171t\u0151borda ventil\u00e1tor\u00e1val CN-010YHD 010YHD 10YHD. A h\u0171t\u00e9si hat\u00e9konys\u00e1g n\u00f6vel\u00e9s\u00e9re kialak\u00edtott eredeti h\u0171t\u00e9si megold\u00e1s z\u00f6kken\u0151mentes integr\u00e1ci\u00f3t \u00e9s jobb h\u0151kezel\u00e9st biztos\u00edt a jobb sz\u00e1m\u00edt\u00e1stechnikai \u00e9lm\u00e9ny \u00e9rdek\u00e9ben.<\/p>\n<p>A DELL, a sz\u00e1m\u00edt\u00e1stechnika egyik megb\u00edzhat\u00f3 neve \u00e1ltal gy\u00e1rtott DELL E5450 laptop processzorh\u0171t\u0151 h\u0171t\u0151borda ventil\u00e1tora CN-010YHD 010YHD 10YHD megb\u00edzhat\u00f3 h\u0151elvezet\u00e9st biztos\u00edt a laptop CPU-ja sz\u00e1m\u00e1ra. A laptop bels\u0151 rendszereinek kritikus elemek\u00e9nt ez a h\u0171t\u0151borda \u00e9s ventil\u00e1tor szerelv\u00e9ny d\u00f6nt\u0151 szerepet j\u00e1tszik az optim\u00e1lis m\u0171k\u00f6d\u00e9si h\u0151m\u00e9rs\u00e9klet fenntart\u00e1s\u00e1ban.<\/p>\n<p>Ak\u00e1r er\u0151forr\u00e1s-ig\u00e9nyes feladatokat, ak\u00e1r t\u00f6bbfeladatot v\u00e9gez, ez a h\u0171t\u00e9si megold\u00e1s megakad\u00e1lyozza a t\u00falmeleged\u00e9st, \u00e9s egyenletes teljes\u00edtm\u00e9nyt biztos\u00edt. A kiv\u00e1l\u00f3 min\u0151s\u00e9g\u0171 h\u0171t\u0151borda \u00e9s a hat\u00e9kony l\u00e9g\u00e1raml\u00e1st biztos\u00edt\u00f3 ventil\u00e1tor kombin\u00e1ci\u00f3ja lehet\u0151v\u00e9 teszi a laptop CPU-h\u0151m\u00e9rs\u00e9klet\u00e9nek ellen\u0151rz\u00e9s\u00e9t m\u00e9g nagy ig\u00e9nybev\u00e9tel mellett is.<\/p>\n<p>A telep\u00edt\u00e9s egyszer\u0171 a laptop eredeti alkatr\u00e9szeihez igazod\u00f3 kialak\u00edt\u00e1snak k\u00f6sz\u00f6nhet\u0151en. Az eredeti DELL alkatr\u00e9szek kiv\u00e1laszt\u00e1s\u00e1val laptopja h\u0151kezel\u00e9s\u00e9nek min\u0151s\u00e9g\u00e9be \u00e9s megb\u00edzhat\u00f3s\u00e1g\u00e1ba fektet be.<\/p>\n<p>N\u00f6velje laptopja h\u0171t\u00e9si teljes\u00edtm\u00e9ny\u00e9t a DELL E5450 laptop CPU h\u0171t\u0151borda h\u0171t\u0151ventill\u00e1tor\u00e1val CN-010YHD 010YHD 10YHD. \u00c9lvezze a tov\u00e1bbfejlesztett h\u0151kezel\u00e9st, megel\u0151zze a t\u00falmeleged\u00e9st, \u00e9s biztos\u00edtsa az optim\u00e1lis CPU-teljes\u00edtm\u00e9nyt DELL E5450 k\u00e9sz\u00fcl\u00e9k\u00e9n. N\u00f6velje sz\u00e1m\u00edt\u00e1stechnikai \u00e9lm\u00e9ny\u00e9t ezzel a megb\u00edzhat\u00f3 \u00e9s hat\u00e9kony h\u0171t\u00e9si megold\u00e1ssal.<\/p>\n<p>V\u00e1s\u00e1rl\u00e1s el\u0151tt ellen\u0151rizze, hogy kompatibilis-e az adott laptopmodellj\u00e9vel.<\/p>\n","protected":false},"excerpt":{"rendered":"<p>Fokozza a h\u0171t\u00e9si teljes\u00edtm\u00e9nyt DELL E5450 laptopj\u00e1n a DELL E5450 laptop processzorh\u0171t\u0151 h\u0171t\u0151borda ventil\u00e1torral CN-010YHD 010YHD 10YHD. Megakad\u00e1lyozza a t\u00falmeleged\u00e9st \u00e9s biztos\u00edtsa az optim\u00e1lis CPU teljes\u00edtm\u00e9nyt.<\/p>\n","protected":false},"featured_media":3432,"template":"","meta":[],"product_brand":[],"product_cat":[33],"product_tag":[17],"class_list":{"0":"post-3395","1":"product","2":"type-product","3":"status-publish","4":"has-post-thumbnail","6":"product_cat-cpu-fans-heatsinks","7":"product_tag-dell","9":"first","10":"instock","11":"taxable","12":"shipping-taxable","13":"purchasable","14":"product-type-simple"},"_links":{"self":[{"href":"https:\/\/boreait.com\/hu\/wp-json\/wp\/v2\/product\/3395","targetHints":{"allow":["GET"]}}],"collection":[{"href":"https:\/\/boreait.com\/hu\/wp-json\/wp\/v2\/product"}],"about":[{"href":"https:\/\/boreait.com\/hu\/wp-json\/wp\/v2\/types\/product"}],"wp:featuredmedia":[{"embeddable":true,"href":"https:\/\/boreait.com\/hu\/wp-json\/wp\/v2\/media\/3432"}],"wp:attachment":[{"href":"https:\/\/boreait.com\/hu\/wp-json\/wp\/v2\/media?parent=3395"}],"wp:term":[{"taxonomy":"product_brand","embeddable":true,"href":"https:\/\/boreait.com\/hu\/wp-json\/wp\/v2\/product_brand?post=3395"},{"taxonomy":"product_cat","embeddable":true,"href":"https:\/\/boreait.com\/hu\/wp-json\/wp\/v2\/product_cat?post=3395"},{"taxonomy":"product_tag","embeddable":true,"href":"https:\/\/boreait.com\/hu\/wp-json\/wp\/v2\/product_tag?post=3395"}],"curies":[{"name":"wp","href":"https:\/\/api.w.org\/{rel}","templated":true}]}}