{"id":3381,"date":"2025-09-17T10:40:41","date_gmt":"2025-09-17T08:40:41","guid":{"rendered":"https:\/\/boreait.com\/hu\/?post_type=product&#038;p=3381"},"modified":"2025-09-17T10:41:45","modified_gmt":"2025-09-17T08:41:45","slug":"csak-hp-elitebook-8730w-cpu-hutoborda-639475-001","status":"publish","type":"product","link":"https:\/\/boreait.com\/hu\/termek\/csak-hp-elitebook-8730w-cpu-hutoborda-639475-001\/","title":{"rendered":"Csak HP Elitebook 8730w CPU h\u0171t\u0151borda 639475-001"},"content":{"rendered":"<p>N\u00f6velje HP EliteBook 8730w laptopja h\u0151teljes\u00edtm\u00e9ny\u00e9t a HP EliteBook 8730w csak CPU h\u0171t\u0151bord\u00e1val 639475-001. A laptop h\u0171t\u00e9si k\u00e9pess\u00e9g\u00e9nek optimaliz\u00e1l\u00e1s\u00e1ra tervezett eredeti h\u0171t\u0151borda z\u00f6kken\u0151mentes integr\u00e1ci\u00f3t \u00e9s jobb h\u0151kezel\u00e9st biztos\u00edt a jobb sz\u00e1m\u00edt\u00e1stechnikai \u00e9lm\u00e9ny \u00e9rdek\u00e9ben.<\/p>\n<p>A HP, a sz\u00e1m\u00edt\u00e1stechnika megb\u00edzhat\u00f3 vezet\u0151 gy\u00e1rt\u00f3ja \u00e1ltal gy\u00e1rtott HP EliteBook 8730w CPU Only Heatsink 639475-001 \u00fagy lett kialak\u00edtva, hogy megb\u00edzhat\u00f3 h\u0171t\u00e9st biztos\u00edtson laptopja CPU-j\u00e1nak. A laptop bels\u0151 rendszereinek alapvet\u0151 elemek\u00e9nt ez a h\u0171t\u0151borda kulcsfontoss\u00e1g\u00fa szerepet j\u00e1tszik az optim\u00e1lis m\u0171k\u00f6d\u00e9si h\u0151m\u00e9rs\u00e9klet fenntart\u00e1s\u00e1ban.<\/p>\n<p>Ak\u00e1r er\u0151forr\u00e1s-ig\u00e9nyes feladatokat v\u00e9gez, ak\u00e1r j\u00e1t\u00e9kot, ak\u00e1r ig\u00e9nyes alkalmaz\u00e1sokat v\u00e9gez, ez a h\u0171t\u0151borda az \u00d6n \u00e1ltal elv\u00e1rt hat\u00e9konys\u00e1got \u00e9s h\u0171t\u00e9si teljes\u00edtm\u00e9nyt biztos\u00edtja. Az\u00e1ltal, hogy hat\u00e9konyan elvezeti a h\u0151t a CPU-r\u00f3l, megakad\u00e1lyozza a h\u0151szab\u00e1lyoz\u00e1st, \u00edgy m\u00e9g nagy terhel\u00e9s eset\u00e9n is egyenletes teljes\u00edtm\u00e9nyt biztos\u00edt.<\/p>\n<p>A telep\u00edt\u00e9s egyszer\u0171 a laptop eredeti alkatr\u00e9szeihez igazod\u00f3 kialak\u00edt\u00e1snak k\u00f6sz\u00f6nhet\u0151en. Az eredeti HP alkatr\u00e9szek kiv\u00e1laszt\u00e1s\u00e1val laptopja h\u0151kezel\u00e9s\u00e9nek min\u0151s\u00e9g\u00e9be \u00e9s megb\u00edzhat\u00f3s\u00e1g\u00e1ba fektet be.<\/p>\n<p>Friss\u00edtse laptopja h\u0171t\u00e9si k\u00e9pess\u00e9geit a HP EliteBook 8730w, csak CPU 639475-001 h\u0171t\u0151bord\u00e1val. \u00c9lvezze a jobb h\u0151teljes\u00edtm\u00e9nyt, megakad\u00e1lyozza a t\u00falmeleged\u00e9st, \u00e9s tartsa fenn az egyenletes processzorteljes\u00edtm\u00e9nyt EliteBook 8730w-n. N\u00f6velje sz\u00e1m\u00edt\u00e1stechnikai \u00e9lm\u00e9ny\u00e9t ezzel a megb\u00edzhat\u00f3 \u00e9s hat\u00e9kony h\u0171t\u0151bord\u00e1val.<\/p>\n<p>V\u00e1s\u00e1rl\u00e1s el\u0151tt ellen\u0151rizze, hogy kompatibilis-e az adott laptopmodellj\u00e9vel.<\/p>\n","protected":false},"excerpt":{"rendered":"<p>Fokozza a h\u0151kezel\u00e9st HP EliteBook 8730w laptopj\u00e1n a HP EliteBook 8730w csak CPU h\u0171t\u0151bord\u00e1val 639475-001. \u00c9lvezze a jobb h\u0171t\u00e9si teljes\u00edtm\u00e9nyt, \u00e9s akad\u00e1lyozza meg a t\u00falmeleged\u00e9st a folyamatos CPU teljes\u00edtm\u00e9ny \u00e9rdek\u00e9ben.<\/p>\n","protected":false},"featured_media":3431,"template":"","meta":[],"product_brand":[],"product_cat":[33],"product_tag":[],"class_list":{"0":"post-3381","1":"product","2":"type-product","3":"status-publish","4":"has-post-thumbnail","6":"product_cat-cpu-fans-heatsinks","8":"first","9":"instock","10":"taxable","11":"shipping-taxable","12":"purchasable","13":"product-type-simple"},"_links":{"self":[{"href":"https:\/\/boreait.com\/hu\/wp-json\/wp\/v2\/product\/3381","targetHints":{"allow":["GET"]}}],"collection":[{"href":"https:\/\/boreait.com\/hu\/wp-json\/wp\/v2\/product"}],"about":[{"href":"https:\/\/boreait.com\/hu\/wp-json\/wp\/v2\/types\/product"}],"wp:featuredmedia":[{"embeddable":true,"href":"https:\/\/boreait.com\/hu\/wp-json\/wp\/v2\/media\/3431"}],"wp:attachment":[{"href":"https:\/\/boreait.com\/hu\/wp-json\/wp\/v2\/media?parent=3381"}],"wp:term":[{"taxonomy":"product_brand","embeddable":true,"href":"https:\/\/boreait.com\/hu\/wp-json\/wp\/v2\/product_brand?post=3381"},{"taxonomy":"product_cat","embeddable":true,"href":"https:\/\/boreait.com\/hu\/wp-json\/wp\/v2\/product_cat?post=3381"},{"taxonomy":"product_tag","embeddable":true,"href":"https:\/\/boreait.com\/hu\/wp-json\/wp\/v2\/product_tag?post=3381"}],"curies":[{"name":"wp","href":"https:\/\/api.w.org\/{rel}","templated":true}]}}