{"id":3377,"date":"2025-09-17T10:40:41","date_gmt":"2025-09-17T08:40:41","guid":{"rendered":"https:\/\/boreait.com\/hu\/?post_type=product&#038;p=3377"},"modified":"2025-09-17T10:41:39","modified_gmt":"2025-09-17T08:41:39","slug":"usb-audiokartya-010172q00-j09-g-hp-probook-6570b-elitebook-8570p-keszulekekhez","status":"publish","type":"product","link":"https:\/\/boreait.com\/hu\/termek\/usb-audiokartya-010172q00-j09-g-hp-probook-6570b-elitebook-8570p-keszulekekhez\/","title":{"rendered":"USB &#8211; Audiok\u00e1rtya 010172Q00-J09-G HP Probook 6570b, Elitebook 8570p k\u00e9sz\u00fcl\u00e9kekhez"},"content":{"rendered":"<p>N\u00f6velje HP ProBook 6570b \u00e9s EliteBook 8570p laptopjainak csatlakoztathat\u00f3s\u00e1g\u00e1t \u00e9s audiok\u00e9pess\u00e9geit az USB &#8211; Audio Board 010172Q00-J09-G seg\u00edts\u00e9g\u00e9vel. A laptopok csatlakoz\u00e1si lehet\u0151s\u00e9geinek \u00e9s audiofunkci\u00f3inak optimaliz\u00e1l\u00e1s\u00e1ra k\u00e9sz\u00fclt, ez az eredeti alaplap z\u00f6kken\u0151mentes integr\u00e1ci\u00f3t \u00e9s tov\u00e1bbfejlesztett sokoldal\u00fas\u00e1got biztos\u00edt a jobb sz\u00e1m\u00edt\u00e1stechnikai \u00e9lm\u00e9ny \u00e9rdek\u00e9ben.<\/p>\n<p>A HP ProBook 6570b \u00e9s EliteBook 8570p, a sz\u00e1m\u00edt\u00e1stechnik\u00e1ban elismert nevek sz\u00e1m\u00e1ra gy\u00e1rtott USB &#8211; Audio Board 010172Q00-J09-G megb\u00edzhat\u00f3 csatlakoz\u00e1st \u00e9s fokozott hangteljes\u00edtm\u00e9nyt biztos\u00edt. A laptopok bels\u0151 rendszereinek alapvet\u0151 elemek\u00e9nt ez az alaplap kulcsfontoss\u00e1g\u00fa szerepet j\u00e1tszik a csatlakoz\u00e1si lehet\u0151s\u00e9gek \u00e9s a hangmin\u0151s\u00e9g b\u0151v\u00edt\u00e9s\u00e9ben.<\/p>\n<p>Ak\u00e1r USB-eszk\u00f6z\u00f6ket, fejhallgat\u00f3kat, mikrofonokat vagy k\u00fcls\u0151 audioberendez\u00e9seket kell csatlakoztatnia, ez az alaplap az \u00d6n \u00e1ltal elv\u00e1rt k\u00e9nyelmet \u00e9s hat\u00e9konys\u00e1got biztos\u00edtja. Az USB-csatlakoz\u00e1s \u00e9s a tov\u00e1bbfejlesztett hangkimeneti funkci\u00f3k egyetlen k\u00e1rty\u00e1n t\u00f6rt\u00e9n\u0151 kombin\u00e1ci\u00f3ja lehet\u0151v\u00e9 teszi a munkafolyamatok egyszer\u0171s\u00edt\u00e9s\u00e9t \u00e9s a multim\u00e9di\u00e1s \u00e9lm\u00e9ny fokoz\u00e1s\u00e1t.<\/p>\n<p>A telep\u00edt\u00e9s egyszer\u0171 a laptopok eredeti alkatr\u00e9szeihez igazod\u00f3 kialak\u00edt\u00e1snak k\u00f6sz\u00f6nhet\u0151en. Az eredeti HP alkatr\u00e9szek kiv\u00e1laszt\u00e1s\u00e1val laptopja csatlakoztathat\u00f3s\u00e1g\u00e1nak \u00e9s audiofunkci\u00f3inak min\u0151s\u00e9g\u00e9be \u00e9s megb\u00edzhat\u00f3s\u00e1g\u00e1ba fektet be.<\/p>\n<p>Friss\u00edtse laptopjai csatlakoztathat\u00f3s\u00e1g\u00e1t \u00e9s audiok\u00e9pess\u00e9geit az USB &#8211; 010172Q00-J09-G audiok\u00e1rty\u00e1val a HP ProBook 6570b \u00e9s EliteBook 8570p k\u00e9sz\u00fcl\u00e9kekhez. \u00c9lvezze a b\u0151v\u00edtett csatlakoz\u00e1si lehet\u0151s\u00e9geket, a jobb hangteljes\u00edtm\u00e9nyt \u00e9s a sokoldal\u00fa multim\u00e9di\u00e1s \u00e9lm\u00e9nyt ProBook 6570b \u00e9s EliteBook 8570p k\u00e9sz\u00fcl\u00e9k\u00e9n. N\u00f6velje sz\u00e1m\u00edt\u00e1stechnikai \u00e9lm\u00e9ny\u00e9t ezzel a megb\u00edzhat\u00f3 \u00e9s hat\u00e9kony t\u00e1bl\u00e1val.<\/p>\n<p>V\u00e1s\u00e1rl\u00e1s el\u0151tt ellen\u0151rizze, hogy kompatibilis-e az adott laptopmodellj\u00e9vel.<\/p>\n","protected":false},"excerpt":{"rendered":"<p>N\u00f6velje a csatlakoztathat\u00f3s\u00e1got \u00e9s a hangteljes\u00edtm\u00e9nyt HP ProBook 6570b \u00e9s EliteBook 8570p laptopjain az USB &#8211; Audio Board 010172Q00-J09-G seg\u00edts\u00e9g\u00e9vel. \u00c9lvezze az USB-kapcsolat b\u0151v\u00edtett lehet\u0151s\u00e9geit \u00e9s a tov\u00e1bbfejlesztett hang\u00e9lm\u00e9nyt.<\/p>\n","protected":false},"featured_media":3427,"template":"","meta":[],"product_brand":[],"product_cat":[27],"product_tag":[25],"class_list":{"0":"post-3377","1":"product","2":"type-product","3":"status-publish","4":"has-post-thumbnail","6":"product_cat-motherboards-board-parts","7":"product_tag-hp","9":"first","10":"instock","11":"taxable","12":"shipping-taxable","13":"purchasable","14":"product-type-simple"},"_links":{"self":[{"href":"https:\/\/boreait.com\/hu\/wp-json\/wp\/v2\/product\/3377","targetHints":{"allow":["GET"]}}],"collection":[{"href":"https:\/\/boreait.com\/hu\/wp-json\/wp\/v2\/product"}],"about":[{"href":"https:\/\/boreait.com\/hu\/wp-json\/wp\/v2\/types\/product"}],"wp:featuredmedia":[{"embeddable":true,"href":"https:\/\/boreait.com\/hu\/wp-json\/wp\/v2\/media\/3427"}],"wp:attachment":[{"href":"https:\/\/boreait.com\/hu\/wp-json\/wp\/v2\/media?parent=3377"}],"wp:term":[{"taxonomy":"product_brand","embeddable":true,"href":"https:\/\/boreait.com\/hu\/wp-json\/wp\/v2\/product_brand?post=3377"},{"taxonomy":"product_cat","embeddable":true,"href":"https:\/\/boreait.com\/hu\/wp-json\/wp\/v2\/product_cat?post=3377"},{"taxonomy":"product_tag","embeddable":true,"href":"https:\/\/boreait.com\/hu\/wp-json\/wp\/v2\/product_tag?post=3377"}],"curies":[{"name":"wp","href":"https:\/\/api.w.org\/{rel}","templated":true}]}}