{"id":3376,"date":"2025-09-17T10:40:41","date_gmt":"2025-09-17T08:40:41","guid":{"rendered":"https:\/\/boreait.com\/hu\/?post_type=product&#038;p=3376"},"modified":"2025-09-17T10:41:37","modified_gmt":"2025-09-17T08:41:37","slug":"eredeti-laptop-tok-hp-elitebook-folio-1040-g3-laptop-lcd-hatlap-tetejen-haz-hatso-fedel-csere-46y0flctp20","status":"publish","type":"product","link":"https:\/\/boreait.com\/hu\/termek\/eredeti-laptop-tok-hp-elitebook-folio-1040-g3-laptop-lcd-hatlap-tetejen-haz-hatso-fedel-csere-46y0flctp20\/","title":{"rendered":"Eredeti laptop tok HP EliteBook Folio 1040 G3 laptop LCD h\u00e1tlap tetej\u00e9n h\u00e1z h\u00e1ts\u00f3 fed\u00e9l csere 46Y0FLCTP20"},"content":{"rendered":"<p>N\u00f6velje HP EliteBook Folio 1040 G3 laptopja eszt\u00e9tik\u00e1j\u00e1t \u00e9s v\u00e9delm\u00e9t a HP EliteBook Folio 1040 G3 laptop LCD-hez k\u00e9sz\u00fclt eredeti laptoptokkal, h\u00e1tlap h\u00e1tlapja fels\u0151 h\u00e1z H\u00e1ts\u00f3 fed\u00e9l csere 46Y0FLCTP20. A laptop megjelen\u00e9s\u00e9nek \u00e9s tart\u00f3ss\u00e1g\u00e1nak optimaliz\u00e1l\u00e1s\u00e1ra tervezett eredeti laptoptok z\u00f6kken\u0151mentes integr\u00e1ci\u00f3t \u00e9s jobb eszt\u00e9tikai megjelen\u00e9st biztos\u00edt a jobb sz\u00e1m\u00edt\u00e1stechnikai \u00e9lm\u00e9ny \u00e9rdek\u00e9ben.<\/p>\n<p>A HP, a sz\u00e1m\u00edt\u00e1stechnika megb\u00edzhat\u00f3 vezet\u0151 gy\u00e1rt\u00f3ja \u00e1ltal gy\u00e1rtott eredeti laptoptok a HP EliteBook Folio 1040 G3 sz\u00e1m\u00e1ra \u00fagy lett kialak\u00edtva, hogy t\u00f6k\u00e9letes illeszked\u00e9st \u00e9s tart\u00f3s v\u00e9delmet biztos\u00edtson laptopj\u00e1nak. Ez a tok laptopja k\u00fclsej\u00e9nek alapvet\u0151 elemek\u00e9nt kulcsszerepet j\u00e1tszik eszk\u00f6ze v\u00e9delm\u00e9ben \u00e9s vizu\u00e1lis vonzerej\u00e9nek fokoz\u00e1s\u00e1ban.<\/p>\n<p>Ak\u00e1r profi, aki \u00e9rt\u00e9keli az eleg\u00e1ns \u00e9s professzion\u00e1lis megjelen\u00e9st, vagy olyan felhaszn\u00e1l\u00f3, aki v\u00e9delmet k\u00edv\u00e1n laptopja l\u00e9tfontoss\u00e1g\u00fa alkatr\u00e9szeihez, ez a laptoptok az \u00d6n \u00e1ltal elv\u00e1rt k\u00e9nyelmet \u00e9s tart\u00f3ss\u00e1got k\u00edn\u00e1lja. Az eredeti kialak\u00edt\u00e1s biztos\u00edtja a pontos illeszked\u00e9st, meg\u0151rzi a laptop szerkezet\u00e9nek integrit\u00e1s\u00e1t.<\/p>\n<p>A telep\u00edt\u00e9s egyszer\u0171 a laptop eredeti alkatr\u00e9szeihez igazod\u00f3 kialak\u00edt\u00e1snak k\u00f6sz\u00f6nhet\u0151en. Az eredeti HP alkatr\u00e9szek kiv\u00e1laszt\u00e1s\u00e1val a laptop k\u00fclsej\u00e9nek min\u0151s\u00e9g\u00e9be, eszt\u00e9tik\u00e1j\u00e1ba \u00e9s tart\u00f3ss\u00e1g\u00e1ba fektet be.<\/p>\n<p>Friss\u00edtse laptopja megjelen\u00e9s\u00e9t \u00e9s v\u00e9delm\u00e9t a HP EliteBook Folio 1040 G3 laptop LCD-hez k\u00e9sz\u00fclt eredeti laptoptokkal. H\u00e1ts\u00f3 bor\u00edt\u00f3 fels\u0151 h\u00e1z H\u00e1ts\u00f3 fed\u00e9l csere 46Y0FLCTP20. \u00c9lvezze az EliteBook Folio 1040 G3 tov\u00e1bbfejlesztett eszt\u00e9tik\u00e1j\u00e1t, tart\u00f3s v\u00e9delmet \u00e9s fokozott vizu\u00e1lis vonzer\u0151t. N\u00f6velje sz\u00e1m\u00edt\u00e1stechnikai \u00e9lm\u00e9ny\u00e9t ezzel a megb\u00edzhat\u00f3 \u00e9s hat\u00e9kony laptoptokkal.<\/p>\n<p>V\u00e1s\u00e1rl\u00e1s el\u0151tt ellen\u0151rizze, hogy kompatibilis-e az adott laptopmodellj\u00e9vel.<\/p>\n","protected":false},"excerpt":{"rendered":"<p>Fokozza HP EliteBook Folio 1040 G3 laptopja megjelen\u00e9s\u00e9t \u00e9s v\u00e9delm\u00e9t az eredeti laptoptok cser\u00e9j\u00e9vel. \u00c9lvezze a tov\u00e1bbfejlesztett eszt\u00e9tik\u00e1t \u00e9s a tart\u00f3s v\u00e9delmet k\u00e9sz\u00fcl\u00e9ke k\u00fclsej\u00e9n.<\/p>\n","protected":false},"featured_media":3425,"template":"","meta":[],"product_brand":[],"product_cat":[16],"product_tag":[25],"class_list":{"0":"post-3376","1":"product","2":"type-product","3":"status-publish","4":"has-post-thumbnail","6":"product_cat-laptop-housing","7":"product_tag-hp","9":"first","10":"instock","11":"taxable","12":"shipping-taxable","13":"purchasable","14":"product-type-simple"},"_links":{"self":[{"href":"https:\/\/boreait.com\/hu\/wp-json\/wp\/v2\/product\/3376","targetHints":{"allow":["GET"]}}],"collection":[{"href":"https:\/\/boreait.com\/hu\/wp-json\/wp\/v2\/product"}],"about":[{"href":"https:\/\/boreait.com\/hu\/wp-json\/wp\/v2\/types\/product"}],"wp:featuredmedia":[{"embeddable":true,"href":"https:\/\/boreait.com\/hu\/wp-json\/wp\/v2\/media\/3425"}],"wp:attachment":[{"href":"https:\/\/boreait.com\/hu\/wp-json\/wp\/v2\/media?parent=3376"}],"wp:term":[{"taxonomy":"product_brand","embeddable":true,"href":"https:\/\/boreait.com\/hu\/wp-json\/wp\/v2\/product_brand?post=3376"},{"taxonomy":"product_cat","embeddable":true,"href":"https:\/\/boreait.com\/hu\/wp-json\/wp\/v2\/product_cat?post=3376"},{"taxonomy":"product_tag","embeddable":true,"href":"https:\/\/boreait.com\/hu\/wp-json\/wp\/v2\/product_tag?post=3376"}],"curies":[{"name":"wp","href":"https:\/\/api.w.org\/{rel}","templated":true}]}}