{"id":3360,"date":"2025-09-17T10:40:14","date_gmt":"2025-09-17T08:40:14","guid":{"rendered":"https:\/\/boreait.com\/hu\/?post_type=product&#038;p=3360"},"modified":"2025-09-17T10:41:34","modified_gmt":"2025-09-17T08:41:34","slug":"lenovo-thinkpad-l440-l540-dc-kabel-tapcsatlakozo-csatlakozo-04x4830-4x4830","status":"publish","type":"product","link":"https:\/\/boreait.com\/hu\/termek\/lenovo-thinkpad-l440-l540-dc-kabel-tapcsatlakozo-csatlakozo-04x4830-4x4830\/","title":{"rendered":"Lenovo Thinkpad L440 L540 DC k\u00e1bel t\u00e1pcsatlakoz\u00f3 csatlakoz\u00f3 04X4830 4X4830"},"content":{"rendered":"<p>N\u00f6velje Lenovo ThinkPad L440 \u00e9s L540 laptopjai t\u00e1pell\u00e1t\u00e1s\u00e1t a Lenovo ThinkPad L440 L540 DC 04X4830 4X4830 csatlakoz\u00f3s k\u00e1belt\u00e1pcsatlakoz\u00f3val. A laptop t\u00e1pell\u00e1t\u00e1s\u00e1nak optimaliz\u00e1l\u00e1s\u00e1ra tervezt\u00e9k, ez az eredeti DC bemeneti k\u00e1bel \u00e9s t\u00e1pcsatlakoz\u00f3 z\u00f6kken\u0151mentes integr\u00e1ci\u00f3t \u00e9s megb\u00edzhat\u00f3 t\u00e1pell\u00e1t\u00e1st biztos\u00edt a tov\u00e1bbfejlesztett sz\u00e1m\u00edt\u00e1stechnikai \u00e9lm\u00e9ny \u00e9rdek\u00e9ben.<\/p>\n<p>A Lenovo, a sz\u00e1m\u00edt\u00e1stechnika megb\u00edzhat\u00f3 vezet\u0151 gy\u00e1rt\u00f3ja \u00e1ltal gy\u00e1rtott Lenovo ThinkPad L440 L540 DC 04X4830 4X4830 k\u00e1belt\u00e1pcsatlakoz\u00f3s csatlakoz\u00f3val megb\u00edzhat\u00f3 t\u00e1pell\u00e1t\u00e1st \u00e9s csatlakoz\u00e1st biztos\u00edt. Ez a k\u00e1bel- \u00e9s csatlakoz\u00f3k\u00e9szlet a laptop t\u00e1pell\u00e1t\u00e1si rendszer\u00e9nek alapvet\u0151 elemek\u00e9nt kulcsszerepet j\u00e1tszik a folyamatos \u00e1ramell\u00e1t\u00e1s fenntart\u00e1s\u00e1ban.<\/p>\n<p>Ak\u00e1r laptopj\u00e1t t\u00f6lti, perif\u00e9ri\u00e1kat haszn\u00e1l, ak\u00e1r megb\u00edzhat\u00f3 t\u00e1pcsatlakoz\u00e1st tart fenn, ez a DC bemeneti k\u00e1bel \u00e9s t\u00e1pcsatlakoz\u00f3 az \u00d6n \u00e1ltal elv\u00e1rt k\u00e9nyelmet \u00e9s hat\u00e9konys\u00e1got biztos\u00edtja. A k\u00e1bel tart\u00f3ss\u00e1g\u00e1nak \u00e9s a biztons\u00e1gos t\u00e1pcsatlakoz\u00f3-csatlakoz\u00e1s egyetlen k\u00e9szletben val\u00f3 kombin\u00e1ci\u00f3ja biztos\u00edtja, hogy laptopja megkapja a sz\u00fcks\u00e9ges t\u00e1pell\u00e1t\u00e1st.<\/p>\n<p>A telep\u00edt\u00e9s egyszer\u0171 a laptop eredeti alkatr\u00e9szeihez igazod\u00f3 kialak\u00edt\u00e1snak k\u00f6sz\u00f6nhet\u0151en. Az eredeti Lenovo alkatr\u00e9szek kiv\u00e1laszt\u00e1s\u00e1val laptopja t\u00e1pell\u00e1t\u00e1s\u00e1nak \u00e9s csatlakoz\u00e1s\u00e1nak min\u0151s\u00e9g\u00e9be \u00e9s megb\u00edzhat\u00f3s\u00e1g\u00e1ba fektet be.<\/p>\n<p>Friss\u00edtse laptopja t\u00e1pell\u00e1t\u00e1s\u00e1t a Lenovo ThinkPad L440 L540 DC 04X4830 4X4830 k\u00e1bel t\u00e1pcsatlakoz\u00f3 csatlakoz\u00f3j\u00e1val. \u00c9lvezze a folyamatos t\u00e1pell\u00e1t\u00e1st, a biztons\u00e1gos csatlakoz\u00e1st \u00e9s a megb\u00edzhat\u00f3 t\u00e1pell\u00e1t\u00e1st ThinkPad L440 \u00e9s L540 laptopjain. N\u00f6velje sz\u00e1m\u00edt\u00e1stechnikai \u00e9lm\u00e9ny\u00e9t ezzel a megb\u00edzhat\u00f3 \u00e9s hat\u00e9kony k\u00e1bel- \u00e9s csatlakoz\u00f3k\u00e9szlettel.<\/p>\n<p>V\u00e1s\u00e1rl\u00e1s el\u0151tt ellen\u0151rizze, hogy kompatibilis-e az adott laptopmodellj\u00e9vel.<\/p>\n","protected":false},"excerpt":{"rendered":"<p>N\u00f6velje a Lenovo ThinkPad L440 \u00e9s L540 laptopok t\u00e1pell\u00e1t\u00e1s\u00e1t a Lenovo ThinkPad L440 L540 DC 04X4830 4X4830 k\u00e1bel t\u00e1pcsatlakoz\u00f3 csatlakoz\u00f3j\u00e1val. \u00c9lvezze a folyamatos t\u00e1pell\u00e1t\u00e1st \u00e9s a biztons\u00e1gos t\u00e1pell\u00e1t\u00e1st.<\/p>\n","protected":false},"featured_media":3424,"template":"","meta":[],"product_brand":[],"product_cat":[20],"product_tag":[26],"class_list":{"0":"post-3360","1":"product","2":"type-product","3":"status-publish","4":"has-post-thumbnail","6":"product_cat-cables","7":"product_tag-lenovo","9":"first","10":"instock","11":"taxable","12":"shipping-taxable","13":"purchasable","14":"product-type-simple"},"_links":{"self":[{"href":"https:\/\/boreait.com\/hu\/wp-json\/wp\/v2\/product\/3360","targetHints":{"allow":["GET"]}}],"collection":[{"href":"https:\/\/boreait.com\/hu\/wp-json\/wp\/v2\/product"}],"about":[{"href":"https:\/\/boreait.com\/hu\/wp-json\/wp\/v2\/types\/product"}],"wp:featuredmedia":[{"embeddable":true,"href":"https:\/\/boreait.com\/hu\/wp-json\/wp\/v2\/media\/3424"}],"wp:attachment":[{"href":"https:\/\/boreait.com\/hu\/wp-json\/wp\/v2\/media?parent=3360"}],"wp:term":[{"taxonomy":"product_brand","embeddable":true,"href":"https:\/\/boreait.com\/hu\/wp-json\/wp\/v2\/product_brand?post=3360"},{"taxonomy":"product_cat","embeddable":true,"href":"https:\/\/boreait.com\/hu\/wp-json\/wp\/v2\/product_cat?post=3360"},{"taxonomy":"product_tag","embeddable":true,"href":"https:\/\/boreait.com\/hu\/wp-json\/wp\/v2\/product_tag?post=3360"}],"curies":[{"name":"wp","href":"https:\/\/api.w.org\/{rel}","templated":true}]}}