{"id":3359,"date":"2025-09-17T10:40:14","date_gmt":"2025-09-17T08:40:14","guid":{"rendered":"https:\/\/boreait.com\/hu\/?post_type=product&#038;p=3359"},"modified":"2025-09-17T10:41:32","modified_gmt":"2025-09-17T08:41:32","slug":"lenovo-thinkpad-l540-haz-also-alapburkolata","status":"publish","type":"product","link":"https:\/\/boreait.com\/hu\/termek\/lenovo-thinkpad-l540-haz-also-alapburkolata\/","title":{"rendered":"Lenovo ThinkPad L540 h\u00e1z als\u00f3 alapburkolata"},"content":{"rendered":"<p>N\u00f6velje Lenovo ThinkPad L540 laptopja v\u00e9delm\u00e9t \u00e9s eszt\u00e9tik\u00e1j\u00e1t a Lenovo ThinkPad L540 h\u00e1z als\u00f3 alapburkolat\u00e1val. A laptop tart\u00f3ss\u00e1g\u00e1nak \u00e9s vizu\u00e1lis vonzerej\u00e9nek optimaliz\u00e1l\u00e1s\u00e1ra k\u00e9sz\u00fclt, ez az eredeti als\u00f3 alapburkolat z\u00f6kken\u0151mentes integr\u00e1ci\u00f3t \u00e9s tov\u00e1bbfejlesztett \u00e1ltal\u00e1nos kialak\u00edt\u00e1st biztos\u00edt a jobb sz\u00e1m\u00edt\u00e1stechnikai \u00e9lm\u00e9ny \u00e9rdek\u00e9ben.<\/p>\n<p>A Lenovo, a sz\u00e1m\u00edt\u00e1stechnika megb\u00edzhat\u00f3 vezet\u0151 gy\u00e1rt\u00f3ja \u00e1ltal gy\u00e1rtott Lenovo ThinkPad L540 Enclosure Bottom Base Cover \u00fagy lett kialak\u00edtva, hogy megb\u00edzhat\u00f3 v\u00e9delmet ny\u00fajtson laptopja bels\u0151 alkatr\u00e9szei sz\u00e1m\u00e1ra. A laptop szerkezeti integrit\u00e1s\u00e1nak alapvet\u0151 elemek\u00e9nt ez az als\u00f3 alapburkolat kulcsszerepet j\u00e1tszik eszk\u00f6ze v\u00e9delm\u00e9ben.<\/p>\n<p>Ak\u00e1r egy elhaszn\u00e1l\u00f3dott als\u00f3 fedelet szeretne cser\u00e9lni, ak\u00e1r laptopja megjelen\u00e9s\u00e9t szeretn\u00e9 szem\u00e9lyre szabni, ez a burkolat az \u00d6n \u00e1ltal k\u00edv\u00e1nt k\u00e9nyelmet \u00e9s eszt\u00e9tikai megjelen\u00e9st k\u00edn\u00e1lja. Az eleg\u00e1ns kialak\u00edt\u00e1s \u00e9s a tart\u00f3s fel\u00e9p\u00edt\u00e9s nemcsak v\u00e9delmet ny\u00fajt, hanem hozz\u00e1j\u00e1rul Lenovo ThinkPad L540 \u00e1ltal\u00e1nos professzion\u00e1lis megjelen\u00e9s\u00e9hez.<\/p>\n<p>A telep\u00edt\u00e9s egyszer\u0171 a laptop eredeti alkatr\u00e9szeihez igazod\u00f3 kialak\u00edt\u00e1snak k\u00f6sz\u00f6nhet\u0151en. Az eredeti Lenovo alkatr\u00e9szek kiv\u00e1laszt\u00e1s\u00e1val laptopja min\u0151s\u00e9g\u00e9be, megb\u00edzhat\u00f3s\u00e1g\u00e1ba \u00e9s l\u00e1tv\u00e1nyoss\u00e1g\u00e1ba fektet be.<\/p>\n<p>N\u00f6velje Lenovo ThinkPad L540 laptopja v\u00e9delm\u00e9t \u00e9s eszt\u00e9tik\u00e1j\u00e1t a Lenovo ThinkPad L540 h\u00e1z als\u00f3 fedel\u00e9vel. \u00c9lvezze ThinkPad L540 megn\u00f6velt tart\u00f3ss\u00e1g\u00e1t, tov\u00e1bbfejlesztett kialak\u00edt\u00e1s\u00e1t \u00e9s szem\u00e9lyre szabott \u00e9rint\u00e9s\u00e9t. N\u00f6velje sz\u00e1m\u00edt\u00e1stechnikai \u00e9lm\u00e9ny\u00e9t ezzel a megb\u00edzhat\u00f3 \u00e9s hat\u00e9kony als\u00f3 alapburkolattal.<\/p>\n<p>V\u00e1s\u00e1rl\u00e1s el\u0151tt ellen\u0151rizze, hogy kompatibilis-e az adott laptopmodellj\u00e9vel.<\/p>\n","protected":false},"excerpt":{"rendered":"<p>Fokozza a Lenovo ThinkPad L540 laptop v\u00e9delm\u00e9t \u00e9s eszt\u00e9tik\u00e1j\u00e1t a Lenovo ThinkPad L540 h\u00e1z als\u00f3 fedel\u00e9vel. \u00c9lvezze a megn\u00f6velt tart\u00f3ss\u00e1got \u00e9s a szem\u00e9lyre szabott diz\u00e1jnt.<\/p>\n","protected":false},"featured_media":3422,"template":"","meta":[],"product_brand":[],"product_cat":[16],"product_tag":[26],"class_list":{"0":"post-3359","1":"product","2":"type-product","3":"status-publish","4":"has-post-thumbnail","6":"product_cat-laptop-housing","7":"product_tag-lenovo","9":"first","10":"instock","11":"taxable","12":"shipping-taxable","13":"purchasable","14":"product-type-simple"},"_links":{"self":[{"href":"https:\/\/boreait.com\/hu\/wp-json\/wp\/v2\/product\/3359","targetHints":{"allow":["GET"]}}],"collection":[{"href":"https:\/\/boreait.com\/hu\/wp-json\/wp\/v2\/product"}],"about":[{"href":"https:\/\/boreait.com\/hu\/wp-json\/wp\/v2\/types\/product"}],"wp:featuredmedia":[{"embeddable":true,"href":"https:\/\/boreait.com\/hu\/wp-json\/wp\/v2\/media\/3422"}],"wp:attachment":[{"href":"https:\/\/boreait.com\/hu\/wp-json\/wp\/v2\/media?parent=3359"}],"wp:term":[{"taxonomy":"product_brand","embeddable":true,"href":"https:\/\/boreait.com\/hu\/wp-json\/wp\/v2\/product_brand?post=3359"},{"taxonomy":"product_cat","embeddable":true,"href":"https:\/\/boreait.com\/hu\/wp-json\/wp\/v2\/product_cat?post=3359"},{"taxonomy":"product_tag","embeddable":true,"href":"https:\/\/boreait.com\/hu\/wp-json\/wp\/v2\/product_tag?post=3359"}],"curies":[{"name":"wp","href":"https:\/\/api.w.org\/{rel}","templated":true}]}}