{"id":3358,"date":"2025-09-17T10:40:14","date_gmt":"2025-09-17T08:40:14","guid":{"rendered":"https:\/\/boreait.com\/hu\/?post_type=product&#038;p=3358"},"modified":"2026-01-07T14:58:37","modified_gmt":"2026-01-07T13:58:37","slug":"hp-kabel-elitebook-8570p-hez-pn-35040aa00-gy0-g","status":"publish","type":"product","link":"https:\/\/boreait.com\/hu\/termek\/hp-kabel-elitebook-8570p-hez-pn-35040aa00-gy0-g\/","title":{"rendered":"HP-k\u00e1bel Elitebook 8570p-hez (PN: 35040AA00-GY0-G)"},"content":{"rendered":"<p>B\u0151v\u00edtse HP EliteBook 8570p laptopja funkcionalit\u00e1s\u00e1t \u00e9s teljes\u00edtm\u00e9ny\u00e9t a HP for EliteBook 8570p (PN: 35040AA00-GY0-G) seg\u00edts\u00e9g\u00e9vel. A laptop k\u00e9pess\u00e9geinek optimaliz\u00e1l\u00e1s\u00e1ra tervezett eredeti HP-tartoz\u00e9k z\u00f6kken\u0151mentes integr\u00e1ci\u00f3t \u00e9s jobb haszn\u00e1lhat\u00f3s\u00e1got biztos\u00edt a jobb sz\u00e1m\u00edt\u00e1stechnikai \u00e9lm\u00e9ny \u00e9rdek\u00e9ben.<\/p>\n<p>A HP, a sz\u00e1m\u00edt\u00e1stechnika egyik megb\u00edzhat\u00f3 vezet\u0151 gy\u00e1rt\u00f3ja, a HP for EliteBook 8570p (PN: 35040AA00-GY0-G) megb\u00edzhat\u00f3 teljes\u00edtm\u00e9nyt \u00e9s kiterjesztett funkcionalit\u00e1st biztos\u00edt. Hivatalos HP-tartoz\u00e9kk\u00e9nt ez a term\u00e9k t\u00f6k\u00e9letesen illeszkedik laptopja specifik\u00e1ci\u00f3ihoz, \u00e9s tov\u00e1bbfejleszti annak funkci\u00f3it.<\/p>\n<p>Ak\u00e1r elhaszn\u00e1l\u00f3dott alkatr\u00e9szt szeretne cser\u00e9lni, ak\u00e1r laptopja k\u00e9pess\u00e9geit szeretn\u00e9 b\u0151v\u00edteni, ez a tartoz\u00e9k az \u00d6n \u00e1ltal elv\u00e1rt k\u00e9nyelmet \u00e9s hat\u00e9konys\u00e1got biztos\u00edtja. Az EliteBook 8570p-vel val\u00f3 kompatibilit\u00e1sa z\u00f6kken\u0151mentes illeszked\u00e9st \u00e9s megfelel\u0151 funkcionalit\u00e1st biztos\u00edt, lehet\u0151v\u00e9 t\u00e9ve, hogy laptopj\u00e1t k\u00fcl\u00f6nf\u00e9le feladatokra \u00e9s alkalmaz\u00e1sokra optimaliz\u00e1lja.<\/p>\n<p>A telep\u00edt\u00e9s egyszer\u0171, a kieg\u00e9sz\u00edt\u0151t \u00fagy tervezt\u00e9k, hogy z\u00f6kken\u0151mentesen integr\u00e1l\u00f3djon a laptopj\u00e1ba. Az eredeti HP-tartoz\u00e9kok kiv\u00e1laszt\u00e1s\u00e1val laptopja min\u0151s\u00e9g\u00e9be \u00e9s megb\u00edzhat\u00f3s\u00e1g\u00e1ba fektet be.<\/p>\n<p>Friss\u00edtse laptopja k\u00e9pess\u00e9geit a HP for EliteBook 8570p (PN: 35040AA00-GY0-G) seg\u00edts\u00e9g\u00e9vel. \u00c9lvezze EliteBook 8570p kiterjesztett funkcionalit\u00e1s\u00e1t, jobb teljes\u00edtm\u00e9ny\u00e9t \u00e9s optimaliz\u00e1lt haszn\u00e1lhat\u00f3s\u00e1g\u00e1t. N\u00f6velje sz\u00e1m\u00edt\u00e1stechnikai \u00e9lm\u00e9ny\u00e9t ezzel a megb\u00edzhat\u00f3 \u00e9s hat\u00e9kony HP-tartoz\u00e9kkal.<\/p>\n<p>V\u00e1s\u00e1rl\u00e1s el\u0151tt ellen\u0151rizze, hogy kompatibilis-e az adott laptopmodellj\u00e9vel.<\/p>\n","protected":false},"excerpt":{"rendered":"<p>Fokozza HP EliteBook 8570p laptopja k\u00e9pess\u00e9geit az eredeti HP for EliteBook 8570p (PN: 35040AA00-GY0-G) tartoz\u00e9kkal. \u00c9lvezze a jobb teljes\u00edtm\u00e9nyt \u00e9s a kiterjesztett funkcionalit\u00e1st.<\/p>\n","protected":false},"featured_media":3421,"template":"","meta":[],"product_brand":[],"product_cat":[20],"product_tag":[25],"class_list":{"0":"post-3358","1":"product","2":"type-product","3":"status-publish","4":"has-post-thumbnail","6":"product_cat-cables","7":"product_tag-hp","9":"first","10":"instock","11":"taxable","12":"shipping-taxable","13":"purchasable","14":"product-type-simple"},"_links":{"self":[{"href":"https:\/\/boreait.com\/hu\/wp-json\/wp\/v2\/product\/3358","targetHints":{"allow":["GET"]}}],"collection":[{"href":"https:\/\/boreait.com\/hu\/wp-json\/wp\/v2\/product"}],"about":[{"href":"https:\/\/boreait.com\/hu\/wp-json\/wp\/v2\/types\/product"}],"wp:featuredmedia":[{"embeddable":true,"href":"https:\/\/boreait.com\/hu\/wp-json\/wp\/v2\/media\/3421"}],"wp:attachment":[{"href":"https:\/\/boreait.com\/hu\/wp-json\/wp\/v2\/media?parent=3358"}],"wp:term":[{"taxonomy":"product_brand","embeddable":true,"href":"https:\/\/boreait.com\/hu\/wp-json\/wp\/v2\/product_brand?post=3358"},{"taxonomy":"product_cat","embeddable":true,"href":"https:\/\/boreait.com\/hu\/wp-json\/wp\/v2\/product_cat?post=3358"},{"taxonomy":"product_tag","embeddable":true,"href":"https:\/\/boreait.com\/hu\/wp-json\/wp\/v2\/product_tag?post=3358"}],"curies":[{"name":"wp","href":"https:\/\/api.w.org\/{rel}","templated":true}]}}