{"id":3354,"date":"2025-09-17T10:40:14","date_gmt":"2025-09-17T08:40:14","guid":{"rendered":"https:\/\/boreait.com\/hu\/?post_type=product&#038;p=3354"},"modified":"2025-09-17T10:41:19","modified_gmt":"2025-09-17T08:41:19","slug":"laptop-fix-hangszoro-asus-a52-a52j-a52d-a52f-a52b-k52-k52j-k52d-beepitett-hangszorohoz","status":"publish","type":"product","link":"https:\/\/boreait.com\/hu\/termek\/laptop-fix-hangszoro-asus-a52-a52j-a52d-a52f-a52b-k52-k52j-k52d-beepitett-hangszorohoz\/","title":{"rendered":"Laptop Fix hangsz\u00f3r\u00f3 ASUS A52 A52J A52D A52F A52B K52 K52J K52D be\u00e9p\u00edtett hangsz\u00f3r\u00f3hoz"},"content":{"rendered":"<p>Fokozza ASUS A52, A52J, A52D, A52F, A52B, K52 \u00e9s K52J laptop hang\u00e9lm\u00e9ny\u00e9t az ASUS A52 A52J A52D A52F A52B K52 K52J be\u00e9p\u00edtett hangsz\u00f3r\u00f3hoz k\u00e9sz\u00fclt Laptop Fix hangsz\u00f3r\u00f3val. A laptop hangmin\u0151s\u00e9g\u00e9nek optimaliz\u00e1l\u00e1s\u00e1ra kialak\u00edtott, eredeti be\u00e9p\u00edtett hangsz\u00f3r\u00f3 z\u00f6kken\u0151mentes integr\u00e1ci\u00f3t \u00e9s jobb hangteljes\u00edtm\u00e9nyt biztos\u00edt a jobb sz\u00e1m\u00edt\u00e1stechnikai \u00e9lm\u00e9ny \u00e9rdek\u00e9ben.<\/p>\n<p>Az ASUS, a sz\u00e1m\u00edt\u00e1stechnika megb\u00edzhat\u00f3 vezet\u0151 gy\u00e1rt\u00f3ja \u00e1ltal gy\u00e1rtott Laptop Fix hangsz\u00f3r\u00f3 ASUS A52 A52J A52D A52F A52B K52 K52J be\u00e9p\u00edtett hangsz\u00f3r\u00f3hoz megb\u00edzhat\u00f3 hangteljes\u00edtm\u00e9nyt biztos\u00edt. A laptop bels\u0151 rendszereinek alapvet\u0151 elemek\u00e9nt ez a hangsz\u00f3r\u00f3 kulcsfontoss\u00e1g\u00fa szerepet j\u00e1tszik a tiszta \u00e9s \u00e9l\u00e9nk hangz\u00e1sban.<\/p>\n<p>Ak\u00e1r filmeket n\u00e9z, ak\u00e1r videokonferenci\u00e1n vesz r\u00e9szt, ak\u00e1r zen\u00e9t hallgat, ez a be\u00e9p\u00edtett hangsz\u00f3r\u00f3 jav\u00edtja a hang\u00e9lm\u00e9nyt. Prec\u00edzi\u00f3s tervez\u00e9se pontos hangvisszaad\u00e1st biztos\u00edt, kiv\u00e9teles tisztas\u00e1got \u00e9s m\u00e9lys\u00e9get biztos\u00edtva a laptop hangkimenet\u00e9hez.<\/p>\n<p>A telep\u00edt\u00e9s egyszer\u0171 a laptop eredeti alkatr\u00e9szeihez igazod\u00f3 kialak\u00edt\u00e1snak k\u00f6sz\u00f6nhet\u0151en. Az eredeti ASUS alkatr\u00e9szek kiv\u00e1laszt\u00e1s\u00e1val laptopja hangteljes\u00edtm\u00e9ny\u00e9nek min\u0151s\u00e9g\u00e9be \u00e9s megb\u00edzhat\u00f3s\u00e1g\u00e1ba fektet be.<\/p>\n<p>Friss\u00edtse laptopja audiok\u00e9pess\u00e9geit a Laptop Fix hangsz\u00f3r\u00f3val az ASUS A52 A52J A52D A52F A52B K52 K52J be\u00e9p\u00edtett hangsz\u00f3r\u00f3hoz. \u00c9lvezze a jobb hangmin\u0151s\u00e9get, a fokozott hangtisztas\u00e1got \u00e9s a mag\u00e1val ragad\u00f3 hang\u00e9lm\u00e9nyt kompatibilis ASUS laptopjain. N\u00f6velje sz\u00e1m\u00edt\u00e1stechnikai \u00e9lm\u00e9ny\u00e9t ezzel a megb\u00edzhat\u00f3 \u00e9s hat\u00e9kony be\u00e9p\u00edtett hangsz\u00f3r\u00f3val.<\/p>\n<p>V\u00e1s\u00e1rl\u00e1s el\u0151tt ellen\u0151rizze, hogy kompatibilis-e az adott laptopmodellj\u00e9vel.<\/p>\n","protected":false},"excerpt":{"rendered":"<p>Jav\u00edtsa a hangmin\u0151s\u00e9get a kompatibilis ASUS laptopokon az ASUS A52 A52J A52D A52F A52B K52 K52J be\u00e9p\u00edtett hangsz\u00f3r\u00f3 Laptop Fix hangsz\u00f3r\u00f3j\u00e1val. \u00c9lvezze a jobb hangtisztas\u00e1got \u00e9s m\u00e9lys\u00e9get.<\/p>\n","protected":false},"featured_media":3406,"template":"","meta":[],"product_brand":[],"product_cat":[18],"product_tag":[30],"class_list":{"0":"post-3354","1":"product","2":"type-product","3":"status-publish","4":"has-post-thumbnail","6":"product_cat-laptop-speakers","7":"product_tag-asus","9":"first","10":"instock","11":"taxable","12":"shipping-taxable","13":"purchasable","14":"product-type-simple"},"_links":{"self":[{"href":"https:\/\/boreait.com\/hu\/wp-json\/wp\/v2\/product\/3354","targetHints":{"allow":["GET"]}}],"collection":[{"href":"https:\/\/boreait.com\/hu\/wp-json\/wp\/v2\/product"}],"about":[{"href":"https:\/\/boreait.com\/hu\/wp-json\/wp\/v2\/types\/product"}],"wp:featuredmedia":[{"embeddable":true,"href":"https:\/\/boreait.com\/hu\/wp-json\/wp\/v2\/media\/3406"}],"wp:attachment":[{"href":"https:\/\/boreait.com\/hu\/wp-json\/wp\/v2\/media?parent=3354"}],"wp:term":[{"taxonomy":"product_brand","embeddable":true,"href":"https:\/\/boreait.com\/hu\/wp-json\/wp\/v2\/product_brand?post=3354"},{"taxonomy":"product_cat","embeddable":true,"href":"https:\/\/boreait.com\/hu\/wp-json\/wp\/v2\/product_cat?post=3354"},{"taxonomy":"product_tag","embeddable":true,"href":"https:\/\/boreait.com\/hu\/wp-json\/wp\/v2\/product_tag?post=3354"}],"curies":[{"name":"wp","href":"https:\/\/api.w.org\/{rel}","templated":true}]}}