{"id":335,"date":"2025-09-17T09:24:26","date_gmt":"2025-09-17T07:24:26","guid":{"rendered":"https:\/\/boreait.com\/hu\/?post_type=product&#038;p=335"},"modified":"2025-09-17T09:26:36","modified_gmt":"2025-09-17T07:26:36","slug":"lenovo-thinkpad-t440p-14-lcd-lvds-kabel-dc02c003j20-sc10a23357edp-asmpsbb0d","status":"publish","type":"product","link":"https:\/\/boreait.com\/hu\/termek\/lenovo-thinkpad-t440p-14-lcd-lvds-kabel-dc02c003j20-sc10a23357edp-asmpsbb0d\/","title":{"rendered":"Lenovo ThinkPad T440p 14&#8243; LCD lvds k\u00e1bel DC02C003J20 SC10A23357EDP ASMPSBB0D"},"content":{"rendered":"<p>A Lenovo ThinkPad T440p egy megb\u00edzhat\u00f3 \u00e9s nagy teljes\u00edtm\u00e9ny\u0171 laptop, amely 14&#8243;-es LCD-kijelz\u0151vel rendelkezik. Az LCD-panel alaplaphoz val\u00f3 csatlakoztat\u00e1s\u00e1\u00e9rt felel\u0151s egyik alapvet\u0151 komponens az LVDS-k\u00e1bel. Ebben az esetben az LVDS-k\u00e1bel modellsz\u00e1ma DC02C003J20, a Lenovo cikksz\u00e1ma pedig SC10A23357EDP, a szerel\u00e9si sz\u00e1m pedig ASMPSBB0D.<\/p>\n<p>Az LVDS-k\u00e1bel d\u00f6nt\u0151 szerepet j\u00e1tszik a videojelek tov\u00e1bb\u00edt\u00e1s\u00e1ban az alaplapr\u00f3l az LCD-kijelz\u0151re, tiszta \u00e9s \u00e9l\u00e9nk vizu\u00e1lis \u00e9lm\u00e9nyt biztos\u00edtva. Gondosan tervezt\u00e9k \u00e9s gy\u00e1rtott\u00e1k, hogy biztons\u00e1gos \u00e9s hat\u00e9kony kapcsolatot biztos\u00edtson e k\u00e9t alkatr\u00e9sz k\u00f6z\u00f6tt.<\/p>\n<p>A tart\u00f3s fel\u00e9p\u00edt\u00e9s\u00e9nek \u00e9s a pontos tervez\u00e9snek k\u00f6sz\u00f6nhet\u0151en az LVDS-k\u00e1bel megb\u00edzhat\u00f3 teljes\u00edtm\u00e9nyt \u00e9s minim\u00e1lis jelvesztes\u00e9get garant\u00e1l. Gondosan \u00e1rny\u00e9kolt az interferencia minimaliz\u00e1l\u00e1sa \u00e9s az optim\u00e1lis jelintegrit\u00e1s fenntart\u00e1sa \u00e9rdek\u00e9ben, ami \u00e9les \u00e9s kiv\u00e1l\u00f3 min\u0151s\u00e9g\u0171 kijelz\u0151kimenetet eredm\u00e9nyez.<\/p>\n<p>Az LVDS-k\u00e1belt az egyszer\u0171 telep\u00edt\u00e9sre is tervezt\u00e9k, mivel a plug-and-play kialak\u00edt\u00e1s lehet\u0151v\u00e9 teszi a probl\u00e9mamentes cser\u00e9t vagy friss\u00edt\u00e9st, ha sz\u00fcks\u00e9ges. A Lenovo ThinkPad T440p-vel val\u00f3 kompatibilit\u00e1sa z\u00f6kken\u0151mentes illeszked\u00e9st \u00e9s megfelel\u0151 funkcionalit\u00e1st biztos\u00edt a laptop hardverarchitekt\u00far\u00e1j\u00e1n bel\u00fcl.<\/p>\n<p>A min\u0151s\u00e9g \u00e9s a megb\u00edzhat\u00f3s\u00e1g ir\u00e1nti elk\u00f6telezetts\u00e9g\u00e9r\u0151l ismert Lenovo gondoskodik arr\u00f3l, hogy a ThinkPad T440p-ben haszn\u00e1lt LVDS-k\u00e1bel megfeleljen a szigor\u00fa gy\u00e1rt\u00e1si szabv\u00e1nyoknak. Szigor\u00fa tesztel\u00e9si \u00e9s min\u0151s\u00e9g-ellen\u0151rz\u00e9si int\u00e9zked\u00e9seket hajtanak v\u00e9gre annak \u00e9rdek\u00e9ben, hogy megb\u00edzhat\u00f3 \u00e9s hossz\u00fa \u00e9lettartam\u00fa alkatr\u00e9szt k\u00e9sz\u00edtsenek, amely k\u00e9pes ellen\u00e1llni a mindennapi haszn\u00e1lat k\u00f6vetelm\u00e9nyeinek.<\/p>\n<p>\u00d6sszefoglalva, a Lenovo SC10A23357EDP cikksz\u00e1m\u00fa \u00e9s ASMPSBB0D \u00f6ssze\u00e1ll\u00edt\u00e1si sz\u00e1m\u00fa DC02C003J20 LVDS-k\u00e1bel a Lenovo ThinkPad T440p alapvet\u0151 \u00f6sszetev\u0151je. Biztons\u00e1gos \u00e9s hat\u00e9kony kapcsolatot biztos\u00edt a laptop alaplapja \u00e9s a 14&#8243;-es LCD kijelz\u0151 k\u00f6z\u00f6tt, garant\u00e1lva a kiv\u00e1l\u00f3 min\u0151s\u00e9g\u0171 vizu\u00e1lis \u00e9lm\u00e9nyt \u00e9s a megb\u00edzhat\u00f3 teljes\u00edtm\u00e9nyt.<\/p>\n","protected":false},"excerpt":{"rendered":"<p>A Lenovo ThinkPad T440p DC02C003J20 LVDS k\u00e1belt haszn\u00e1l, SC10A23357EDP cikksz\u00e1mmal \u00e9s ASMPSBB0D \u00f6ssze\u00e1ll\u00edt\u00e1si sz\u00e1mmal. Ez a k\u00e1bel megb\u00edzhat\u00f3 kapcsolatot biztos\u00edt az alaplap \u00e9s a 14&#8243;-es LCD-kijelz\u0151 k\u00f6z\u00f6tt, kiv\u00e1l\u00f3 min\u0151s\u00e9g\u0171 k\u00e9pet \u00e9s megb\u00edzhat\u00f3 teljes\u00edtm\u00e9nyt biztos\u00edtva.<\/p>\n","protected":false},"featured_media":405,"template":"","meta":[],"product_brand":[],"product_cat":[20],"product_tag":[],"class_list":{"0":"post-335","1":"product","2":"type-product","3":"status-publish","4":"has-post-thumbnail","6":"product_cat-cables","8":"first","9":"instock","10":"taxable","11":"shipping-taxable","12":"purchasable","13":"product-type-simple"},"_links":{"self":[{"href":"https:\/\/boreait.com\/hu\/wp-json\/wp\/v2\/product\/335","targetHints":{"allow":["GET"]}}],"collection":[{"href":"https:\/\/boreait.com\/hu\/wp-json\/wp\/v2\/product"}],"about":[{"href":"https:\/\/boreait.com\/hu\/wp-json\/wp\/v2\/types\/product"}],"wp:featuredmedia":[{"embeddable":true,"href":"https:\/\/boreait.com\/hu\/wp-json\/wp\/v2\/media\/405"}],"wp:attachment":[{"href":"https:\/\/boreait.com\/hu\/wp-json\/wp\/v2\/media?parent=335"}],"wp:term":[{"taxonomy":"product_brand","embeddable":true,"href":"https:\/\/boreait.com\/hu\/wp-json\/wp\/v2\/product_brand?post=335"},{"taxonomy":"product_cat","embeddable":true,"href":"https:\/\/boreait.com\/hu\/wp-json\/wp\/v2\/product_cat?post=335"},{"taxonomy":"product_tag","embeddable":true,"href":"https:\/\/boreait.com\/hu\/wp-json\/wp\/v2\/product_tag?post=335"}],"curies":[{"name":"wp","href":"https:\/\/api.w.org\/{rel}","templated":true}]}}