{"id":3341,"date":"2025-09-17T10:39:51","date_gmt":"2025-09-17T08:39:51","guid":{"rendered":"https:\/\/boreait.com\/hu\/?post_type=product&#038;p=3341"},"modified":"2025-09-17T10:41:17","modified_gmt":"2025-09-17T08:41:17","slug":"hp-pavilion-17-f080no-webkamera-kameramodul-708230-1d2","status":"publish","type":"product","link":"https:\/\/boreait.com\/hu\/termek\/hp-pavilion-17-f080no-webkamera-kameramodul-708230-1d2\/","title":{"rendered":"HP Pavilion 17-f080no webkamera kameramodul 708230-1D2"},"content":{"rendered":"<p>Fokozza HP Pavilion 17-f080no laptopja multim\u00e9di\u00e1s \u00e9lm\u00e9ny\u00e9t a HP Pavilion 17-f080no 708230-1D2 webkamera kameramodullal. A laptop videokommunik\u00e1ci\u00f3s \u00e9s multim\u00e9di\u00e1s k\u00e9pess\u00e9geinek optimaliz\u00e1l\u00e1s\u00e1ra tervezett eredeti kameramodul z\u00f6kken\u0151mentes integr\u00e1ci\u00f3t \u00e9s jobb vizu\u00e1lis teljes\u00edtm\u00e9nyt biztos\u00edt a jobb sz\u00e1m\u00edt\u00e1stechnikai \u00e9lm\u00e9ny \u00e9rdek\u00e9ben.<\/p>\n<p>A HP, a sz\u00e1m\u00edt\u00e1stechnika megb\u00edzhat\u00f3 vezet\u0151 gy\u00e1rt\u00f3ja \u00e1ltal gy\u00e1rtott HP Pavilion 17-f080no webkamera 708230-1D2 webkamera modult \u00fagy tervezt\u00e9k, hogy megb\u00edzhat\u00f3 videokommunik\u00e1ci\u00f3t \u00e9s multim\u00e9di\u00e1s funkci\u00f3kat biztos\u00edtson. A laptop bels\u0151 rendszereinek alapvet\u0151 elemek\u00e9nt ez a kameramodul kulcsfontoss\u00e1g\u00fa szerepet j\u00e1tszik mind a videokommunik\u00e1ci\u00f3, mind a vizu\u00e1lis szempontok jav\u00edt\u00e1s\u00e1ban.<\/p>\n<p>Ak\u00e1r videokonferenci\u00e1kon vesz r\u00e9szt, ak\u00e1r eml\u00e9kezetes pillanatokat r\u00f6gz\u00edt, ak\u00e1r vide\u00f3kat r\u00f6gz\u00edt, ez a kameramodul az \u00d6n \u00e1ltal elv\u00e1rt k\u00e9nyelmet \u00e9s hat\u00e9konys\u00e1got biztos\u00edtja. Kiv\u00e1l\u00f3 min\u0151s\u00e9g\u0171 k\u00e9pr\u00f6gz\u00edt\u00e9si k\u00e9pess\u00e9geivel tiszta \u00e9s \u00e9l\u00e9nk l\u00e1tv\u00e1nyt tapasztalhat videokommunik\u00e1ci\u00f3s \u00e9s multim\u00e9di\u00e1s tev\u00e9kenys\u00e9gei sor\u00e1n.<\/p>\n<p>A telep\u00edt\u00e9s egyszer\u0171 a laptop eredeti alkatr\u00e9szeihez igazod\u00f3 kialak\u00edt\u00e1snak k\u00f6sz\u00f6nhet\u0151en. Az eredeti HP alkatr\u00e9szek kiv\u00e1laszt\u00e1s\u00e1val laptopja videokommunik\u00e1ci\u00f3s \u00e9s multim\u00e9di\u00e1s funkci\u00f3inak min\u0151s\u00e9g\u00e9be \u00e9s megb\u00edzhat\u00f3s\u00e1g\u00e1ba fektet be.<\/p>\n<p>Friss\u00edtse laptopja videokommunik\u00e1ci\u00f3s \u00e9s multim\u00e9di\u00e1s k\u00e9pess\u00e9geit a HP Pavilion 17-f080no 708230-1D2 webkamera kameramodullal. \u00c9lvezze a jobb vide\u00f3min\u0151s\u00e9get, a z\u00f6kken\u0151mentes videokommunik\u00e1ci\u00f3t \u00e9s a tov\u00e1bbfejlesztett multim\u00e9di\u00e1s \u00e9lm\u00e9nyt a Pavilion 17-f080no k\u00e9sz\u00fcl\u00e9ken. N\u00f6velje sz\u00e1m\u00edt\u00e1stechnikai \u00e9lm\u00e9ny\u00e9t ezzel a megb\u00edzhat\u00f3 \u00e9s hat\u00e9kony kameramodullal.<\/p>\n<p>V\u00e1s\u00e1rl\u00e1s el\u0151tt ellen\u0151rizze, hogy kompatibilis-e az adott laptopmodellj\u00e9vel.<\/p>\n","protected":false},"excerpt":{"rendered":"<p>Fokozza a videokommunik\u00e1ci\u00f3t \u00e9s a multim\u00e9di\u00e1t HP Pavilion 17-f080no laptopj\u00e1n a HP Pavilion 17-f080no 708230-1D2 webkamera kameramodullal. \u00c9lvezze a jobb vide\u00f3min\u0151s\u00e9get \u00e9s a z\u00f6kken\u0151mentes videokommunik\u00e1ci\u00f3t.<\/p>\n","protected":false},"featured_media":3405,"template":"","meta":[],"product_brand":[],"product_cat":[23],"product_tag":[25],"class_list":{"0":"post-3341","1":"product","2":"type-product","3":"status-publish","4":"has-post-thumbnail","6":"product_cat-laptop-camera","7":"product_tag-hp","9":"first","10":"instock","11":"taxable","12":"shipping-taxable","13":"purchasable","14":"product-type-simple"},"_links":{"self":[{"href":"https:\/\/boreait.com\/hu\/wp-json\/wp\/v2\/product\/3341","targetHints":{"allow":["GET"]}}],"collection":[{"href":"https:\/\/boreait.com\/hu\/wp-json\/wp\/v2\/product"}],"about":[{"href":"https:\/\/boreait.com\/hu\/wp-json\/wp\/v2\/types\/product"}],"wp:featuredmedia":[{"embeddable":true,"href":"https:\/\/boreait.com\/hu\/wp-json\/wp\/v2\/media\/3405"}],"wp:attachment":[{"href":"https:\/\/boreait.com\/hu\/wp-json\/wp\/v2\/media?parent=3341"}],"wp:term":[{"taxonomy":"product_brand","embeddable":true,"href":"https:\/\/boreait.com\/hu\/wp-json\/wp\/v2\/product_brand?post=3341"},{"taxonomy":"product_cat","embeddable":true,"href":"https:\/\/boreait.com\/hu\/wp-json\/wp\/v2\/product_cat?post=3341"},{"taxonomy":"product_tag","embeddable":true,"href":"https:\/\/boreait.com\/hu\/wp-json\/wp\/v2\/product_tag?post=3341"}],"curies":[{"name":"wp","href":"https:\/\/api.w.org\/{rel}","templated":true}]}}