{"id":3339,"date":"2025-09-17T10:39:51","date_gmt":"2025-09-17T08:39:51","guid":{"rendered":"https:\/\/boreait.com\/hu\/?post_type=product&#038;p=3339"},"modified":"2026-01-07T14:58:21","modified_gmt":"2026-01-07T13:58:21","slug":"bekapcsolo-gomb-nyomtato-hp-15-g-15-r-15-s-15-h-250-g3-255-g3-ls-a991p-gomb-gomb","status":"publish","type":"product","link":"https:\/\/boreait.com\/hu\/termek\/bekapcsolo-gomb-nyomtato-hp-15-g-15-r-15-s-15-h-250-g3-255-g3-ls-a991p-gomb-gomb\/","title":{"rendered":"BEKAPCSOL\u00d3 GOMB NYOMTAT\u00d3 HP 15-G 15-R 15-S 15-H 250 G3 255 G3 LS-A991P GOMB GOMB"},"content":{"rendered":"<p>A POWER BUTTON BOARD LS-A991P egy eredeti cserealkatr\u00e9sz, amelyet k\u00fcl\u00f6nf\u00e9le HP laptopmodellekhez terveztek, bele\u00e9rtve a 15-G, 15-R, 15-S, 15-H, 250 G3 \u00e9s 255 G3 sorozatokat. Ez a gombt\u00e1bla felel\u0151s a laptop t\u00e1pell\u00e1t\u00e1si funkci\u00f3inak vez\u00e9rl\u00e9s\u00e9\u00e9rt, lehet\u0151v\u00e9 t\u00e9ve a k\u00f6nny\u0171 be- \u00e9s kikapcsol\u00e1s\u00e1t. Ha a laptop bekapcsol\u00f3gombja hib\u00e1san m\u0171k\u00f6dik, vagy nem a v\u00e1rt m\u00f3don reag\u00e1l, a bekapcsol\u00f3gomb panel cser\u00e9je seg\u00edthet a m\u0171k\u00f6d\u00e9s vissza\u00e1ll\u00edt\u00e1s\u00e1ban.<\/p>\n<p>A tart\u00f3s fel\u00e9p\u00edt\u00e9snek \u00e9s a prec\u00edz tervez\u00e9snek k\u00f6sz\u00f6nhet\u0151en a POWER BUTTON BOARD LS-A991P megb\u00edzhat\u00f3 teljes\u00edtm\u00e9nyt \u00e9s z\u00f6kken\u0151mentes integr\u00e1ci\u00f3t biztos\u00edt laptopja \u00f6sszetev\u0151ivel. Ez a cseregombt\u00e1bla tartalmazza a sz\u00fcks\u00e9ges csatlakoz\u00f3kat \u00e9s k\u00e1beleket az egyszer\u0171 telep\u00edt\u00e9shez, \u00edgy ide\u00e1lis v\u00e1laszt\u00e1s a bark\u00e1csolt laptopok jav\u00edt\u00e1s\u00e1hoz \u00e9s karbantart\u00e1s\u00e1hoz.<\/p>\n<p>A bekapcsol\u00f3gomb panel cser\u00e9je megoldhatja a laptop be- \u00e9s kikapcsol\u00e1s\u00e1val kapcsolatos probl\u00e9m\u00e1kat, \u00edgy z\u00f6kken\u0151mentes \u00e9s probl\u00e9mamentes felhaszn\u00e1l\u00f3i \u00e9lm\u00e9nyt biztos\u00edt. Ezenk\u00edv\u00fcl az eredeti cserealkatr\u00e9szek, p\u00e9ld\u00e1ul a POWER BUTTON BOARD LS-A991P haszn\u00e1lata seg\u00edt meg\u0151rizni laptopja tervez\u00e9s\u00e9nek \u00e9s m\u0171k\u00f6d\u00e9s\u00e9nek \u00e1ltal\u00e1nos integrit\u00e1s\u00e1t.<\/p>\n<p>Friss\u00edtse laptopja t\u00e1pell\u00e1t\u00e1s-vez\u00e9rl\u0151it az eredeti LS-A991P POWER BUTTON BOARD k\u00e1rty\u00e1val, amelyet \u00fagy terveztek, hogy t\u00f6k\u00e9letesen illeszkedjen a kompatibilis HP laptopmodellekhez. Gy\u0151z\u0151dj\u00f6n meg arr\u00f3l, hogy laptopja pontosan reag\u00e1l a bekapcsol\u00f3parancsaira, \u00e9s \u00e9lvezze a megfelel\u0151en m\u0171k\u00f6d\u0151 bekapcsol\u00f3gomb ny\u00fajtotta k\u00e9nyelmet.<\/p>\n<p> \u00c1ll\u00edtsa vissza laptopja optim\u00e1lis teljes\u00edtm\u00e9nyszab\u00e1lyoz\u00e1s\u00e1t az LS-A991P POWER BUTTON BOARD kiv\u00e1laszt\u00e1s\u00e1val. F\u00fcggetlen\u00fcl att\u00f3l, hogy laptopja bekapcsol\u00f3gombja nem reag\u00e1l, vagy m\u00e1s, az \u00e1ramell\u00e1t\u00e1ssal kapcsolatos probl\u00e9m\u00e1kat tapasztal, ez a cseregombt\u00e1bla megb\u00edzhat\u00f3 megold\u00e1s, amely biztos\u00edtja laptopja folyamatos teljes\u00edtm\u00e9ny\u00e9t.<\/p>\n","protected":false},"excerpt":{"rendered":"<p>Friss\u00edtse HP laptopja t\u00e1pell\u00e1t\u00e1s-vez\u00e9rl\u0151it az eredeti LS-A991P POWER BUTTON BOARD k\u00e1rty\u00e1val. A k\u00fcl\u00f6nf\u00e9le HP laptopmodellekhez, k\u00f6zt\u00fck a 15-G, 15-R, 15-S, 15-H, 250 G3 \u00e9s 255 G3 sorozathoz tervezett cseregombos panel helyre\u00e1ll\u00edtja laptopja bekapcsol\u00f3gombj\u00e1nak m\u0171k\u00f6d\u00e9s\u00e9t. Ezzel a megb\u00edzhat\u00f3 \u00e9s k\u00f6nnyen beszerelhet\u0151 cserealkatr\u00e9szrel probl\u00e9mamentes \u00e1ramell\u00e1t\u00e1st biztos\u00edt.<\/p>\n","protected":false},"featured_media":3403,"template":"","meta":[],"product_brand":[],"product_cat":[27],"product_tag":[25],"class_list":{"0":"post-3339","1":"product","2":"type-product","3":"status-publish","4":"has-post-thumbnail","6":"product_cat-motherboards-board-parts","7":"product_tag-hp","9":"first","10":"instock","11":"taxable","12":"shipping-taxable","13":"purchasable","14":"product-type-simple"},"_links":{"self":[{"href":"https:\/\/boreait.com\/hu\/wp-json\/wp\/v2\/product\/3339","targetHints":{"allow":["GET"]}}],"collection":[{"href":"https:\/\/boreait.com\/hu\/wp-json\/wp\/v2\/product"}],"about":[{"href":"https:\/\/boreait.com\/hu\/wp-json\/wp\/v2\/types\/product"}],"wp:featuredmedia":[{"embeddable":true,"href":"https:\/\/boreait.com\/hu\/wp-json\/wp\/v2\/media\/3403"}],"wp:attachment":[{"href":"https:\/\/boreait.com\/hu\/wp-json\/wp\/v2\/media?parent=3339"}],"wp:term":[{"taxonomy":"product_brand","embeddable":true,"href":"https:\/\/boreait.com\/hu\/wp-json\/wp\/v2\/product_brand?post=3339"},{"taxonomy":"product_cat","embeddable":true,"href":"https:\/\/boreait.com\/hu\/wp-json\/wp\/v2\/product_cat?post=3339"},{"taxonomy":"product_tag","embeddable":true,"href":"https:\/\/boreait.com\/hu\/wp-json\/wp\/v2\/product_tag?post=3339"}],"curies":[{"name":"wp","href":"https:\/\/api.w.org\/{rel}","templated":true}]}}