{"id":3336,"date":"2025-09-17T10:39:50","date_gmt":"2025-09-17T08:39:50","guid":{"rendered":"https:\/\/boreait.com\/hu\/?post_type=product&#038;p=3336"},"modified":"2026-01-07T09:39:30","modified_gmt":"2026-01-07T08:39:30","slug":"day17apb6c0-le-sps-power-bd-kabel","status":"publish","type":"product","link":"https:\/\/boreait.com\/hu\/termek\/day17apb6c0-le-sps-power-bd-kabel\/","title":{"rendered":"DAY17APB6C0 LE SPS-POWER BD K\u00c1BEL"},"content":{"rendered":"<p>A DAY17APB6C0 HP SPS-POWER BD W\/CABLE kulcsfontoss\u00e1g\u00fa alkatr\u00e9sz, amelyet a laptopon bel\u00fcli z\u00f6kken\u0151mentes \u00e9s megb\u00edzhat\u00f3 energiaeloszt\u00e1s biztos\u00edt\u00e1s\u00e1ra terveztek. Ezt az eredeti HP cserealkatr\u00e9szt (cikksz\u00e1m: DAY17APB6C0) kifejezetten a kompatibilis laptopmodellekhez tervezt\u00e9k, \u00edgy k\u00f6zvetlen\u00fcl \u00e9s probl\u00e9mamentesen helyettes\u00edtheti az eredeti t\u00e1pegys\u00e9get k\u00e1bellel.<\/p>\n<p>Prec\u00edzi\u00f3s tervez\u00e9s\u00e9vel a DAY17APB6C0 HP SPS-POWER BD W\/CABLE biztos\u00edtja, hogy az \u00e1ramot hat\u00e9konyan ossza el a laptop \u00e1ramforr\u00e1s\u00e1r\u00f3l a bels\u0151 alkatr\u00e9szek k\u00f6z\u00f6tt. Ez az alaplap kulcsfontoss\u00e1g\u00fa szerepet j\u00e1tszik a stabil \u00e9s hat\u00e9kony energia\u00e1raml\u00e1s fenntart\u00e1s\u00e1ban, hozz\u00e1j\u00e1rulva laptopja optim\u00e1lis teljes\u00edtm\u00e9ny\u00e9hez.<\/p>\n<p>Az elhaszn\u00e1l\u00f3dott vagy hib\u00e1san m\u0171k\u00f6d\u0151 t\u00e1pegys\u00e9g k\u00e1belre t\u00f6rt\u00e9n\u0151 cser\u00e9je elengedhetetlen az \u00e1ramell\u00e1t\u00e1ssal kapcsolatos probl\u00e9m\u00e1k \u00e9s a laptop esetleges k\u00e1rosod\u00e1s\u00e1nak elker\u00fcl\u00e9se \u00e9rdek\u00e9ben. A DAY17APB6C0 HP SPS-POWER BD W\/CABLE t\u00f6k\u00e9letes illeszked\u00e9st \u00e9s egyszer\u0171 telep\u00edt\u00e9st k\u00edn\u00e1l, \u00edgy ide\u00e1lis v\u00e1laszt\u00e1s a bark\u00e1csolt laptop karbantart\u00e1s\u00e1hoz \u00e9s jav\u00edt\u00e1s\u00e1hoz.<\/p>\n<p>Fektessen be az eredeti HP alkatr\u00e9szek megb\u00edzhat\u00f3s\u00e1g\u00e1ba \u00e9s teljes\u00edtm\u00e9ny\u00e9be a DAY17APB6C0 HP SPS-POWER BD W\/CABLE v\u00e1laszt\u00e1s\u00e1val. Gy\u0151z\u0151dj\u00f6n meg arr\u00f3l, hogy laptopja energiaeloszt\u00e1sa optim\u00e1lis \u00e1llapotban van, \u00e9s \u00e9lvezze a megszak\u00edt\u00e1s n\u00e9lk\u00fcli haszn\u00e1latot an\u00e9lk\u00fcl, hogy agg\u00f3dnia kellene az \u00e1ramkimarad\u00e1sok miatt.<\/p>\n<p>Friss\u00edtse laptopja \u00e1rameloszt\u00f3 rendszer\u00e9t m\u00e9g ma a DAY17APB6C0 HP SPS-POWER BD W\/CABLE seg\u00edts\u00e9g\u00e9vel, \u00e9s tapasztalja meg azt a nyugalmat, amely a kiv\u00e1l\u00f3 min\u0151s\u00e9g\u0171, hiteles HP cserealkatr\u00e9szek haszn\u00e1lat\u00e1val j\u00e1r.<\/p>\n","protected":false},"excerpt":{"rendered":"<p>Biztos\u00edtson megb\u00edzhat\u00f3 \u00e1rameloszt\u00e1st laptopj\u00e1n bel\u00fcl a DAY17APB6C0 HP SPS-POWER BD W\/CABLE seg\u00edts\u00e9g\u00e9vel. Ezt az eredeti HP cserealkatr\u00e9szt (cikksz\u00e1m: DAY17APB6C0) \u00fagy tervezt\u00e9k, hogy t\u00f6k\u00e9letesen illeszkedjen a kompatibilis laptopmodellekhez. Cser\u00e9lje ki a r\u00e9gi vagy hib\u00e1san m\u0171k\u00f6d\u0151 t\u00e1pegys\u00e9get k\u00e1belre az optim\u00e1lis teljes\u00edtm\u00e9ny meg\u0151rz\u00e9se \u00e9s az \u00e1ramell\u00e1t\u00e1ssal kapcsolatos probl\u00e9m\u00e1k elker\u00fcl\u00e9se \u00e9rdek\u00e9ben.<\/p>\n","protected":false},"featured_media":3400,"template":"","meta":[],"product_brand":[],"product_cat":[27],"product_tag":[25],"class_list":{"0":"post-3336","1":"product","2":"type-product","3":"status-publish","4":"has-post-thumbnail","6":"product_cat-motherboards-board-parts","7":"product_tag-hp","9":"first","10":"instock","11":"taxable","12":"shipping-taxable","13":"purchasable","14":"product-type-simple"},"_links":{"self":[{"href":"https:\/\/boreait.com\/hu\/wp-json\/wp\/v2\/product\/3336","targetHints":{"allow":["GET"]}}],"collection":[{"href":"https:\/\/boreait.com\/hu\/wp-json\/wp\/v2\/product"}],"about":[{"href":"https:\/\/boreait.com\/hu\/wp-json\/wp\/v2\/types\/product"}],"wp:featuredmedia":[{"embeddable":true,"href":"https:\/\/boreait.com\/hu\/wp-json\/wp\/v2\/media\/3400"}],"wp:attachment":[{"href":"https:\/\/boreait.com\/hu\/wp-json\/wp\/v2\/media?parent=3336"}],"wp:term":[{"taxonomy":"product_brand","embeddable":true,"href":"https:\/\/boreait.com\/hu\/wp-json\/wp\/v2\/product_brand?post=3336"},{"taxonomy":"product_cat","embeddable":true,"href":"https:\/\/boreait.com\/hu\/wp-json\/wp\/v2\/product_cat?post=3336"},{"taxonomy":"product_tag","embeddable":true,"href":"https:\/\/boreait.com\/hu\/wp-json\/wp\/v2\/product_tag?post=3336"}],"curies":[{"name":"wp","href":"https:\/\/api.w.org\/{rel}","templated":true}]}}