{"id":333,"date":"2025-09-17T09:24:26","date_gmt":"2025-09-17T07:24:26","guid":{"rendered":"https:\/\/boreait.com\/hu\/?post_type=product&#038;p=333"},"modified":"2025-09-17T09:26:34","modified_gmt":"2025-09-17T07:26:34","slug":"kepernyopantok-lenovo-thinkpad-t450-hez","status":"publish","type":"product","link":"https:\/\/boreait.com\/hu\/termek\/kepernyopantok-lenovo-thinkpad-t450-hez\/","title":{"rendered":"K\u00e9perny\u0151p\u00e1ntok Lenovo Thinkpad T450-hez"},"content":{"rendered":"<p>A Lenovo Thinkpad T450 k\u00e9perny\u0151p\u00e1ntjai eredeti cserealkatr\u00e9szek, amelyeket kifejezetten ehhez a laptopmodellhez terveztek. Ezek a zsan\u00e9rok d\u00f6nt\u0151 szerepet j\u00e1tszanak a kijelz\u0151 t\u00e1mogat\u00e1s\u00e1ban \u00e9s be\u00e1ll\u00edt\u00e1s\u00e1ban, lehet\u0151v\u00e9 t\u00e9ve a laptop fedel\u00e9nek z\u00f6kken\u0151mentes nyit\u00e1s\u00e1t \u00e9s z\u00e1r\u00e1s\u00e1t.<\/p>\n<p>A prec\u00edzen \u00e9s kiv\u00e1l\u00f3 min\u0151s\u00e9g\u0171 anyagok felhaszn\u00e1l\u00e1s\u00e1val k\u00e9sz\u00fclt Lenovo Thinkpad T450 k\u00e9perny\u0151p\u00e1ntok tart\u00f3ss\u00e1got \u00e9s hossz\u00fa \u00e9lettartamot biztos\u00edtanak. \u00dagy tervezt\u00e9k, hogy z\u00f6kken\u0151mentesen illeszkedjenek a laptop h\u00e1z\u00e1ba, meg\u0151rizve az eredeti tervez\u00e9si eszt\u00e9tik\u00e1t.<\/p>\n<p>A k\u00e9perny\u0151p\u00e1ntok telep\u00edt\u00e9si folyamata egyszer\u0171, lehet\u0151v\u00e9 t\u00e9ve a k\u00f6nny\u0171 cser\u00e9t vagy friss\u00edt\u00e9st. Ha a r\u00e9gi vagy s\u00e9r\u00fclt zsan\u00e9rokat ezekkel az eredeti Lenovo-alkatr\u00e9szekkel cser\u00e9li ki, helyre\u00e1ll\u00edthatja a laptop k\u00e9perny\u0151j\u00e9nek m\u0171k\u00f6d\u0151k\u00e9pess\u00e9g\u00e9t \u00e9s stabilit\u00e1s\u00e1t.<\/p>\n<p>Ha ezekbe az eredeti Lenovo cserep\u00e1ntokba fektet be, garant\u00e1lja a kompatibilit\u00e1st \u00e9s a megb\u00edzhat\u00f3s\u00e1got, t\u00f6k\u00e9letes illeszked\u00e9st \u00e9s optim\u00e1lis teljes\u00edtm\u00e9nyt biztos\u00edtva Thinkpad T450-hez. A Lenovo Thinkpad T450 k\u00e9perny\u0151p\u00e1ntjai a sz\u00fcks\u00e9ges t\u00e1mogat\u00e1st \u00e9s rugalmass\u00e1got biztos\u00edtj\u00e1k a laptop kijelz\u0151j\u00e9hez, lehet\u0151v\u00e9 t\u00e9ve a sima \u00e9s probl\u00e9mamentes felhaszn\u00e1l\u00f3i \u00e9lm\u00e9nyt.<\/p>\n","protected":false},"excerpt":{"rendered":"<p>A Lenovo Thinkpad T450 k\u00e9perny\u0151p\u00e1ntjai eredeti cserealkatr\u00e9szek, amelyeket kifejezetten ehhez a laptopmodellhez terveztek. Stabilit\u00e1st \u00e9s rugalmass\u00e1got biztos\u00edtanak a laptop k\u00e9perny\u0151j\u00e9nek, lehet\u0151v\u00e9 t\u00e9ve a fed\u00e9l z\u00f6kken\u0151mentes nyit\u00e1s\u00e1t \u00e9s z\u00e1r\u00e1s\u00e1t. Ezek a kiv\u00e1l\u00f3 min\u0151s\u00e9g\u0171 zsan\u00e9rok k\u00f6nnyen felszerelhet\u0151k, \u00e9s megb\u00edzhat\u00f3 \u00e9s tart\u00f3s megold\u00e1st biztos\u00edtanak a Thinkpad T450 sz\u00e1m\u00e1ra.<\/p>\n","protected":false},"featured_media":403,"template":"","meta":[],"product_brand":[],"product_cat":[19],"product_tag":[26],"class_list":{"0":"post-333","1":"product","2":"type-product","3":"status-publish","4":"has-post-thumbnail","6":"product_cat-screen-hinge","7":"product_tag-lenovo","9":"first","10":"instock","11":"taxable","12":"shipping-taxable","13":"purchasable","14":"product-type-simple"},"_links":{"self":[{"href":"https:\/\/boreait.com\/hu\/wp-json\/wp\/v2\/product\/333","targetHints":{"allow":["GET"]}}],"collection":[{"href":"https:\/\/boreait.com\/hu\/wp-json\/wp\/v2\/product"}],"about":[{"href":"https:\/\/boreait.com\/hu\/wp-json\/wp\/v2\/types\/product"}],"wp:featuredmedia":[{"embeddable":true,"href":"https:\/\/boreait.com\/hu\/wp-json\/wp\/v2\/media\/403"}],"wp:attachment":[{"href":"https:\/\/boreait.com\/hu\/wp-json\/wp\/v2\/media?parent=333"}],"wp:term":[{"taxonomy":"product_brand","embeddable":true,"href":"https:\/\/boreait.com\/hu\/wp-json\/wp\/v2\/product_brand?post=333"},{"taxonomy":"product_cat","embeddable":true,"href":"https:\/\/boreait.com\/hu\/wp-json\/wp\/v2\/product_cat?post=333"},{"taxonomy":"product_tag","embeddable":true,"href":"https:\/\/boreait.com\/hu\/wp-json\/wp\/v2\/product_tag?post=333"}],"curies":[{"name":"wp","href":"https:\/\/api.w.org\/{rel}","templated":true}]}}