{"id":3322,"date":"2025-09-17T10:39:29","date_gmt":"2025-09-17T08:39:29","guid":{"rendered":"https:\/\/boreait.com\/hu\/?post_type=product&#038;p=3322"},"modified":"2025-09-17T10:40:59","modified_gmt":"2025-09-17T08:40:59","slug":"lenovo-g50-70-kijelzotok-fedele-ap0th000140","status":"publish","type":"product","link":"https:\/\/boreait.com\/hu\/termek\/lenovo-g50-70-kijelzotok-fedele-ap0th000140\/","title":{"rendered":"Lenovo G50-70 kijelz\u0151tok fedele AP0TH000140"},"content":{"rendered":"<p>Fokozza Lenovo G50-70 laptopja eszt\u00e9tik\u00e1j\u00e1t \u00e9s v\u00e9delm\u00e9t a Lenovo G50-70 kijelz\u0151tok fedel\u00e9vel (cikksz\u00e1m: AP0TH000140). A prec\u00edzen megalkotott \u00e9s \u00fagy tervezt\u00e9k, hogy t\u00f6k\u00e9letesen illeszkedjen a laptopj\u00e1hoz, ez az eredeti cserealkatr\u00e9sz a st\u00edlus \u00e9s a funkcionalit\u00e1s t\u00f6k\u00e9letes kever\u00e9k\u00e9t k\u00edn\u00e1lja.<\/p>\n<p>A Lenovo G50-70 kijelz\u0151tok fedele nem csak egy csipetnyi eleganci\u00e1t k\u00f6lcs\u00f6n\u00f6z laptopj\u00e1nak, hanem elengedhetetlen v\u00e9delmet ny\u00fajt a kijelz\u0151panel sz\u00e1m\u00e1ra is. Megv\u00e9di a k\u00e9perny\u0151t a port\u00f3l, karcol\u00e1sokt\u00f3l \u00e9s egy\u00e9b lehets\u00e9ges s\u00e9r\u00fcl\u00e9sekt\u0151l, \u00edgy a laptop k\u00e9perny\u0151je tiszta \u00e9s \u00e9rintetlen marad.<\/p>\n<p>A pontosan elhelyezett ny\u00edl\u00e1sokkal \u00e9s kiv\u00e1g\u00e1sokkal kialak\u00edtott Lenovo G50-70 kijelz\u0151tok fedele k\u00e9nyelmes hozz\u00e1f\u00e9r\u00e9st biztos\u00edt a laptop kamer\u00e1j\u00e1hoz, hangsz\u00f3r\u00f3ihoz \u00e9s portjaihoz. A pontos illeszked\u00e9s z\u00f6kken\u0151mentes integr\u00e1ci\u00f3t biztos\u00edt, meg\u0151rzi a laptop eleg\u00e1ns megjelen\u00e9s\u00e9t.<\/p>\n<p>A Lenovo G50-70 kijelz\u0151tok fedel\u00e9nek felszerel\u00e9se egyszer\u0171 folyamat, \u00edgy k\u00f6nnyen \u00faj k\u00fcls\u0151t k\u00f6lcs\u00f6n\u00f6zhet laptopj\u00e1nak. V\u00e1lassza ezt az eredeti Lenovo cserealkatr\u00e9szt, hogy vissza\u00e1ll\u00edtsa laptopja eredeti eszt\u00e9tik\u00e1j\u00e1t \u00e9s v\u00e9delm\u00e9t.<\/p>\n<p>Friss\u00edtse Lenovo G50-70 laptopja st\u00edlus\u00e1t, v\u00e9delm\u00e9t \u00e9s funkcionalit\u00e1s\u00e1t a Lenovo G50-70 kijelz\u0151tok fedel\u00e9vel (cikksz\u00e1m: AP0TH000140). N\u00f6velje laptopja \u00e9lm\u00e9ny\u00e9t azzal, hogy st\u00edlusos marad, \u00e9s meg\u00f3vja a mindennapi elhaszn\u00e1l\u00f3d\u00e1st\u00f3l.<\/p>\n","protected":false},"excerpt":{"rendered":"<p>N\u00f6velje laptopja eszt\u00e9tik\u00e1j\u00e1t \u00e9s v\u00e9delm\u00e9t az eredeti Lenovo G50-70 kijelz\u0151tok fedel\u00e9vel (cikksz\u00e1m: AP0TH000140). A z\u00f6kken\u0151mentes illeszked\u00e9sre kialak\u00edtott, a laptop st\u00edlus\u00e1nak \u00e9s k\u00e9perny\u0151v\u00e9delm\u00e9nek jav\u00edt\u00e1s\u00e1ra tervezett cserealkatr\u00e9sz elengedhetetlen ahhoz, hogy meg\u0151rizze laptopja eleg\u00e1ns megjelen\u00e9s\u00e9t.<\/p>\n","protected":false},"featured_media":3391,"template":"","meta":[],"product_brand":[],"product_cat":[16],"product_tag":[],"class_list":{"0":"post-3322","1":"product","2":"type-product","3":"status-publish","4":"has-post-thumbnail","6":"product_cat-laptop-housing","8":"first","9":"instock","10":"taxable","11":"shipping-taxable","12":"purchasable","13":"product-type-simple"},"_links":{"self":[{"href":"https:\/\/boreait.com\/hu\/wp-json\/wp\/v2\/product\/3322","targetHints":{"allow":["GET"]}}],"collection":[{"href":"https:\/\/boreait.com\/hu\/wp-json\/wp\/v2\/product"}],"about":[{"href":"https:\/\/boreait.com\/hu\/wp-json\/wp\/v2\/types\/product"}],"wp:featuredmedia":[{"embeddable":true,"href":"https:\/\/boreait.com\/hu\/wp-json\/wp\/v2\/media\/3391"}],"wp:attachment":[{"href":"https:\/\/boreait.com\/hu\/wp-json\/wp\/v2\/media?parent=3322"}],"wp:term":[{"taxonomy":"product_brand","embeddable":true,"href":"https:\/\/boreait.com\/hu\/wp-json\/wp\/v2\/product_brand?post=3322"},{"taxonomy":"product_cat","embeddable":true,"href":"https:\/\/boreait.com\/hu\/wp-json\/wp\/v2\/product_cat?post=3322"},{"taxonomy":"product_tag","embeddable":true,"href":"https:\/\/boreait.com\/hu\/wp-json\/wp\/v2\/product_tag?post=3322"}],"curies":[{"name":"wp","href":"https:\/\/api.w.org\/{rel}","templated":true}]}}