{"id":3317,"date":"2025-09-17T10:39:29","date_gmt":"2025-09-17T08:39:29","guid":{"rendered":"https:\/\/boreait.com\/hu\/?post_type=product&#038;p=3317"},"modified":"2026-01-07T14:57:59","modified_gmt":"2026-01-07T13:57:59","slug":"dell-latitude-e6410-also-alapburkolat-n11dd-0n11dd-cn-0n11dd","status":"publish","type":"product","link":"https:\/\/boreait.com\/hu\/termek\/dell-latitude-e6410-also-alapburkolat-n11dd-0n11dd-cn-0n11dd\/","title":{"rendered":"Dell Latitude E6410 als\u00f3 alapburkolat N11DD 0N11DD CN-0N11DD"},"content":{"rendered":"<p>N\u00f6velje Dell Latitude E6410 laptopja v\u00e9delm\u00e9t \u00e9s eszt\u00e9tik\u00e1j\u00e1t: cser\u00e9lje ki kopott vagy s\u00e9r\u00fclt als\u00f3 fedel\u00e9t a Dell N11DD als\u00f3 alapburkolatra. Ez az eredeti Dell cserealkatr\u00e9sznek tervezett als\u00f3 alapburkolat t\u00f6k\u00e9letes illeszked\u00e9st biztos\u00edt, \u00e9s z\u00f6kken\u0151mentesen illeszkedik a laptop kialak\u00edt\u00e1s\u00e1hoz \u00e9s m\u0171szaki adataihoz.<\/p>\n<p>A kiv\u00e1l\u00f3 min\u0151s\u00e9g\u0171 anyagokb\u00f3l k\u00e9sz\u00fclt Dell N11DD als\u00f3 alapburkolat megb\u00edzhat\u00f3 v\u00e9delmet ny\u00fajt a laptop bels\u0151 alkatr\u00e9szei sz\u00e1m\u00e1ra, meg\u00f3vva azokat az esetleges s\u00e9r\u00fcl\u00e9sekt\u0151l \u00e9s kop\u00e1st\u00f3l. Prec\u00edzi\u00f3s tervez\u00e9se garant\u00e1lja az egyszer\u0171 telep\u00edt\u00e9st, \u00edgy a bark\u00e1csol\u00e1s szerelmeseinek \u00e9s a professzion\u00e1lis technikusoknak egyar\u00e1nt alkalmas.<\/p>\n<p>Fokozza laptopja \u00e1ltal\u00e1nos megjelen\u00e9s\u00e9t a Dell N11DD als\u00f3 alapburkolat letisztult \u00e9s letisztult kialak\u00edt\u00e1s\u00e1val. Nem csak egy csipet kifinomults\u00e1got ad a k\u00e9sz\u00fcl\u00e9k\u00e9hez, hanem meg\u0151rzi pr\u00e9mium megjelen\u00e9s\u00e9t is, konzisztens \u00e9s professzion\u00e1lis eszt\u00e9tik\u00e1t biztos\u00edtva.<\/p>\n<p>Az als\u00f3 alapburkolat cser\u00e9j\u00e9vel nemcsak a k\u00fcls\u0151 megjelen\u00e9st jav\u00edtja, hanem hozz\u00e1j\u00e1rul a laptop funkcionalit\u00e1s\u00e1hoz is. A pontosan elhelyezett kiv\u00e1g\u00e1sok \u00e9s a szell\u0151z\u0151 kialak\u00edt\u00e1s megfelel\u0151 l\u00e9g\u00e1raml\u00e1st biztos\u00edtanak, seg\u00edtve a laptop bels\u0151 alkatr\u00e9szeinek optim\u00e1lis m\u0171k\u00f6d\u00e9si h\u0151m\u00e9rs\u00e9klet\u00e9nek fenntart\u00e1s\u00e1t.<\/p>\n<p>Friss\u00edtse Dell Latitude E6410 laptopja v\u00e9delm\u00e9t \u00e9s megjelen\u00e9s\u00e9t a Dell N11DD als\u00f3 alapburkolattal. Tapasztalja meg az eredeti Dell cserealkatr\u00e9szek haszn\u00e1lat\u00e1nak bizalm\u00e1t, amely megfelel a gy\u00e1rt\u00f3 magas min\u0151s\u00e9gi el\u0151\u00edr\u00e1sainak, \u00e9s jav\u00edtja laptopja \u00e1ltal\u00e1nos teljes\u00edtm\u00e9ny\u00e9t.<\/p>\n<p>Revitaliz\u00e1lja Dell Latitude E6410 laptopja k\u00fclsej\u00e9t a Dell N11DD als\u00f3 alapburkolattal. Ez a cserealkatr\u00e9sz fokozott v\u00e9delmet, tart\u00f3ss\u00e1got \u00e9s tov\u00e1bbfejlesztett megjelen\u00e9st k\u00edn\u00e1l, \u00edgy garant\u00e1lja, hogy laptopja funkcion\u00e1lis \u00e9s st\u00edlusos marad.<\/p>\n","protected":false},"excerpt":{"rendered":"<p>Fokozza Dell Latitude E6410 laptopja v\u00e9delm\u00e9t \u00e9s megjelen\u00e9s\u00e9t a Dell N11DD als\u00f3 alapburkolattal. Ez az eredeti Dell cserealkatr\u00e9sznek k\u00e9sz\u00fclt burkolat t\u00f6k\u00e9letes illeszked\u00e9st, tart\u00f3ss\u00e1got \u00e9s felfriss\u00fclt megjelen\u00e9st garant\u00e1l. Friss\u00edtse laptopja k\u00fclsej\u00e9t ezzel az eleg\u00e1ns \u00e9s funkcion\u00e1lis tartoz\u00e9kkal.<\/p>\n","protected":false},"featured_media":3369,"template":"","meta":[],"product_brand":[],"product_cat":[16],"product_tag":[17],"class_list":{"0":"post-3317","1":"product","2":"type-product","3":"status-publish","4":"has-post-thumbnail","6":"product_cat-laptop-housing","7":"product_tag-dell","9":"first","10":"instock","11":"taxable","12":"shipping-taxable","13":"purchasable","14":"product-type-simple"},"_links":{"self":[{"href":"https:\/\/boreait.com\/hu\/wp-json\/wp\/v2\/product\/3317","targetHints":{"allow":["GET"]}}],"collection":[{"href":"https:\/\/boreait.com\/hu\/wp-json\/wp\/v2\/product"}],"about":[{"href":"https:\/\/boreait.com\/hu\/wp-json\/wp\/v2\/types\/product"}],"wp:featuredmedia":[{"embeddable":true,"href":"https:\/\/boreait.com\/hu\/wp-json\/wp\/v2\/media\/3369"}],"wp:attachment":[{"href":"https:\/\/boreait.com\/hu\/wp-json\/wp\/v2\/media?parent=3317"}],"wp:term":[{"taxonomy":"product_brand","embeddable":true,"href":"https:\/\/boreait.com\/hu\/wp-json\/wp\/v2\/product_brand?post=3317"},{"taxonomy":"product_cat","embeddable":true,"href":"https:\/\/boreait.com\/hu\/wp-json\/wp\/v2\/product_cat?post=3317"},{"taxonomy":"product_tag","embeddable":true,"href":"https:\/\/boreait.com\/hu\/wp-json\/wp\/v2\/product_tag?post=3317"}],"curies":[{"name":"wp","href":"https:\/\/api.w.org\/{rel}","templated":true}]}}