{"id":3316,"date":"2025-09-17T10:39:29","date_gmt":"2025-09-17T08:39:29","guid":{"rendered":"https:\/\/boreait.com\/hu\/?post_type=product&#038;p=3316"},"modified":"2025-09-17T10:40:27","modified_gmt":"2025-09-17T08:40:27","slug":"hp-elitebook-820-g2-laptop-alap-also-tok-765603-001","status":"publish","type":"product","link":"https:\/\/boreait.com\/hu\/termek\/hp-elitebook-820-g2-laptop-alap-also-tok-765603-001\/","title":{"rendered":"HP Elitebook 820 G2 laptop alap als\u00f3 tok 765603-001"},"content":{"rendered":"<p>N\u00f6velje HP EliteBook 820 G2 laptopja tart\u00f3ss\u00e1g\u00e1t \u00e9s eszt\u00e9tik\u00e1j\u00e1t az\u00e1ltal, hogy az als\u00f3 als\u00f3 h\u00e1zat a HP 765603-001 laptop alaptokra cser\u00e9li. Eredeti HP cserealkatr\u00e9sznek k\u00e9sz\u00fclt, ezt az als\u00f3 als\u00f3 h\u00e1zat \u00fagy tervezt\u00e9k, hogy z\u00f6kken\u0151mentesen illeszkedjen a laptop diz\u00e1jnj\u00e1hoz \u00e9s specifik\u00e1ci\u00f3ihoz.<\/p>\n<p>A kiv\u00e1l\u00f3 min\u0151s\u00e9g\u0171 anyagokb\u00f3l k\u00e9sz\u00fclt HP 765603-001 laptop als\u00f3 tok megb\u00edzhat\u00f3 v\u00e9delmet ny\u00fajt laptopja bels\u0151 alkatr\u00e9szei sz\u00e1m\u00e1ra, \u00e9s meg\u00f3vja azokat az esetleges s\u00e9r\u00fcl\u00e9sekt\u0151l. A prec\u00edzi\u00f3s tervez\u00e9s garant\u00e1lja a t\u00f6k\u00e9letes illeszked\u00e9st \u00e9s az egyszer\u0171 telep\u00edt\u00e9st, \u00edgy megfelel\u0151 v\u00e1laszt\u00e1s a bark\u00e1csol\u00e1s szerelmeseinek \u00e9s a szakembereknek egyar\u00e1nt.<\/p>\n<p>Fokozza laptopja \u00e1ltal\u00e1nos eszt\u00e9tik\u00e1j\u00e1t a HP 765603-001 laptop als\u00f3 tok letisztult \u00e9s letisztult kialak\u00edt\u00e1s\u00e1val. Nemcsak kifinomultabb\u00e1 teszi a k\u00e9sz\u00fcl\u00e9ket, hanem meg\u0151rzi pr\u00e9mium megjelen\u00e9s\u00e9t is, \u00edgy egyenletes \u00e9s professzion\u00e1lis megjelen\u00e9st biztos\u00edt.<\/p>\n<p>Az als\u00f3 als\u00f3 h\u00e1z cser\u00e9je nemcsak a laptop k\u00fcls\u0151 megjelen\u00e9s\u00e9t jav\u00edtja, hanem a funkcionalit\u00e1s\u00e1t is jav\u00edtja. A pontos kiv\u00e1g\u00e1sok \u00e9s a szell\u0151z\u0151 kialak\u00edt\u00e1s biztos\u00edtja a megfelel\u0151 l\u00e9g\u00e1raml\u00e1st, seg\u00edtve a laptop bels\u0151 alkatr\u00e9szeinek h\u0171t\u00e9s\u00e9t hosszabb haszn\u00e1lat sor\u00e1n.<\/p>\n<p>Friss\u00edtse HP EliteBook 820 G2 laptopja v\u00e9delm\u00e9t, megjelen\u00e9s\u00e9t \u00e9s funkcionalit\u00e1s\u00e1t a HP 765603-001 laptop als\u00f3 tokkal. Tapasztalja meg az eredeti HP cserealkatr\u00e9szek \u00f6nbizalm\u00e1t, amely megfelel a gy\u00e1rt\u00f3 magas min\u0151s\u00e9gi el\u0151\u00edr\u00e1sainak, \u00e9s jav\u00edtja laptopja \u00e1ltal\u00e1nos teljes\u00edtm\u00e9ny\u00e9t.<\/p>\n<p>Revitaliz\u00e1lja HP \u200b\u200bEliteBook 820 G2 laptopja k\u00fclsej\u00e9t a HP 765603-001 laptop als\u00f3 tokkal. Ez a cserealkatr\u00e9sz nemcsak v\u00e9delmet \u00e9s tart\u00f3ss\u00e1got k\u00edn\u00e1l, hanem eleg\u00e1ns megjelen\u00e9st is, amely kieg\u00e9sz\u00edti laptopja kialak\u00edt\u00e1s\u00e1t.<\/p>\n","protected":false},"excerpt":{"rendered":"<p>Fokozza HP EliteBook 820 G2 laptopja v\u00e9delm\u00e9t, eszt\u00e9tik\u00e1j\u00e1t \u00e9s funkcionalit\u00e1s\u00e1t a HP 765603-001 laptop als\u00f3 tokkal. Ez az eredeti HP cserealkatr\u00e9szk\u00e9nt k\u00e9sz\u00fclt tok t\u00f6k\u00e9letes illeszked\u00e9st, tart\u00f3ss\u00e1got \u00e9s jobb megjelen\u00e9st garant\u00e1l. Friss\u00edtse laptopja k\u00fclsej\u00e9t ezzel az eleg\u00e1ns \u00e9s funkcion\u00e1lis tartoz\u00e9kkal.<\/p>\n","protected":false},"featured_media":3367,"template":"","meta":[],"product_brand":[],"product_cat":[16],"product_tag":[25],"class_list":{"0":"post-3316","1":"product","2":"type-product","3":"status-publish","4":"has-post-thumbnail","6":"product_cat-laptop-housing","7":"product_tag-hp","9":"first","10":"instock","11":"taxable","12":"shipping-taxable","13":"purchasable","14":"product-type-simple"},"_links":{"self":[{"href":"https:\/\/boreait.com\/hu\/wp-json\/wp\/v2\/product\/3316","targetHints":{"allow":["GET"]}}],"collection":[{"href":"https:\/\/boreait.com\/hu\/wp-json\/wp\/v2\/product"}],"about":[{"href":"https:\/\/boreait.com\/hu\/wp-json\/wp\/v2\/types\/product"}],"wp:featuredmedia":[{"embeddable":true,"href":"https:\/\/boreait.com\/hu\/wp-json\/wp\/v2\/media\/3367"}],"wp:attachment":[{"href":"https:\/\/boreait.com\/hu\/wp-json\/wp\/v2\/media?parent=3316"}],"wp:term":[{"taxonomy":"product_brand","embeddable":true,"href":"https:\/\/boreait.com\/hu\/wp-json\/wp\/v2\/product_brand?post=3316"},{"taxonomy":"product_cat","embeddable":true,"href":"https:\/\/boreait.com\/hu\/wp-json\/wp\/v2\/product_cat?post=3316"},{"taxonomy":"product_tag","embeddable":true,"href":"https:\/\/boreait.com\/hu\/wp-json\/wp\/v2\/product_tag?post=3316"}],"curies":[{"name":"wp","href":"https:\/\/api.w.org\/{rel}","templated":true}]}}