{"id":3303,"date":"2025-09-17T10:39:07","date_gmt":"2025-09-17T08:39:07","guid":{"rendered":"https:\/\/boreait.com\/hu\/?post_type=product&#038;p=3303"},"modified":"2025-09-17T10:40:24","modified_gmt":"2025-09-17T08:40:24","slug":"lenovo-thinkpad-l540-ram-lemezborito","status":"publish","type":"product","link":"https:\/\/boreait.com\/hu\/termek\/lenovo-thinkpad-l540-ram-lemezborito\/","title":{"rendered":"Lenovo Thinkpad L540 ram lemezbor\u00edt\u00f3"},"content":{"rendered":"<p>Fokozza Lenovo ThinkPad L540 laptopja funkcionalit\u00e1s\u00e1t \u00e9s tart\u00f3ss\u00e1g\u00e1t a Lenovo RAM Disk Cover seg\u00edts\u00e9g\u00e9vel. \u00dagy tervezt\u00e9k, hogy z\u00f6kken\u0151mentesen illeszkedjen a laptop diz\u00e1jnj\u00e1hoz, \u00e9s ez a burkolat k\u00f6nny\u0171 hozz\u00e1f\u00e9r\u00e9st biztos\u00edt laptopja RAM-modulj\u00e1hoz, \u00e9s lehet\u0151v\u00e9 teszi a probl\u00e9mamentes friss\u00edt\u00e9st vagy cser\u00e9t.<\/p>\n<p>A RAM-modul kulcsfontoss\u00e1g\u00fa eleme a laptop teljes\u00edtm\u00e9ny\u00e9nek, befoly\u00e1solja annak sebess\u00e9g\u00e9t \u00e9s t\u00f6bbfeladatos k\u00e9pess\u00e9geit. A Lenovo RAM Disk Cover \u00fagy lett kialak\u00edtva, hogy megfelel\u0151 szell\u0151z\u00e9st \u00e9s h\u0171t\u00e9st biztos\u00edtson a RAM modul sz\u00e1m\u00e1ra, optimaliz\u00e1lva a teljes\u00edtm\u00e9ny\u00e9t \u00e9s meghosszabb\u00edtva \u00e9lettartam\u00e1t.<\/p>\n<p>A hiteles Lenovo cserealkatr\u00e9sznek tervezett RAM lemezbor\u00edt\u00f3 garant\u00e1lja a kompatibilit\u00e1st \u00e9s a megb\u00edzhat\u00f3s\u00e1got. Strapab\u00edr\u00f3 fel\u00e9p\u00edt\u00e9se nemcsak a laptop bels\u0151 alkatr\u00e9szeit v\u00e9di, hanem meg\u0151rzi ThinkPad L540 eleg\u00e1ns megjelen\u00e9s\u00e9t is.<\/p>\n<p>A telep\u00edt\u00e9si folyamat egyszer\u0171, \u00edgy a bark\u00e1csol\u00e1s szerelmeseinek \u00e9s a szakembereknek egyar\u00e1nt alkalmas. A Lenovo RAM Disk Cover haszn\u00e1lat\u00e1val meg\u0151rizheti ThinkPad L540 nagy teljes\u00edtm\u00e9ny\u00e9t \u00e9s megb\u00edzhat\u00f3s\u00e1g\u00e1t, biztos\u00edtva, hogy az elk\u00f6vetkez\u0151 \u00e9vekben megfeleljen sz\u00e1m\u00edt\u00e1stechnikai ig\u00e9nyeinek.<\/p>\n<p>Friss\u00edtse ThinkPad L540 teljes\u00edtm\u00e9ny\u00e9t \u00e9s megjelen\u00e9s\u00e9t a Lenovo RAM Disk Cover seg\u00edts\u00e9g\u00e9vel. Tapasztalja meg az optimaliz\u00e1lt teljes\u00edtm\u00e9nyt, a fokozott h\u0171t\u00e9st \u00e9s az egyszer\u0171 karbantart\u00e1st ezzel az eredeti Lenovo cserealkatr\u00e9szrel.<\/p>\n","protected":false},"excerpt":{"rendered":"<p>Optimaliz\u00e1lja Lenovo ThinkPad L540 teljes\u00edtm\u00e9ny\u00e9t \u00e9s h\u0171t\u00e9s\u00e9t a Lenovo RAM Disk Cover seg\u00edts\u00e9g\u00e9vel. A laptop RAM modulj\u00e1hoz val\u00f3 k\u00f6nny\u0171 hozz\u00e1f\u00e9r\u00e9sre tervezett eredeti Lenovo cserealkatr\u00e9sz kompatibilit\u00e1st, megb\u00edzhat\u00f3s\u00e1got \u00e9s megfelel\u0151 szell\u0151z\u00e9st biztos\u00edt. Jav\u00edtsa laptopja teljes\u00edtm\u00e9ny\u00e9t \u00e9s megjelen\u00e9s\u00e9t ezzel az alapvet\u0151 komponenssel.<\/p>\n","protected":false},"featured_media":3365,"template":"","meta":[],"product_brand":[],"product_cat":[16],"product_tag":[26],"class_list":{"0":"post-3303","1":"product","2":"type-product","3":"status-publish","4":"has-post-thumbnail","6":"product_cat-laptop-housing","7":"product_tag-lenovo","9":"first","10":"instock","11":"taxable","12":"shipping-taxable","13":"purchasable","14":"product-type-simple"},"_links":{"self":[{"href":"https:\/\/boreait.com\/hu\/wp-json\/wp\/v2\/product\/3303","targetHints":{"allow":["GET"]}}],"collection":[{"href":"https:\/\/boreait.com\/hu\/wp-json\/wp\/v2\/product"}],"about":[{"href":"https:\/\/boreait.com\/hu\/wp-json\/wp\/v2\/types\/product"}],"wp:featuredmedia":[{"embeddable":true,"href":"https:\/\/boreait.com\/hu\/wp-json\/wp\/v2\/media\/3365"}],"wp:attachment":[{"href":"https:\/\/boreait.com\/hu\/wp-json\/wp\/v2\/media?parent=3303"}],"wp:term":[{"taxonomy":"product_brand","embeddable":true,"href":"https:\/\/boreait.com\/hu\/wp-json\/wp\/v2\/product_brand?post=3303"},{"taxonomy":"product_cat","embeddable":true,"href":"https:\/\/boreait.com\/hu\/wp-json\/wp\/v2\/product_cat?post=3303"},{"taxonomy":"product_tag","embeddable":true,"href":"https:\/\/boreait.com\/hu\/wp-json\/wp\/v2\/product_tag?post=3303"}],"curies":[{"name":"wp","href":"https:\/\/api.w.org\/{rel}","templated":true}]}}