{"id":3302,"date":"2025-09-17T10:39:07","date_gmt":"2025-09-17T08:39:07","guid":{"rendered":"https:\/\/boreait.com\/hu\/?post_type=product&#038;p=3302"},"modified":"2025-09-17T10:40:21","modified_gmt":"2025-09-17T08:40:21","slug":"alapburkolat-ram-wifi-acer-aspire-5742-ap0fo000500","status":"publish","type":"product","link":"https:\/\/boreait.com\/hu\/termek\/alapburkolat-ram-wifi-acer-aspire-5742-ap0fo000500\/","title":{"rendered":"Alapburkolat RAM WIFI Acer Aspire 5742 (Ap0Fo000500)"},"content":{"rendered":"<p>Revitaliz\u00e1lja Acer Aspire 5742 laptopja funkcionalit\u00e1s\u00e1t \u00e9s eszt\u00e9tik\u00e1j\u00e1t az AP0FO000500 alapburkolattal, amelyet \u00fagy terveztek, hogy z\u00f6kken\u0151mentesen illeszkedjen laptopja RAM-j\u00e1hoz \u00e9s Wi-Fi-\u00f6sszetev\u0151ihez. Az Acer \u00e1ltal eredeti cserealkatr\u00e9szk\u00e9nt k\u00e9sz\u00edtett alapburkolat pontos illeszked\u00e9st \u00e9s megb\u00edzhat\u00f3 teljes\u00edtm\u00e9nyt k\u00edn\u00e1l, \u00edgy biztos\u00edtva, hogy laptopja a legjobb \u00e1llapotban maradjon.<\/p>\n<p>Id\u0151vel a laptopok alapburkolata elhaszn\u00e1l\u00f3dhat a rendszeres haszn\u00e1lat miatt. Az AP0FO000500 Base Cover kiv\u00e1l\u00f3 megold\u00e1st k\u00edn\u00e1l arra, hogy ne csak a laptop eredeti megjelen\u00e9s\u00e9t \u00e1ll\u00edtsa vissza, hanem v\u00e9d\u0151r\u00e9teget is biztos\u00edt a bels\u0151 alkatr\u00e9szek sz\u00e1m\u00e1ra. Ez a min\u0151s\u00e9gi anyagokb\u00f3l k\u00e9sz\u00fclt cserebor\u00edt\u00e1s jav\u00edtja laptopja szerkezeti integrit\u00e1s\u00e1t, mik\u00f6zben meg\u0151rzi a csiszolt \u00e9s professzion\u00e1lis megjelen\u00e9st.<\/p>\n<p>Az alapburkolat cser\u00e9je egyszer\u0171 folyamat, amely minim\u00e1lis technikai tud\u00e1st ig\u00e9nyel. Az eredeti Acer cserealkatr\u00e9szek, p\u00e9ld\u00e1ul az AP0FO000500 Base Cover haszn\u00e1lat\u00e1val garant\u00e1lja a kompatibilit\u00e1st \u00e9s a laptop megb\u00edzhat\u00f3 teljes\u00edtm\u00e9ny\u00e9t.<\/p>\n<p>Friss\u00edtse Acer Aspire 5742 laptopja megjelen\u00e9s\u00e9t \u00e9s v\u00e9delm\u00e9t az AP0FO000500 alapburkolattal. Tapasztalja meg azt a laptopot, amely meg\u00fajult eszt\u00e9tik\u00e1t \u00e9s hosszan tart\u00f3 v\u00e9delmet mutat, \u00edgy biztos\u00edtva, hogy l\u00e9p\u00e9st tudjon tartani napi ig\u00e9nyeivel.<\/p>\n","protected":false},"excerpt":{"rendered":"<p>Alak\u00edtsa \u00e1t Acer Aspire 5742 laptopj\u00e1t az AP0FO000500 alapburkolattal, amelyet \u00fagy terveztek, hogy t\u00f6k\u00e9letesen elf\u00e9rjen a RAM \u00e9s a Wi-Fi \u00f6sszetev\u0151k k\u00f6z\u00f6tt. Ez az eredeti Acer cserealkatr\u00e9sz, ez a burkolat nemcsak visszaadja a laptop eredeti megjelen\u00e9s\u00e9t, hanem fokozott v\u00e9delmet \u00e9s tart\u00f3ss\u00e1got is k\u00edn\u00e1l. N\u00f6velje laptopja eszt\u00e9tik\u00e1j\u00e1t \u00e9s hossz\u00fa \u00e9lettartam\u00e1t ezzel az eredeti csereburkolattal.<\/p>\n","protected":false},"featured_media":3363,"template":"","meta":[],"product_brand":[],"product_cat":[16],"product_tag":[29],"class_list":{"0":"post-3302","1":"product","2":"type-product","3":"status-publish","4":"has-post-thumbnail","6":"product_cat-laptop-housing","7":"product_tag-acer","9":"first","10":"instock","11":"taxable","12":"shipping-taxable","13":"purchasable","14":"product-type-simple"},"_links":{"self":[{"href":"https:\/\/boreait.com\/hu\/wp-json\/wp\/v2\/product\/3302","targetHints":{"allow":["GET"]}}],"collection":[{"href":"https:\/\/boreait.com\/hu\/wp-json\/wp\/v2\/product"}],"about":[{"href":"https:\/\/boreait.com\/hu\/wp-json\/wp\/v2\/types\/product"}],"wp:featuredmedia":[{"embeddable":true,"href":"https:\/\/boreait.com\/hu\/wp-json\/wp\/v2\/media\/3363"}],"wp:attachment":[{"href":"https:\/\/boreait.com\/hu\/wp-json\/wp\/v2\/media?parent=3302"}],"wp:term":[{"taxonomy":"product_brand","embeddable":true,"href":"https:\/\/boreait.com\/hu\/wp-json\/wp\/v2\/product_brand?post=3302"},{"taxonomy":"product_cat","embeddable":true,"href":"https:\/\/boreait.com\/hu\/wp-json\/wp\/v2\/product_cat?post=3302"},{"taxonomy":"product_tag","embeddable":true,"href":"https:\/\/boreait.com\/hu\/wp-json\/wp\/v2\/product_tag?post=3302"}],"curies":[{"name":"wp","href":"https:\/\/api.w.org\/{rel}","templated":true}]}}