{"id":3301,"date":"2025-09-17T10:39:07","date_gmt":"2025-09-17T08:39:07","guid":{"rendered":"https:\/\/boreait.com\/hu\/?post_type=product&#038;p=3301"},"modified":"2025-09-17T10:40:18","modified_gmt":"2025-09-17T08:40:18","slug":"asus-x54h-s0165v-alvaz-also-haz-13gn7udap021-1","status":"publish","type":"product","link":"https:\/\/boreait.com\/hu\/termek\/asus-x54h-s0165v-alvaz-also-haz-13gn7udap021-1\/","title":{"rendered":"ASUS X54H-S0165V alv\u00e1z, als\u00f3 h\u00e1z 13GN7UDAP021-1"},"content":{"rendered":"<p>M\u00f3dos\u00edtsa ASUS X54H-S0165V laptopj\u00e1nak megjelen\u00e9s\u00e9t \u00e9s szerkezeti integrit\u00e1s\u00e1t a 13GN7UDAP021-1 alv\u00e1zzal. Ezt az ASUS \u00e1ltal eredeti cserealkatr\u00e9szk\u00e9nt k\u00e9sz\u00edtett als\u00f3 burkolatot \u00fagy tervezt\u00e9k, hogy t\u00f6k\u00e9letesen illeszkedjen laptopmodellj\u00e9hez, vissza\u00e1ll\u00edtva eredeti karcs\u00fas\u00e1g\u00e1t \u00e9s v\u00e9delm\u00e9t.<\/p>\n<p>Id\u0151vel a laptopok h\u00e1za elhaszn\u00e1l\u00f3dhat, megkarcol\u00f3dhat vagy megs\u00e9r\u00fclhet a mindennapi haszn\u00e1lat miatt. A 13GN7UDAP021-1 h\u00e1z alja ide\u00e1lis megold\u00e1st k\u00edn\u00e1l laptopja megjelen\u00e9s\u00e9nek \u00e9s \u00e9rzet\u00e9nek felfriss\u00edt\u00e9s\u00e9re. Ez a tart\u00f3s anyagokb\u00f3l k\u00e9sz\u00fclt csereh\u00e9j nemcsak az eszt\u00e9tikai megjelen\u00e9st er\u0151s\u00edti, hanem meger\u0151s\u00edti a k\u00e9sz\u00fcl\u00e9k szerkezeti integrit\u00e1s\u00e1t is.<\/p>\n<p>A h\u00e1z als\u00f3 burkolat\u00e1nak cser\u00e9je egyszer\u0171 folyamat, amely nem ig\u00e9nyel speci\u00e1lis m\u0171szaki ismereteket. Az eredeti ASUS cserealkatr\u00e9szek seg\u00edts\u00e9g\u00e9vel biztos lehet benne, hogy a haszn\u00e1lt alkatr\u00e9szek kompatibilisek \u00e9s min\u0151s\u00e9giek.<\/p>\n<p>Friss\u00edtse ASUS X54H-S0165V laptopja megjelen\u00e9s\u00e9t \u00e9s v\u00e9delm\u00e9t a 13GN7UDAP021-1 alv\u00e1zzal. \u00c9lvezze a laptopot, amely \u00fagy n\u00e9z ki, mint az \u00faj, mik\u00f6zben biztos\u00edtja a hossz\u00fa t\u00e1v\u00fa tart\u00f3ss\u00e1got \u00e9s teljes\u00edtm\u00e9nyt.<\/p>\n","protected":false},"excerpt":{"rendered":"<p>A 13GN7UDAP021-1 alv\u00e1z h\u00e9jazattal \u00faj \u00e1talak\u00edt\u00e1st adhat ASUS X54H-S0165V laptopj\u00e1nak. Ez az eredeti ASUS cserek\u00e9nt k\u00e9sz\u00fclt h\u00e9j visszaadja laptopja megjelen\u00e9s\u00e9t \u00e9s szerkezeti integrit\u00e1s\u00e1t. Mondjon b\u00facs\u00fat a karcol\u00e1soknak \u00e9s kop\u00e1snak, \u00e9s \u00e9lvezze az \u00fajszer\u0171 megjelen\u00e9s\u0171 \u00e9s \u00e9rzet\u0171 k\u00e9sz\u00fcl\u00e9ket.<\/p>\n","protected":false},"featured_media":3361,"template":"","meta":[],"product_brand":[],"product_cat":[16],"product_tag":[30],"class_list":{"0":"post-3301","1":"product","2":"type-product","3":"status-publish","4":"has-post-thumbnail","6":"product_cat-laptop-housing","7":"product_tag-asus","9":"first","10":"instock","11":"taxable","12":"shipping-taxable","13":"purchasable","14":"product-type-simple"},"_links":{"self":[{"href":"https:\/\/boreait.com\/hu\/wp-json\/wp\/v2\/product\/3301","targetHints":{"allow":["GET"]}}],"collection":[{"href":"https:\/\/boreait.com\/hu\/wp-json\/wp\/v2\/product"}],"about":[{"href":"https:\/\/boreait.com\/hu\/wp-json\/wp\/v2\/types\/product"}],"wp:featuredmedia":[{"embeddable":true,"href":"https:\/\/boreait.com\/hu\/wp-json\/wp\/v2\/media\/3361"}],"wp:attachment":[{"href":"https:\/\/boreait.com\/hu\/wp-json\/wp\/v2\/media?parent=3301"}],"wp:term":[{"taxonomy":"product_brand","embeddable":true,"href":"https:\/\/boreait.com\/hu\/wp-json\/wp\/v2\/product_brand?post=3301"},{"taxonomy":"product_cat","embeddable":true,"href":"https:\/\/boreait.com\/hu\/wp-json\/wp\/v2\/product_cat?post=3301"},{"taxonomy":"product_tag","embeddable":true,"href":"https:\/\/boreait.com\/hu\/wp-json\/wp\/v2\/product_tag?post=3301"}],"curies":[{"name":"wp","href":"https:\/\/api.w.org\/{rel}","templated":true}]}}