{"id":3300,"date":"2025-09-17T10:39:07","date_gmt":"2025-09-17T08:39:07","guid":{"rendered":"https:\/\/boreait.com\/hu\/?post_type=product&#038;p=3300"},"modified":"2025-09-17T10:40:13","modified_gmt":"2025-09-17T08:40:13","slug":"bal-es-jobb-egergomb-a-dell-latitude-5289-7389-7390-a167qf-hez","status":"publish","type":"product","link":"https:\/\/boreait.com\/hu\/termek\/bal-es-jobb-egergomb-a-dell-latitude-5289-7389-7390-a167qf-hez\/","title":{"rendered":"Bal \u00e9s jobb eg\u00e9rgomb A DELL Latitude 5289 7389 7390 A167QF-hez"},"content":{"rendered":"<p>Fedezze fel a laptop eg\u00e9rgombj\u00e1nak t\u00f6k\u00e9letes helyettes\u00edt\u0151j\u00e9t az eredeti bal \u00e9s jobb eg\u00e9rgombbal, amelyet kifejezetten a DELL Latitude 5289-es, 7389-es \u00e9s 7390-es modelljeihez terveztek. Ez a cs\u00facspontos precizit\u00e1ssal k\u00e9sz\u00fclt A167QF term\u00e9k gondoskodik arr\u00f3l, hogy laptopja meg\u0151rizze karcs\u00fa megjelen\u00e9s\u00e9t, mik\u00f6zben a tapinthat\u00f3 visszajelz\u00e9seket is k\u00f6zvet\u00edti. Legyen sz\u00f3 rendszeres b\u00f6ng\u00e9sz\u00e9sr\u0151l vagy fontos projektekr\u0151l, egy m\u0171k\u00f6d\u0151 eg\u00e9rgomb elengedhetetlen a hat\u00e9kony laptophaszn\u00e1lathoz. Term\u00e9k\u00fcnk nem csak t\u00f6k\u00e9letes kompatibilit\u00e1st \u00edg\u00e9r, hanem k\u00f6nnyed telep\u00edt\u00e9si folyamatot is. Az eur\u00f3pai min\u0151s\u00e9gi szabv\u00e1nyoknak megfelel\u0151en kialak\u00edtott gombcsere a kiv\u00e1l\u00f3s\u00e1g ir\u00e1nti elk\u00f6telezetts\u00e9g\u00fcnk bizony\u00edt\u00e9ka. Hagyja, hogy term\u00e9k\u00fcnk \u00faj \u00e9letet leheljen laptopj\u00e1ba, \u00e9s jav\u00edtsa a sz\u00e1m\u00edt\u00e1stechnikai \u00e9lm\u00e9nyt.<\/p>\n","protected":false},"excerpt":{"rendered":"<p>Kiv\u00e1l\u00f3 min\u0151s\u00e9g\u0171 bal \u00e9s amp; Jobb eg\u00e9rgomb a DELL Latitude 5289, 7389, 7390-hez. A167QF modell. Eur\u00f3pai szabv\u00e1nyok, z\u00f6kken\u0151mentes illeszked\u00e9s \u00e9s k\u00f6nny\u0171 telep\u00edt\u00e9s. N\u00f6velje laptopja hat\u00e9konys\u00e1g\u00e1t m\u00e9g ma!<\/p>\n","protected":false},"featured_media":3352,"template":"","meta":[],"product_brand":[],"product_cat":[42],"product_tag":[17],"class_list":{"0":"post-3300","1":"product","2":"type-product","3":"status-publish","4":"has-post-thumbnail","6":"product_cat-laptop-touchpads","7":"product_tag-dell","9":"first","10":"instock","11":"taxable","12":"shipping-taxable","13":"purchasable","14":"product-type-simple"},"_links":{"self":[{"href":"https:\/\/boreait.com\/hu\/wp-json\/wp\/v2\/product\/3300","targetHints":{"allow":["GET"]}}],"collection":[{"href":"https:\/\/boreait.com\/hu\/wp-json\/wp\/v2\/product"}],"about":[{"href":"https:\/\/boreait.com\/hu\/wp-json\/wp\/v2\/types\/product"}],"wp:featuredmedia":[{"embeddable":true,"href":"https:\/\/boreait.com\/hu\/wp-json\/wp\/v2\/media\/3352"}],"wp:attachment":[{"href":"https:\/\/boreait.com\/hu\/wp-json\/wp\/v2\/media?parent=3300"}],"wp:term":[{"taxonomy":"product_brand","embeddable":true,"href":"https:\/\/boreait.com\/hu\/wp-json\/wp\/v2\/product_brand?post=3300"},{"taxonomy":"product_cat","embeddable":true,"href":"https:\/\/boreait.com\/hu\/wp-json\/wp\/v2\/product_cat?post=3300"},{"taxonomy":"product_tag","embeddable":true,"href":"https:\/\/boreait.com\/hu\/wp-json\/wp\/v2\/product_tag?post=3300"}],"curies":[{"name":"wp","href":"https:\/\/api.w.org\/{rel}","templated":true}]}}