{"id":3299,"date":"2025-09-17T10:39:06","date_gmt":"2025-09-17T08:39:06","guid":{"rendered":"https:\/\/boreait.com\/hu\/?post_type=product&#038;p=3299"},"modified":"2025-09-17T10:40:09","modified_gmt":"2025-09-17T08:40:09","slug":"acer-aspire-5736z-2524-5736z-sorozatu-bekapcsologomb-lap-ls-6582p-kabellel","status":"publish","type":"product","link":"https:\/\/boreait.com\/hu\/termek\/acer-aspire-5736z-2524-5736z-sorozatu-bekapcsologomb-lap-ls-6582p-kabellel\/","title":{"rendered":"ACER ASPIRE 5736Z-2524 5736Z SOROZAT\u00da BEKAPCSOL\u00d3GOMB LAP LS-6582P K\u00c1BELLEL"},"content":{"rendered":"<p>Revitaliz\u00e1lja Acer Aspire 5736Z-2524 laptopja bekapcsol\u00f3gombj\u00e1nak funkcionalit\u00e1s\u00e1t a bekapcsol\u00f3gomb panellel \u00e9s k\u00e1bellel, cikksz\u00e1m: LS-6582P. Ez a kifejezetten az Acer Aspire 5736Z sorozathoz tervezett cserealkatr\u00e9sz \u00e9rz\u00e9keny \u00e9s megb\u00edzhat\u00f3 bekapcsol\u00f3gomb-m\u0171k\u00f6dtet\u00e9st biztos\u00edt, z\u00f6kken\u0151mentes felhaszn\u00e1l\u00f3i \u00e9lm\u00e9nyt biztos\u00edtva.<\/p>\n<p>A bekapcsol\u00f3gomb t\u00e1bla a mell\u00e9kelt k\u00e1bellel egy\u00fctt olyan kulcsfontoss\u00e1g\u00fa interf\u00e9szk\u00e9nt szolg\u00e1l, amely a megnyom\u00e1s\u00e1t a laptop be- \u00e9s kikapcsol\u00e1s\u00e1t szolg\u00e1l\u00f3 elektronikus jelekk\u00e9 alak\u00edtja. Id\u0151vel a gyakori haszn\u00e1lat vagy a kop\u00e1s a bekapcsol\u00f3gombok nem reag\u00e1l\u00e1s\u00e1hoz vezethet, ami akad\u00e1lyozza a laptop energiaell\u00e1t\u00e1s\u00e1nak hat\u00e9kony szab\u00e1lyoz\u00e1s\u00e1t.<\/p>\n<p>Ha a bekapcsol\u00f3gomb panelt \u00e9s k\u00e1belt erre az eredeti Acer komponensre cser\u00e9li, vissza\u00e1ll\u00edthatja laptopja bekapcsol\u00f3gombj\u00e1nak eredeti tapint\u00e1si reakci\u00f3j\u00e1t. A mell\u00e9kelt k\u00e1bel biztos\u00edtja a megfelel\u0151 csatlakoz\u00e1st a laptop alaplapj\u00e1hoz, lehet\u0151v\u00e9 t\u00e9ve a pontos \u00e9s egyenletes t\u00e1pell\u00e1t\u00e1st.<\/p>\n<p>A bekapcsol\u00f3gomb panel \u00e9s a k\u00e1bel beszerel\u00e9se egyszer\u0171, \u00e9s jelent\u0151sen jav\u00edthatja Acer Aspire 5736Z-2524 laptopja \u00e1ltal\u00e1nos haszn\u00e1lhat\u00f3s\u00e1g\u00e1t. Az eredeti Acer p\u00f3talkatr\u00e9szekkel biztos lehet a term\u00e9k min\u0151s\u00e9g\u00e9ben \u00e9s kompatibilit\u00e1s\u00e1ban, ami tart\u00f3s megold\u00e1st biztos\u00edt a bekapcsol\u00f3gombokkal kapcsolatos probl\u00e9m\u00e1kra.<\/p>\n<p>V\u00e1lassza ki az LS-6582P cikksz\u00e1m\u00fa bekapcsol\u00f3gomb k\u00e1rty\u00e1t \u00e9s k\u00e1belt, hogy vissza\u00e1ll\u00edtsa Acer Aspire 5736Z-2524 laptopja bekapcsol\u00f3gombj\u00e1nak m\u0171k\u00f6d\u00e9s\u00e9t, \u00edgy k\u00e9nyelmes \u00e9s megb\u00edzhat\u00f3 t\u00e1pell\u00e1t\u00e1st biztos\u00edt az eszk\u00f6z sz\u00e1m\u00e1ra.<\/p>\n","protected":false},"excerpt":{"rendered":"<p>\u00c1ll\u00edtsa vissza Acer Aspire 5736Z-2524 laptopja bekapcsol\u00f3gombj\u00e1nak m\u0171k\u00f6d\u00e9s\u00e9t a bekapcsol\u00f3gomb panellel \u00e9s k\u00e1bellel, cikksz\u00e1m: LS-6582P. Az Acer Aspire 5736Z sorozathoz tervezett eredeti Acer csere gondoskodik a bekapcsol\u00f3gomb gyors \u00e9s megb\u00edzhat\u00f3 m\u0171k\u00f6d\u00e9s\u00e9r\u0151l. Friss\u00edtse laptopja teljes\u00edtm\u00e9nyszab\u00e1lyoz\u00e1s\u00e1t ezzel az egyszer\u0171en telep\u00edthet\u0151 cserealkatr\u00e9szrel.<\/p>\n","protected":false},"featured_media":3351,"template":"","meta":[],"product_brand":[],"product_cat":[27],"product_tag":[29],"class_list":{"0":"post-3299","1":"product","2":"type-product","3":"status-publish","4":"has-post-thumbnail","6":"product_cat-motherboards-board-parts","7":"product_tag-acer","9":"first","10":"instock","11":"taxable","12":"shipping-taxable","13":"purchasable","14":"product-type-simple"},"_links":{"self":[{"href":"https:\/\/boreait.com\/hu\/wp-json\/wp\/v2\/product\/3299","targetHints":{"allow":["GET"]}}],"collection":[{"href":"https:\/\/boreait.com\/hu\/wp-json\/wp\/v2\/product"}],"about":[{"href":"https:\/\/boreait.com\/hu\/wp-json\/wp\/v2\/types\/product"}],"wp:featuredmedia":[{"embeddable":true,"href":"https:\/\/boreait.com\/hu\/wp-json\/wp\/v2\/media\/3351"}],"wp:attachment":[{"href":"https:\/\/boreait.com\/hu\/wp-json\/wp\/v2\/media?parent=3299"}],"wp:term":[{"taxonomy":"product_brand","embeddable":true,"href":"https:\/\/boreait.com\/hu\/wp-json\/wp\/v2\/product_brand?post=3299"},{"taxonomy":"product_cat","embeddable":true,"href":"https:\/\/boreait.com\/hu\/wp-json\/wp\/v2\/product_cat?post=3299"},{"taxonomy":"product_tag","embeddable":true,"href":"https:\/\/boreait.com\/hu\/wp-json\/wp\/v2\/product_tag?post=3299"}],"curies":[{"name":"wp","href":"https:\/\/api.w.org\/{rel}","templated":true}]}}