{"id":3297,"date":"2025-09-17T10:39:06","date_gmt":"2025-09-17T08:39:06","guid":{"rendered":"https:\/\/boreait.com\/hu\/?post_type=product&#038;p=3297"},"modified":"2025-09-17T10:40:04","modified_gmt":"2025-09-17T08:40:04","slug":"acer-aspire-5253-bz-csuklotamasz-erintopad-ap0ic000100-borito-billentyuzet-bekapcsologomb","status":"publish","type":"product","link":"https:\/\/boreait.com\/hu\/termek\/acer-aspire-5253-bz-csuklotamasz-erintopad-ap0ic000100-borito-billentyuzet-bekapcsologomb\/","title":{"rendered":"Acer Aspire 5253-BZ csukl\u00f3t\u00e1masz \u00e9rint\u0151pad AP0IC000100 bor\u00edt\u00f3 billenty\u0171zet bekapcsol\u00f3gomb"},"content":{"rendered":"<p>N\u00f6velje Acer Aspire 5253-BZ laptopja funkcionalit\u00e1s\u00e1t \u00e9s vizu\u00e1lis vonzerej\u00e9t az Acer AP0IC000100 csukl\u00f3t\u00e1masz \u00e9rint\u0151paddal. Ez az \u00e1tfog\u00f3 csomag tartalmazza a csukl\u00f3t\u00e1maszt, az \u00e9rint\u0151padot, a billenty\u0171zet fedel\u00e9t, a billenty\u0171zetet \u00e9s a bekapcsol\u00f3gombot, amelyek teljes k\u00f6r\u0171 megold\u00e1st k\u00edn\u00e1lnak laptopja friss\u00edt\u00e9s\u00e9re \u00e9s megfiatal\u00edt\u00e1s\u00e1ra.<\/p>\n<p>A prec\u00edzen megalkotott, \u00e9s \u00fagy tervezt\u00e9k, hogy z\u00f6kken\u0151mentesen illeszkedjen a laptop konstrukci\u00f3j\u00e1ba, az Acer AP0IC000100 csukl\u00f3t\u00e1maszos \u00e9rint\u0151pad nagyobb k\u00e9nyelmet \u00e9s egyszer\u0171bb haszn\u00e1latot k\u00edn\u00e1l. Az \u00e9rint\u0151pad pontos navig\u00e1ci\u00f3t tesz lehet\u0151v\u00e9, az \u00e9rz\u00e9keny billenty\u0171zetburkolat pedig fokozza a g\u00e9pel\u00e9si \u00e9lm\u00e9nyt. A be\u00e9p\u00edtett billenty\u0171zet \u00e9s a bekapcsol\u00f3gomb k\u00e9nyelmes hozz\u00e1f\u00e9r\u00e9st biztos\u00edt az alapvet\u0151 funkci\u00f3khoz.<\/p>\n<p>A tart\u00f3s anyagokb\u00f3l k\u00e9sz\u00fclt Acer AP0IC000100 csukl\u00f3t\u00e1masz \u00e9rint\u0151pad megb\u00edzhat\u00f3 v\u00e9delmet ny\u00fajt laptopja bels\u0151 alkatr\u00e9szei sz\u00e1m\u00e1ra. Prec\u00edz kialak\u00edt\u00e1sa biztos\u00edtja a biztons\u00e1gos illeszked\u00e9st, amely t\u00f6k\u00e9letesen illeszkedik a k\u00e9sz\u00fcl\u00e9khez, meg\u0151rzi eredeti tervez\u00e9si eszt\u00e9tik\u00e1j\u00e1t, mik\u00f6zben fokozott tart\u00f3ss\u00e1got k\u00edn\u00e1l.<\/p>\n<p>Az alkatr\u00e9szek cser\u00e9je egyszer\u0171, mivel az Acer AP0IC000100 csukl\u00f3t\u00e1masz \u00e9rint\u0151pad illeszkedik a laptop fel\u00e9p\u00edt\u00e9s\u00e9hez. Ez az \u00e1tfog\u00f3 csomag tartalmazza a teljes friss\u00edt\u00e9shez sz\u00fcks\u00e9ges \u00f6sszes \u00f6sszetev\u0151t, lehet\u0151v\u00e9 t\u00e9ve, hogy egy mozdulattal \u00e9lvezze a tov\u00e1bbfejlesztett funkcionalit\u00e1st \u00e9s az eszt\u00e9tik\u00e1t.<\/p>\n<p>Friss\u00edtse Acer Aspire 5253-BZ laptopj\u00e1t az Acer AP0IC000100 csukl\u00f3t\u00e1masz \u00e9rint\u0151pad csomaggal. N\u00f6velje laptopja haszn\u00e1lhat\u00f3s\u00e1g\u00e1t, v\u00e9delm\u00e9t \u00e9s vizu\u00e1lis vonzerej\u00e9t ezzel az eredeti Acer cserealkatr\u00e9szrel, amely fokozott funkcionalit\u00e1st \u00e9s z\u00f6kken\u0151mentes illeszked\u00e9st k\u00edn\u00e1l.<\/p>\n","protected":false},"excerpt":{"rendered":"<p>B\u0151v\u00edtse Acer Aspire 5253-BZ laptopj\u00e1t az Acer AP0IC000100 csukl\u00f3t\u00e1masz \u00e9rint\u0151pad csomaggal. Ez az \u00e1tfog\u00f3 megold\u00e1s csukl\u00f3t\u00e1maszt, \u00e9rint\u0151padot, billenty\u0171zetburkolatot, billenty\u0171zetet \u00e9s bekapcsol\u00f3gombot tartalmaz, amelyek jobb funkcionalit\u00e1st \u00e9s l\u00e1tv\u00e1nyt ny\u00fajtanak. A pontoss\u00e1g \u00e9s a tart\u00f3ss\u00e1g szem el\u0151tt tart\u00e1s\u00e1val k\u00e9sz\u00fclt, ez az eredeti Acer cserealkatr\u00e9sz z\u00f6kken\u0151mentes illeszked\u00e9st \u00e9s tov\u00e1bbfejlesztett laptop\u00e9lm\u00e9nyt biztos\u00edt.<\/p>\n","protected":false},"featured_media":3348,"template":"","meta":[],"product_brand":[],"product_cat":[16],"product_tag":[29],"class_list":{"0":"post-3297","1":"product","2":"type-product","3":"status-publish","4":"has-post-thumbnail","6":"product_cat-laptop-housing","7":"product_tag-acer","9":"first","10":"instock","11":"taxable","12":"shipping-taxable","13":"purchasable","14":"product-type-simple"},"_links":{"self":[{"href":"https:\/\/boreait.com\/hu\/wp-json\/wp\/v2\/product\/3297","targetHints":{"allow":["GET"]}}],"collection":[{"href":"https:\/\/boreait.com\/hu\/wp-json\/wp\/v2\/product"}],"about":[{"href":"https:\/\/boreait.com\/hu\/wp-json\/wp\/v2\/types\/product"}],"wp:featuredmedia":[{"embeddable":true,"href":"https:\/\/boreait.com\/hu\/wp-json\/wp\/v2\/media\/3348"}],"wp:attachment":[{"href":"https:\/\/boreait.com\/hu\/wp-json\/wp\/v2\/media?parent=3297"}],"wp:term":[{"taxonomy":"product_brand","embeddable":true,"href":"https:\/\/boreait.com\/hu\/wp-json\/wp\/v2\/product_brand?post=3297"},{"taxonomy":"product_cat","embeddable":true,"href":"https:\/\/boreait.com\/hu\/wp-json\/wp\/v2\/product_cat?post=3297"},{"taxonomy":"product_tag","embeddable":true,"href":"https:\/\/boreait.com\/hu\/wp-json\/wp\/v2\/product_tag?post=3297"}],"curies":[{"name":"wp","href":"https:\/\/api.w.org\/{rel}","templated":true}]}}