{"id":3282,"date":"2025-09-17T10:38:37","date_gmt":"2025-09-17T08:38:37","guid":{"rendered":"https:\/\/boreait.com\/hu\/?post_type=product&#038;p=3282"},"modified":"2025-09-17T10:40:00","modified_gmt":"2025-09-17T08:40:00","slug":"535796-001-6070b0347001-eredeti-hp-felso-cpu-burkolat-vazi-probook-4710s","status":"publish","type":"product","link":"https:\/\/boreait.com\/hu\/termek\/535796-001-6070b0347001-eredeti-hp-felso-cpu-burkolat-vazi-probook-4710s\/","title":{"rendered":"535796-001 6070B0347001 EREDETI HP FELS\u0150 CPU BURKOLAT V\u00c1ZI PROBOOK 4710S"},"content":{"rendered":"<p>N\u00f6velje HP ProBook 4710S laptopja eszt\u00e9tik\u00e1j\u00e1t \u00e9s v\u00e9delm\u00e9t az eredeti HP 535796-001 fels\u0151 CPU burkolattal. A prec\u00edzen megalkotott, \u00e9s \u00fagy tervezt\u00e9k, hogy z\u00f6kken\u0151mentesen illeszkedjen a laptop tetej\u00e9re, ez az eredeti HP cserealkatr\u00e9sz funkcion\u00e1lis \u00e9s vizu\u00e1lis fejleszt\u00e9seket is k\u00edn\u00e1l.<\/p>\n<p>A tart\u00f3s anyagokb\u00f3l k\u00e9sz\u00fclt HP 535796-001 fels\u0151 CPU-burkolat\u00fa h\u00e1z megb\u00edzhat\u00f3 v\u00e9delmet ny\u00fajt laptopja bels\u0151 alkatr\u00e9szei sz\u00e1m\u00e1ra. Prec\u00edz kialak\u00edt\u00e1sa biztos\u00edtja a biztons\u00e1gos illeszked\u00e9st, amely t\u00f6k\u00e9letesen illeszkedik a k\u00e9sz\u00fcl\u00e9khez, meg\u0151rzi eredeti tervez\u00e9si eszt\u00e9tik\u00e1j\u00e1t, mik\u00f6zben fokozott tart\u00f3ss\u00e1got k\u00edn\u00e1l.<\/p>\n<p>A k\u00f6zvetlen cser\u00e9re tervezett HP 535796-001 fels\u0151 CPU-burkolat telep\u00edt\u00e9se egyszer\u0171 folyamat. A laptop fel\u00e9p\u00edt\u00e9s\u00e9hez igazodik, k\u00f6nny\u0171 hozz\u00e1f\u00e9r\u00e9st biztos\u00edtva a portokhoz, gombokhoz \u00e9s egy\u00e9b alkatr\u00e9szekhez a funkcionalit\u00e1s vesz\u00e9lyeztet\u00e9se n\u00e9lk\u00fcl.<\/p>\n<p>Fektessen be a HP hiteless\u00e9g\u00e9be \u00e9s min\u0151s\u00e9g\u00e9be, ha az 535796-001 fels\u0151 CPU-burkolatot v\u00e1lasztja ProBook 4710S laptopj\u00e1hoz. N\u00f6velje eszk\u00f6ze tart\u00f3ss\u00e1g\u00e1t \u00e9s l\u00e1tv\u00e1nyoss\u00e1g\u00e1t, mik\u00f6zben biztos\u00edtja a biztons\u00e1gos \u00e9s z\u00f6kken\u0151mentes illeszked\u00e9st, amelyet csak az eredeti HP cserealkatr\u00e9szek tudnak biztos\u00edtani.<\/p>\n","protected":false},"excerpt":{"rendered":"<p>N\u00f6velje HP ProBook 4710S laptopja v\u00e9delm\u00e9t \u00e9s megjelen\u00e9s\u00e9t az eredeti HP 535796-001 fels\u0151 CPU burkolattal. \u00dagy tervezt\u00e9k, hogy t\u00f6k\u00e9letesen illeszkedjen \u00e9s tart\u00f3s legyen, ez az eredeti HP cserealkatr\u00e9sz fokozott eszt\u00e9tik\u00e1t \u00e9s biztons\u00e1gos v\u00e9delmet biztos\u00edt az eszk\u00f6z bels\u0151 alkatr\u00e9szeinek. V\u00e1lasszon min\u0151s\u00e9get \u00e9s hiteless\u00e9get a HP seg\u00edts\u00e9g\u00e9vel.<\/p>\n","protected":false},"featured_media":3346,"template":"","meta":[],"product_brand":[],"product_cat":[16],"product_tag":[25],"class_list":{"0":"post-3282","1":"product","2":"type-product","3":"status-publish","4":"has-post-thumbnail","6":"product_cat-laptop-housing","7":"product_tag-hp","9":"first","10":"instock","11":"taxable","12":"shipping-taxable","13":"purchasable","14":"product-type-simple"},"_links":{"self":[{"href":"https:\/\/boreait.com\/hu\/wp-json\/wp\/v2\/product\/3282","targetHints":{"allow":["GET"]}}],"collection":[{"href":"https:\/\/boreait.com\/hu\/wp-json\/wp\/v2\/product"}],"about":[{"href":"https:\/\/boreait.com\/hu\/wp-json\/wp\/v2\/types\/product"}],"wp:featuredmedia":[{"embeddable":true,"href":"https:\/\/boreait.com\/hu\/wp-json\/wp\/v2\/media\/3346"}],"wp:attachment":[{"href":"https:\/\/boreait.com\/hu\/wp-json\/wp\/v2\/media?parent=3282"}],"wp:term":[{"taxonomy":"product_brand","embeddable":true,"href":"https:\/\/boreait.com\/hu\/wp-json\/wp\/v2\/product_brand?post=3282"},{"taxonomy":"product_cat","embeddable":true,"href":"https:\/\/boreait.com\/hu\/wp-json\/wp\/v2\/product_cat?post=3282"},{"taxonomy":"product_tag","embeddable":true,"href":"https:\/\/boreait.com\/hu\/wp-json\/wp\/v2\/product_tag?post=3282"}],"curies":[{"name":"wp","href":"https:\/\/api.w.org\/{rel}","templated":true}]}}