{"id":3281,"date":"2025-09-17T10:38:37","date_gmt":"2025-09-17T08:38:37","guid":{"rendered":"https:\/\/boreait.com\/hu\/?post_type=product&#038;p=3281"},"modified":"2025-09-17T10:39:57","modified_gmt":"2025-09-17T08:39:57","slug":"acer-aspire-5610-5630-bl50-154-eredeti-also-tok-ajtokkal-fedel-ajtokkal-ap008002x00","status":"publish","type":"product","link":"https:\/\/boreait.com\/hu\/termek\/acer-aspire-5610-5630-bl50-154-eredeti-also-tok-ajtokkal-fedel-ajtokkal-ap008002x00\/","title":{"rendered":"Acer Aspire 5610 5630 bl50 15,4&#8243; Eredeti als\u00f3 tok ajt\u00f3kkal\/fed\u00e9l ajt\u00f3kkal AP008002X00"},"content":{"rendered":"<p>Friss\u00edtse \u00e9s jav\u00edtsa Acer Aspire 5610 vagy 5630 laptopj\u00e1t az eredeti Acer AP008002X00 als\u00f3 tokkal. A prec\u00edzen megalkotott \u00e9s az Aspire 5610 \u00e9s 5630 modellek specifikus m\u00e9reteihez z\u00f6kken\u0151mentesen kialak\u00edtott, als\u00f3 h\u00e1zcsere eleg\u00e1ns \u00e9s biztons\u00e1gos h\u00e1zat biztos\u00edt laptopja bels\u0151 alkatr\u00e9szeinek.<\/p>\n<p>A tart\u00f3s fel\u00e9p\u00edt\u00e9s\u0171 Acer AP008002X00 als\u00f3 tok \u00fagy k\u00e9sz\u00fclt, hogy ellen\u00e1lljon a mindennapi haszn\u00e1lat megterhel\u00e9s\u00e9nek, mik\u00f6zben meg\u0151rzi laptopja eredeti megjelen\u00e9s\u00e9t. A mell\u00e9kelt fed\u0151ajt\u00f3k funkcionalit\u00e1st \u00e9s k\u00e9nyelmet biztos\u00edtanak, lehet\u0151v\u00e9 t\u00e9ve a k\u00f6nny\u0171 hozz\u00e1f\u00e9r\u00e9st az alapvet\u0151 portokhoz \u00e9s alkatr\u00e9szekhez, mint p\u00e9ld\u00e1ul a mem\u00f3ria \u00e9s a merevlemez.<\/p>\n<p>A laptop als\u00f3 h\u00e1z\u00e1nak cser\u00e9je egyszer\u0171v\u00e9 v\u00e1lik ezzel az eredeti Acer cserealkatr\u00e9szrel. Ez biztos\u00edtja a kompatibilit\u00e1st, az integrit\u00e1st \u00e9s az eszk\u00f6zzel val\u00f3 z\u00f6kken\u0151mentes integr\u00e1ci\u00f3t. Az Acer AP008002X00 als\u00f3 tok kiv\u00e1laszt\u00e1s\u00e1val egy kiv\u00e1l\u00f3 min\u0151s\u00e9g\u0171 csereeszk\u00f6zbe fektet be, amely meg\u0151rzi az Acer kiv\u00e1l\u00f3 h\u00edrnev\u00e9t.<\/p>\n<p>Friss\u00edtse Acer Aspire 5610 vagy 5630 laptopj\u00e1t az eredeti Acer AP008002X00 als\u00f3 tokkal, fed\u0151ajt\u00f3kkal egy\u00fctt. N\u00f6velje eszk\u00f6ze tart\u00f3ss\u00e1g\u00e1t \u00e9s eszt\u00e9tik\u00e1j\u00e1t, mik\u00f6zben \u00e9lvezheti az alapvet\u0151 alkatr\u00e9szek egyszer\u0171 el\u00e9r\u00e9s\u00e9t. Tapasztalja meg az eredeti Acer cserealkatr\u00e9szek megel\u00e9ged\u00e9s\u00e9t, amelyet tart\u00f3snak terveztek.<\/p>\n","protected":false},"excerpt":{"rendered":"<p>N\u00f6velje Acer Aspire 5610 vagy 5630 laptopja tart\u00f3ss\u00e1g\u00e1t \u00e9s funkcionalit\u00e1s\u00e1t az eredeti Acer AP008002X00 als\u00f3 tokkal. \u00dagy tervezt\u00e9k, hogy t\u00f6k\u00e9letesen illeszkedjen \u00e9s v\u00e9dje a k\u00e9sz\u00fcl\u00e9k bels\u0151 alkatr\u00e9szeit, ez a cserealkatr\u00e9sz a k\u00f6nny\u0171 hozz\u00e1f\u00e9r\u00e9s \u00e9rdek\u00e9ben fed\u00e9lajt\u00f3kkal van ell\u00e1tva. N\u00f6velje laptopja \u00e9lm\u00e9ny\u00e9t az Acer min\u0151s\u00e9g ir\u00e1nti elk\u00f6telezetts\u00e9g\u00e9vel.<\/p>\n","protected":false},"featured_media":3344,"template":"","meta":[],"product_brand":[],"product_cat":[16],"product_tag":[29],"class_list":{"0":"post-3281","1":"product","2":"type-product","3":"status-publish","4":"has-post-thumbnail","6":"product_cat-laptop-housing","7":"product_tag-acer","9":"first","10":"instock","11":"taxable","12":"shipping-taxable","13":"purchasable","14":"product-type-simple"},"_links":{"self":[{"href":"https:\/\/boreait.com\/hu\/wp-json\/wp\/v2\/product\/3281","targetHints":{"allow":["GET"]}}],"collection":[{"href":"https:\/\/boreait.com\/hu\/wp-json\/wp\/v2\/product"}],"about":[{"href":"https:\/\/boreait.com\/hu\/wp-json\/wp\/v2\/types\/product"}],"wp:featuredmedia":[{"embeddable":true,"href":"https:\/\/boreait.com\/hu\/wp-json\/wp\/v2\/media\/3344"}],"wp:attachment":[{"href":"https:\/\/boreait.com\/hu\/wp-json\/wp\/v2\/media?parent=3281"}],"wp:term":[{"taxonomy":"product_brand","embeddable":true,"href":"https:\/\/boreait.com\/hu\/wp-json\/wp\/v2\/product_brand?post=3281"},{"taxonomy":"product_cat","embeddable":true,"href":"https:\/\/boreait.com\/hu\/wp-json\/wp\/v2\/product_cat?post=3281"},{"taxonomy":"product_tag","embeddable":true,"href":"https:\/\/boreait.com\/hu\/wp-json\/wp\/v2\/product_tag?post=3281"}],"curies":[{"name":"wp","href":"https:\/\/api.w.org\/{rel}","templated":true}]}}