{"id":3280,"date":"2025-09-17T10:38:37","date_gmt":"2025-09-17T08:38:37","guid":{"rendered":"https:\/\/boreait.com\/hu\/?post_type=product&#038;p=3280"},"modified":"2025-09-17T10:39:54","modified_gmt":"2025-09-17T08:39:54","slug":"ap01k000400-eredeti-acer-lcd-hatsoboritas-aspire-5315","status":"publish","type":"product","link":"https:\/\/boreait.com\/hu\/termek\/ap01k000400-eredeti-acer-lcd-hatsoboritas-aspire-5315\/","title":{"rendered":"AP01K000400 EREDETI ACER LCD H\u00c1TS\u00d3BOR\u00cdT\u00c1S ASPIRE 5315"},"content":{"rendered":"<p>Emelje fel Acer Aspire 5315 laptopja vizu\u00e1lis vonzerej\u00e9t \u00e9s tart\u00f3ss\u00e1g\u00e1t az eredeti Acer AP01K000400 LCD h\u00e1tlappal. \u00dagy tervezt\u00e9k, hogy t\u00f6k\u00e9letesen megfeleljen az Aspire 5315 modell specifik\u00e1ci\u00f3inak, ez az eredeti Acer cserealkatr\u00e9sz z\u00f6kken\u0151mentes illeszked\u00e9st \u00e9s kiv\u00e9teles teljes\u00edtm\u00e9nyt biztos\u00edt.<\/p>\n<p>A precizit\u00e1ssal \u00e9s a r\u00e9szletekre val\u00f3 odafigyel\u00e9ssel k\u00e9sz\u00fclt Acer AP01K000400 LCD h\u00e1tlapja eleg\u00e1ns \u00e9s modern diz\u00e1jnnal b\u00fcszk\u00e9lkedhet, amely jav\u00edtja laptopja \u00e1ltal\u00e1nos eszt\u00e9tik\u00e1j\u00e1t. Ez a cserehuzat nem csak egy csipetnyi eleganci\u00e1t ad k\u00e9sz\u00fcl\u00e9k\u00e9hez, hanem meg\u00f3vja a kisebb karcol\u00e1sokt\u00f3l, valamint a napi kop\u00e1st\u00f3l \u00e9s elhaszn\u00e1l\u00f3d\u00e1st\u00f3l is.<\/p>\n<p>A laptop h\u00e1tlapj\u00e1nak cser\u00e9je egyszer\u0171 folyamat, \u00e9s az AP01K000400 k\u00f6zvetlen cser\u00e9t k\u00edn\u00e1l, amely meg\u0151rzi Acer Aspire 5315 eredeti eszt\u00e9tik\u00e1j\u00e1t \u00e9s fel\u00e9p\u00edt\u00e9s\u00e9t. Ez az eredeti Acer alkatr\u00e9sz biztos\u00edtja a kompatibilit\u00e1st \u00e9s az integrit\u00e1st, \u00e9s azt a kiv\u00e1l\u00f3 min\u0151s\u00e9get, amelyr\u0151l az Acer ismert.<\/p>\n<p>Fektessen be az eredeti Acer AP01K000400 LCD h\u00e1tlapba, hogy fokozza Acer Aspire 5315 laptopja l\u00e1tv\u00e1ny\u00e1t \u00e9s \u00e9lettartam\u00e1t. V\u00e1lassza az eredetis\u00e9get, \u00e9s tapasztalja meg az Acer kiv\u00e1l\u00f3s\u00e1gi k\u00f6vetelm\u00e9nyeinek megfelel\u0151 cserealkatr\u00e9sz haszn\u00e1lat\u00e1nak megel\u00e9ged\u00e9s\u00e9t.<\/p>\n","protected":false},"excerpt":{"rendered":"<p>Fokozza Acer Aspire 5315 laptopja megjelen\u00e9s\u00e9t \u00e9s v\u00e9delm\u00e9t az eredeti Acer AP01K000400 LCD h\u00e1tlappal. A z\u00f6kken\u0151mentes illeszked\u00e9sre \u00e9s kiv\u00e9teles teljes\u00edtm\u00e9nyre tervezt\u00e9k, ez az eredeti Acer cserealkatr\u00e9sz eleganci\u00e1t ad, mik\u00f6zben meg\u00f3vja laptopj\u00e1t a napi elhaszn\u00e1l\u00f3d\u00e1st\u00f3l.<\/p>\n","protected":false},"featured_media":3342,"template":"","meta":[],"product_brand":[],"product_cat":[16],"product_tag":[29],"class_list":{"0":"post-3280","1":"product","2":"type-product","3":"status-publish","4":"has-post-thumbnail","6":"product_cat-laptop-housing","7":"product_tag-acer","9":"first","10":"instock","11":"taxable","12":"shipping-taxable","13":"purchasable","14":"product-type-simple"},"_links":{"self":[{"href":"https:\/\/boreait.com\/hu\/wp-json\/wp\/v2\/product\/3280","targetHints":{"allow":["GET"]}}],"collection":[{"href":"https:\/\/boreait.com\/hu\/wp-json\/wp\/v2\/product"}],"about":[{"href":"https:\/\/boreait.com\/hu\/wp-json\/wp\/v2\/types\/product"}],"wp:featuredmedia":[{"embeddable":true,"href":"https:\/\/boreait.com\/hu\/wp-json\/wp\/v2\/media\/3342"}],"wp:attachment":[{"href":"https:\/\/boreait.com\/hu\/wp-json\/wp\/v2\/media?parent=3280"}],"wp:term":[{"taxonomy":"product_brand","embeddable":true,"href":"https:\/\/boreait.com\/hu\/wp-json\/wp\/v2\/product_brand?post=3280"},{"taxonomy":"product_cat","embeddable":true,"href":"https:\/\/boreait.com\/hu\/wp-json\/wp\/v2\/product_cat?post=3280"},{"taxonomy":"product_tag","embeddable":true,"href":"https:\/\/boreait.com\/hu\/wp-json\/wp\/v2\/product_tag?post=3280"}],"curies":[{"name":"wp","href":"https:\/\/api.w.org\/{rel}","templated":true}]}}