{"id":3279,"date":"2025-09-17T10:38:37","date_gmt":"2025-09-17T08:38:37","guid":{"rendered":"https:\/\/boreait.com\/hu\/?post_type=product&#038;p=3279"},"modified":"2025-09-17T10:39:49","modified_gmt":"2025-09-17T08:39:49","slug":"hp-elitebook-720-725-820-g1-g2-a-shell-kepernyo-hatso-borito-730561-001","status":"publish","type":"product","link":"https:\/\/boreait.com\/hu\/termek\/hp-elitebook-720-725-820-g1-g2-a-shell-kepernyo-hatso-borito-730561-001\/","title":{"rendered":"HP EliteBook 720 725 820 G1 G2 A shell k\u00e9perny\u0151 H\u00c1TS\u00d3 bor\u00edt\u00f3 730561-001"},"content":{"rendered":"<p>N\u00f6velje HP EliteBook 720, 725 vagy 820 G1\/G2 laptopja eszt\u00e9tik\u00e1j\u00e1t \u00e9s v\u00e9delm\u00e9t az eredeti HP 730561-001 A Shell Screen h\u00e1tlappal. \u00dagy tervezt\u00e9k, hogy z\u00f6kken\u0151mentesen illeszkedjen ezekhez az EliteBook modellekhez, \u00e9s ez a csere h\u00e1tlap fokozza laptopja l\u00e1tv\u00e1ny\u00e1t \u00e9s tart\u00f3ss\u00e1g\u00e1t.<\/p>\n<p>Az eleg\u00e1ns \u00e9s modern diz\u00e1jnnal rendelkez\u0151 HP 730561-001 A Shell Screen Back Cover nem csak egy csipetnyi eleganci\u00e1t k\u00f6lcs\u00f6n\u00f6z laptopj\u00e1nak, hanem meg is v\u00e9di a kisebb karcol\u00e1sokt\u00f3l, karcol\u00e1sokt\u00f3l \u00e9s egy\u00e9b mindennapi elhaszn\u00e1l\u00f3d\u00e1st\u00f3l. A prec\u00edz illeszked\u00e9snek k\u00f6sz\u00f6nhet\u0151en ez a h\u00e1tlap meg\u0151rzi a laptop eredeti eszt\u00e9tik\u00e1j\u00e1t, mik\u00f6zben egy r\u00e9teg v\u00e9delmet is biztos\u00edt.<\/p>\n<p>A h\u00e1tlap cser\u00e9je egyszer\u0171 folyamat, amely lehet\u0151v\u00e9 teszi az EliteBook laptop megl\u00e9v\u0151 burkolat\u00e1nak egyszer\u0171 cser\u00e9j\u00e9t. Ez az eredeti HP cserealkatr\u00e9sz biztos\u00edtja a kompatibilit\u00e1st \u00e9s meg\u0151rzi a laptop eleg\u00e1ns megjelen\u00e9s\u00e9t, valamint fel\u00e9p\u00edt\u00e9s\u00e9nek integrit\u00e1s\u00e1t.<\/p>\n<p>Fefektessen be az eredeti HP 730561-001 A Shell k\u00e9perny\u0151 h\u00e1tlapj\u00e1ba, hogy jav\u00edtsa EliteBook 720, 725 vagy 820 G1\/G2 laptopja \u00e1ltal\u00e1nos megjelen\u00e9s\u00e9t \u00e9s rugalmass\u00e1g\u00e1t. Tapasztalja meg a min\u0151s\u00e9g \u00e9s az innov\u00e1ci\u00f3 ir\u00e1nti elk\u00f6telezetts\u00e9g\u00e9r\u0151l ismert HP eredeti cserealkatr\u00e9szeinek megel\u00e9ged\u00e9s\u00e9t.<\/p>\n","protected":false},"excerpt":{"rendered":"<p>Friss\u00edtse HP EliteBook 720, 725 vagy 820 G1\/G2 laptopja megjelen\u00e9s\u00e9t \u00e9s v\u00e9delm\u00e9t az eredeti HP 730561-001 A Shell Screen h\u00e1tlappal. Ez a prec\u00edz illeszked\u00e9sre tervezett csereburkolat jav\u00edtja az eszt\u00e9tikai megjelen\u00e9st, \u00e9s megv\u00e9di laptopj\u00e1t a mindennapi elhaszn\u00e1l\u00f3d\u00e1st\u00f3l.<\/p>\n","protected":false},"featured_media":3333,"template":"","meta":[],"product_brand":[],"product_cat":[16],"product_tag":[25],"class_list":{"0":"post-3279","1":"product","2":"type-product","3":"status-publish","4":"has-post-thumbnail","6":"product_cat-laptop-housing","7":"product_tag-hp","9":"first","10":"instock","11":"taxable","12":"shipping-taxable","13":"purchasable","14":"product-type-simple"},"_links":{"self":[{"href":"https:\/\/boreait.com\/hu\/wp-json\/wp\/v2\/product\/3279","targetHints":{"allow":["GET"]}}],"collection":[{"href":"https:\/\/boreait.com\/hu\/wp-json\/wp\/v2\/product"}],"about":[{"href":"https:\/\/boreait.com\/hu\/wp-json\/wp\/v2\/types\/product"}],"wp:featuredmedia":[{"embeddable":true,"href":"https:\/\/boreait.com\/hu\/wp-json\/wp\/v2\/media\/3333"}],"wp:attachment":[{"href":"https:\/\/boreait.com\/hu\/wp-json\/wp\/v2\/media?parent=3279"}],"wp:term":[{"taxonomy":"product_brand","embeddable":true,"href":"https:\/\/boreait.com\/hu\/wp-json\/wp\/v2\/product_brand?post=3279"},{"taxonomy":"product_cat","embeddable":true,"href":"https:\/\/boreait.com\/hu\/wp-json\/wp\/v2\/product_cat?post=3279"},{"taxonomy":"product_tag","embeddable":true,"href":"https:\/\/boreait.com\/hu\/wp-json\/wp\/v2\/product_tag?post=3279"}],"curies":[{"name":"wp","href":"https:\/\/api.w.org\/{rel}","templated":true}]}}