{"id":3278,"date":"2025-09-17T10:38:37","date_gmt":"2025-09-17T08:38:37","guid":{"rendered":"https:\/\/boreait.com\/hu\/?post_type=product&#038;p=3278"},"modified":"2025-09-17T10:39:46","modified_gmt":"2025-09-17T08:39:46","slug":"eredeti-csuklotamasz-erintopaddal-asus-k52j-36kj3tcjn00","status":"publish","type":"product","link":"https:\/\/boreait.com\/hu\/termek\/eredeti-csuklotamasz-erintopaddal-asus-k52j-36kj3tcjn00\/","title":{"rendered":"Eredeti csukl\u00f3t\u00e1masz \u00e9rint\u0151paddal &#8211; Asus K52J &#8211; 36KJ3TCJN00"},"content":{"rendered":"<p>N\u00f6velje Asus K52J laptopja funkcionalit\u00e1s\u00e1t \u00e9s k\u00e9nyelm\u00e9t az eredeti Asus 36KJ3TCJN00 csukl\u00f3t\u00e1masz \u00e9rint\u0151paddal. A kifejezetten az Asus K52J modellhez tervezett csukl\u00f3t\u00e1masz csere az alapvet\u0151 alkatr\u00e9szek z\u00f6kken\u0151mentes integr\u00e1ci\u00f3j\u00e1t k\u00edn\u00e1lja, lehet\u0151v\u00e9 t\u00e9ve a k\u00e9nyelmes g\u00e9pel\u00e9st \u00e9s a pontos \u00e9rint\u0151pad vez\u00e9rl\u00e9st.<\/p>\n<p>A r\u00e9szletekre val\u00f3 odafigyel\u00e9ssel k\u00e9sz\u00fclt 36KJ3TCJN00 csukl\u00f3t\u00e1masz az Asus min\u0151s\u00e9g \u00e9s diz\u00e1jn ir\u00e1nti elk\u00f6telezetts\u00e9g\u00e9t mutatja.\u00a0Az eredeti Asus 36KJ3TCJN00 csukl\u00f3t\u00e1masz telep\u00edt\u00e9se egyszer\u0171 folyamat, amely lehet\u0151v\u00e9 teszi az Asus K52J laptop megl\u00e9v\u0151 csukl\u00f3t\u00e1masz\u00e1nak egyszer\u0171 cser\u00e9j\u00e9t. Ennek az eredeti cserealkatr\u00e9sznek a kiv\u00e1laszt\u00e1s\u00e1val biztos\u00edtja a kompatibilit\u00e1st, \u00e9s meg\u0151rzi a laptop eredeti eszt\u00e9tik\u00e1j\u00e1t \u00e9s funkcionalit\u00e1s\u00e1t.<\/p>\n<p>Fokozza laptopja \u00e1ltal\u00e1nos haszn\u00e1lhat\u00f3s\u00e1g\u00e1t \u00e9s megjelen\u00e9s\u00e9t az eredeti Asus 36KJ3TCJN00 csukl\u00f3t\u00e1masz seg\u00edts\u00e9g\u00e9vel. Tapasztalja meg a kiv\u00e1l\u00f3 min\u0151s\u00e9g\u0171 cserealkatr\u00e9szek haszn\u00e1lat\u00e1nak megel\u00e9ged\u00e9s\u00e9t, amely \u00f6sszhangban van az Asus innovat\u00edv \u00e9s megb\u00edzhat\u00f3 sz\u00e1m\u00edt\u00e1stechnikai megold\u00e1sok sz\u00e1ll\u00edt\u00e1sa ir\u00e1nti elk\u00f6telezetts\u00e9g\u00e9vel.<\/p>\n","protected":false},"excerpt":{"rendered":"<p>Friss\u00edtse Asus K52J laptopj\u00e1t az eredeti Asus 36KJ3TCJN00 csukl\u00f3t\u00e1maszral, amely integr\u00e1lt billenty\u0171zettel \u00e9s \u00e9rint\u0151paddal rendelkezik. Ez az autentikus csere k\u00e9nyelmes g\u00e9pel\u00e9st \u00e9s prec\u00edz \u00e9rint\u0151pad-vez\u00e9rl\u00e9st biztos\u00edt, \u00f6sszhangban az Asus min\u0151s\u00e9g \u00e9s diz\u00e1jn ir\u00e1nti elk\u00f6telezetts\u00e9g\u00e9vel.<\/p>\n","protected":false},"featured_media":3331,"template":"","meta":[],"product_brand":[],"product_cat":[16],"product_tag":[30],"class_list":{"0":"post-3278","1":"product","2":"type-product","3":"status-publish","4":"has-post-thumbnail","6":"product_cat-laptop-housing","7":"product_tag-asus","9":"first","10":"instock","11":"taxable","12":"shipping-taxable","13":"purchasable","14":"product-type-simple"},"_links":{"self":[{"href":"https:\/\/boreait.com\/hu\/wp-json\/wp\/v2\/product\/3278","targetHints":{"allow":["GET"]}}],"collection":[{"href":"https:\/\/boreait.com\/hu\/wp-json\/wp\/v2\/product"}],"about":[{"href":"https:\/\/boreait.com\/hu\/wp-json\/wp\/v2\/types\/product"}],"wp:featuredmedia":[{"embeddable":true,"href":"https:\/\/boreait.com\/hu\/wp-json\/wp\/v2\/media\/3331"}],"wp:attachment":[{"href":"https:\/\/boreait.com\/hu\/wp-json\/wp\/v2\/media?parent=3278"}],"wp:term":[{"taxonomy":"product_brand","embeddable":true,"href":"https:\/\/boreait.com\/hu\/wp-json\/wp\/v2\/product_brand?post=3278"},{"taxonomy":"product_cat","embeddable":true,"href":"https:\/\/boreait.com\/hu\/wp-json\/wp\/v2\/product_cat?post=3278"},{"taxonomy":"product_tag","embeddable":true,"href":"https:\/\/boreait.com\/hu\/wp-json\/wp\/v2\/product_tag?post=3278"}],"curies":[{"name":"wp","href":"https:\/\/api.w.org\/{rel}","templated":true}]}}