{"id":3277,"date":"2025-09-17T10:38:37","date_gmt":"2025-09-17T08:38:37","guid":{"rendered":"https:\/\/boreait.com\/hu\/?post_type=product&#038;p=3277"},"modified":"2025-09-17T10:39:43","modified_gmt":"2025-09-17T08:39:43","slug":"hp-probook-470-g2-alvaz-felso-heja-csuklotamasz-768390-001","status":"publish","type":"product","link":"https:\/\/boreait.com\/hu\/termek\/hp-probook-470-g2-alvaz-felso-heja-csuklotamasz-768390-001\/","title":{"rendered":"HP ProBook 470 G2 alv\u00e1z fels\u0151 h\u00e9ja &#8211; csukl\u00f3t\u00e1masz 768390-001"},"content":{"rendered":"<p>Fokozza HP ProBook 470 G2 laptopja megjelen\u00e9s\u00e9t \u00e9s v\u00e9delm\u00e9t az eredeti HP 768390-001 csukl\u00f3t\u00e1masz &#8211; v\u00e1z fels\u0151 h\u00e9jjal. \u00dagy tervezt\u00e9k, hogy z\u00f6kken\u0151mentesen illeszkedjen az \u00d6n laptopmodellj\u00e9hez, ez a fels\u0151 h\u00e9jcsere a st\u00edlusos eszt\u00e9tika \u00e9s a tart\u00f3s konstrukci\u00f3 kombin\u00e1ci\u00f3j\u00e1t k\u00edn\u00e1lja, biztos\u00edtva a l\u00e1tv\u00e1nyt \u00e9s a fokozott rugalmass\u00e1got.<\/p>\n<p>A 768390-001 Chassis Top Shell kifejezetten \u00fagy lett kialak\u00edtva, hogy biztons\u00e1gos \u00e9s prec\u00edz illeszked\u00e9st biztos\u00edtson a HP ProBook 470 G2 sz\u00e1m\u00e1ra, v\u00e9d\u0151r\u00e9teget biztos\u00edtva, amely megv\u00e9di a bels\u0151 alkatr\u00e9szeket a port\u00f3l, t\u00f6rmel\u00e9kt\u0151l \u00e9s az esetleges s\u00e9r\u00fcl\u00e9sekt\u0151l. A fels\u0151 burkolat cser\u00e9j\u00e9vel azonnal felfriss\u00edtheti laptopja megjelen\u00e9s\u00e9t \u00e9s meg\u0151rizheti professzion\u00e1lis megjelen\u00e9s\u00e9t.<\/p>\n<p>Az eredeti HP 768390-001 Chassis Top Shell telep\u00edt\u00e9se egyszer\u0171 folyamat, amely lehet\u0151v\u00e9 teszi a laptop eszt\u00e9tik\u00e1j\u00e1nak \u00e9s v\u00e9delm\u00e9nek egyszer\u0171 fejleszt\u00e9s\u00e9t. Kiv\u00e1l\u00f3 min\u0151s\u00e9g\u0171 fel\u00e9p\u00edt\u00e9s\u00e9nek k\u00f6sz\u00f6nhet\u0151en ezt a fels\u0151 h\u00e9jat \u00fagy tervezt\u00e9k, hogy ellen\u00e1lljon a napi haszn\u00e1latnak, mik\u00f6zben meg\u0151rzi pr\u00e9mium kivitel\u00e9t.<\/p>\n<p>Tapasztalja meg a m\u00e1rka szigor\u00fa min\u0151s\u00e9gi el\u0151\u00edr\u00e1sainak megfelel\u0151 hiteles HP cserealkatr\u00e9szek haszn\u00e1lat\u00e1nak bizalm\u00e1t. Emelje fel laptopja megjelen\u00e9s\u00e9t, \u00e9s \u00f3vja meg bels\u0151 alkatr\u00e9szeit az eredeti HP 768390-001 Chassis Top Shell seg\u00edts\u00e9g\u00e9vel, amely st\u00edlust \u00e9s tart\u00f3ss\u00e1got k\u00edn\u00e1l egy csomagban.<\/p>\n","protected":false},"excerpt":{"rendered":"<p>Friss\u00edtse HP ProBook 470 G2 laptopja megjelen\u00e9s\u00e9t \u00e9s v\u00e9delm\u00e9t az eredeti HP 768390-001 v\u00e1z fels\u0151 h\u00e9jjal. \u00dagy tervezt\u00e9k, hogy pontosan illeszkedjen, \u00e9s fokozza az eszt\u00e9tik\u00e1t \u00e9s a rugalmass\u00e1got, ez a fels\u0151 h\u00e9jcsere azonnal felfriss\u00edti a laptop megjelen\u00e9s\u00e9t, mik\u00f6zben meg\u00f3vja bels\u0151 alkatr\u00e9szeit.<\/p>\n","protected":false},"featured_media":3329,"template":"","meta":[],"product_brand":[],"product_cat":[16],"product_tag":[25],"class_list":{"0":"post-3277","1":"product","2":"type-product","3":"status-publish","4":"has-post-thumbnail","6":"product_cat-laptop-housing","7":"product_tag-hp","9":"first","10":"instock","11":"taxable","12":"shipping-taxable","13":"purchasable","14":"product-type-simple"},"_links":{"self":[{"href":"https:\/\/boreait.com\/hu\/wp-json\/wp\/v2\/product\/3277","targetHints":{"allow":["GET"]}}],"collection":[{"href":"https:\/\/boreait.com\/hu\/wp-json\/wp\/v2\/product"}],"about":[{"href":"https:\/\/boreait.com\/hu\/wp-json\/wp\/v2\/types\/product"}],"wp:featuredmedia":[{"embeddable":true,"href":"https:\/\/boreait.com\/hu\/wp-json\/wp\/v2\/media\/3329"}],"wp:attachment":[{"href":"https:\/\/boreait.com\/hu\/wp-json\/wp\/v2\/media?parent=3277"}],"wp:term":[{"taxonomy":"product_brand","embeddable":true,"href":"https:\/\/boreait.com\/hu\/wp-json\/wp\/v2\/product_brand?post=3277"},{"taxonomy":"product_cat","embeddable":true,"href":"https:\/\/boreait.com\/hu\/wp-json\/wp\/v2\/product_cat?post=3277"},{"taxonomy":"product_tag","embeddable":true,"href":"https:\/\/boreait.com\/hu\/wp-json\/wp\/v2\/product_tag?post=3277"}],"curies":[{"name":"wp","href":"https:\/\/api.w.org\/{rel}","templated":true}]}}