{"id":3274,"date":"2025-09-17T10:38:36","date_gmt":"2025-09-17T08:38:36","guid":{"rendered":"https:\/\/boreait.com\/hu\/?post_type=product&#038;p=3274"},"modified":"2026-01-07T14:57:23","modified_gmt":"2026-01-07T13:57:23","slug":"lenovo-n50-b50-30-b50-45-b50-70-b50-80-bekapcsolo-gomb-ls-b098p","status":"publish","type":"product","link":"https:\/\/boreait.com\/hu\/termek\/lenovo-n50-b50-30-b50-45-b50-70-b50-80-bekapcsolo-gomb-ls-b098p\/","title":{"rendered":"LENOVO N50 B50-30 B50-45 B50-70 B50-80 BEKAPCSOL\u00d3 GOMB LS-B098P"},"content":{"rendered":"<p>Fokozza Lenovo N50, B50-30, B50-45, B50-70 vagy B50-80 laptopja energiagazd\u00e1lkod\u00e1s\u00e1t a megb\u00edzhat\u00f3 LENOVO N50 B50-30 B50-45 B50-70 B50-80 BEKAPCSOL\u00d3GOMB LS-B098P seg\u00edts\u00e9g\u00e9vel. Ez az eredeti Lenovo cserealkatr\u00e9sz biztos\u00edtja a bekapcsol\u00f3gomb z\u00f6kken\u0151mentes m\u0171k\u00f6d\u00e9s\u00e9t, lehet\u0151v\u00e9 t\u00e9ve a laptop egyszer\u0171 \u00e9s prec\u00edz be- \u00e9s kikapcsol\u00e1s\u00e1t.<\/p>\n<p>A kompatibilis laptopmodellekkel t\u00f6k\u00e9letesen integr\u00e1lhat\u00f3 LENOVO N50 B50-30 B50-45 B50-70 B50-80 BEKAPCSOL\u00d3GOMB LS-B098P \u00e9rz\u00e9keny \u00e9s megb\u00edzhat\u00f3 teljes\u00edtm\u00e9nyszab\u00e1lyoz\u00e1si \u00e9lm\u00e9nyt k\u00edn\u00e1l. Ergon\u00f3mikus kialak\u00edt\u00e1sa k\u00e9nyelmes \u00e9s k\u00f6nnyed nyom\u00e1st biztos\u00edt a g\u00f6rd\u00fcl\u00e9kenyebb energiagazd\u00e1lkod\u00e1s \u00e9rdek\u00e9ben.<\/p>\n<p>A bekapcsol\u00f3gomb kapcsol\u00f3 gombj\u00e1nak cser\u00e9je egyszer\u0171 folyamat, amely nem ig\u00e9nyel kiterjedt m\u0171szaki ismereteket. Az LS-B098P cikksz\u00e1mmal ez a cserekapcsol\u00f3 gomb t\u00f6k\u00e9letesen illeszkedik laptopja teljes\u00edtm\u00e9nyvez\u00e9rl\u0151 egys\u00e9g\u00e9hez.<\/p>\n<p>Biztos lehet benne, hogy ez a bekapcsol\u00f3gomb egy eredeti Lenovo term\u00e9k, amely megfelel a m\u00e1rka \u00e1ltal t\u00e1masztott magas min\u0151s\u00e9gi \u00e9s teljes\u00edtm\u00e9nyk\u00f6vetelm\u00e9nyeknek. Szigor\u00fa tesztel\u00e9sen esett \u00e1t annak biztos\u00edt\u00e1sa \u00e9rdek\u00e9ben, hogy konzisztens \u00e9s megb\u00edzhat\u00f3 energiagazd\u00e1lkod\u00e1st biztos\u00edtson, \u00edgy nyugalmat adva annak tudat\u00e1ban, hogy laptopja bekapcsol\u00f3gombja hib\u00e1tlanul fog m\u0171k\u00f6dni.<\/p>\n<p>Ak\u00e1r a laptop bekapcsol\u00f3gombja nem reag\u00e1l a v\u00e1rt m\u00f3don, ak\u00e1r elhaszn\u00e1l\u00f3dott, a LENOVO N50 B50-30 B50-45 B50-70 B50-80 BEKAPCSOL\u00d3GOMB KAPCSOL\u00d3GOMB LS-B098P a megold\u00e1s, amire sz\u00fcks\u00e9ge van. \u00c1ll\u00edtsa vissza laptopja teljes teljes\u00edtm\u00e9nyszab\u00e1lyoz\u00e1si funkci\u00f3j\u00e1t, \u00e9s \u00e9lvezze a hat\u00e9konyabb sz\u00e1m\u00edt\u00e1stechnikai \u00e9lm\u00e9nyt.<\/p>\n<p>Friss\u00edtse laptopja bekapcsol\u00f3gombj\u00e1t a LENOVO N50 B50-30 B50-45 B50-70 B50-80 BEKAPCSOL\u00d3GOMB LS-B098P KAPCSOL\u00d3GOMBj\u00e1val, \u00e9s \u00e9lvezze a z\u00f6kken\u0151mentes energiagazd\u00e1lkod\u00e1st \u00e9s a tov\u00e1bbfejlesztett vez\u00e9rl\u00e9st.<\/p>\n","protected":false},"excerpt":{"rendered":"<p>Fokozza Lenovo N50, B50-30, B50-45, B50-70 vagy B50-80 laptopja teljes\u00edtm\u00e9nyszab\u00e1lyoz\u00e1s\u00e1t az eredeti LENOVO N50 B50-30 B50-45 B50-70 B50-80 BEKAPCSOL\u00d3GOMB KAPCSOL\u00d3GOMB LS-B098P seg\u00edts\u00e9g\u00e9vel. Cser\u00e9lje ki a bekapcsol\u00f3gombot erre a kiv\u00e1l\u00f3 min\u0151s\u00e9g\u0171 Lenovo cserealkatr\u00e9szre, hogy sim\u00e1bb energiagazd\u00e1lkod\u00e1st \u00e9s jobb vez\u00e9rl\u00e9st \u00e9lvezhessen.<\/p>\n","protected":false},"featured_media":3324,"template":"","meta":[],"product_brand":[],"product_cat":[27],"product_tag":[26],"class_list":{"0":"post-3274","1":"product","2":"type-product","3":"status-publish","4":"has-post-thumbnail","6":"product_cat-motherboards-board-parts","7":"product_tag-lenovo","9":"first","10":"instock","11":"taxable","12":"shipping-taxable","13":"purchasable","14":"product-type-simple"},"_links":{"self":[{"href":"https:\/\/boreait.com\/hu\/wp-json\/wp\/v2\/product\/3274","targetHints":{"allow":["GET"]}}],"collection":[{"href":"https:\/\/boreait.com\/hu\/wp-json\/wp\/v2\/product"}],"about":[{"href":"https:\/\/boreait.com\/hu\/wp-json\/wp\/v2\/types\/product"}],"wp:featuredmedia":[{"embeddable":true,"href":"https:\/\/boreait.com\/hu\/wp-json\/wp\/v2\/media\/3324"}],"wp:attachment":[{"href":"https:\/\/boreait.com\/hu\/wp-json\/wp\/v2\/media?parent=3274"}],"wp:term":[{"taxonomy":"product_brand","embeddable":true,"href":"https:\/\/boreait.com\/hu\/wp-json\/wp\/v2\/product_brand?post=3274"},{"taxonomy":"product_cat","embeddable":true,"href":"https:\/\/boreait.com\/hu\/wp-json\/wp\/v2\/product_cat?post=3274"},{"taxonomy":"product_tag","embeddable":true,"href":"https:\/\/boreait.com\/hu\/wp-json\/wp\/v2\/product_tag?post=3274"}],"curies":[{"name":"wp","href":"https:\/\/api.w.org\/{rel}","templated":true}]}}