{"id":3260,"date":"2025-09-17T10:38:14","date_gmt":"2025-09-17T08:38:14","guid":{"rendered":"https:\/\/boreait.com\/hu\/?post_type=product&#038;p=3260"},"modified":"2025-09-17T10:39:27","modified_gmt":"2025-09-17T08:39:27","slug":"eredeti-hp-elitebook-folio-1040-g3-laptop-erintopad","status":"publish","type":"product","link":"https:\/\/boreait.com\/hu\/termek\/eredeti-hp-elitebook-folio-1040-g3-laptop-erintopad\/","title":{"rendered":"Eredeti HP EliteBook Folio 1040 G3 laptop \u00e9rint\u0151pad"},"content":{"rendered":"<p>Friss\u00edtse HP EliteBook Folio 1040 G3 laptopja felhaszn\u00e1l\u00f3i fel\u00fclet\u00e9t az eredeti HP EliteBook Folio 1040 G3 laptop \u00e9rint\u0151paddal. Ez a pr\u00e9mium \u00e9rint\u0151pad csere tov\u00e1bbfejlesztett \u00e9s \u00e9rz\u00e9keny navig\u00e1ci\u00f3s \u00e9lm\u00e9nyt k\u00edn\u00e1l, sima \u00e9s pontos kurzorvez\u00e9rl\u00e9st biztos\u00edtva minden sz\u00e1m\u00edt\u00e1si feladathoz.<\/p>\n<p>A HP EliteBook sorozat magas k\u00f6vetelm\u00e9nyeinek megfelel\u0151en kialak\u00edtott \u00e9rint\u0151pad eleg\u00e1ns \u00e9s ergonomikus kialak\u00edt\u00e1ssal b\u00fcszk\u00e9lkedhet, amely z\u00f6kken\u0151mentesen illeszkedik a laptop eszt\u00e9tik\u00e1j\u00e1ba. Az \u00e9rint\u0151pad t\u00f6bb\u00e9rint\u00e9ses funkci\u00f3ja intuit\u00edv k\u00e9zmozdulatokat tesz lehet\u0151v\u00e9, megk\u00f6nny\u00edtve a g\u00f6rget\u00e9st, nagy\u00edt\u00e1st, valamint az alkalmaz\u00e1sok \u00e9s dokumentumok k\u00f6z\u00f6tti navig\u00e1l\u00e1st.<\/p>\n<p>Az eredeti HP EliteBook Folio 1040 G3 laptop \u00e9rint\u0151pad telep\u00edt\u00e9se egyszer\u0171, k\u00f6sz\u00f6nhet\u0151en a laptop bels\u0151 \u00f6sszetev\u0151ivel val\u00f3 plug-and-play kompatibilit\u00e1snak. Ezt az \u00e9rint\u0151pad cser\u00e9t szigor\u00fa tesztel\u00e9snek vetett\u00e9k al\u00e1, hogy megfeleljen a HP min\u0151s\u00e9gi szabv\u00e1nyainak, \u00edgy biztos\u00edtva a hossz\u00fa t\u00e1v\u00fa teljes\u00edtm\u00e9nyt \u00e9s megb\u00edzhat\u00f3s\u00e1got.<\/p>\n<p>Ak\u00e1r hib\u00e1s \u00e9rint\u0151padot szeretne kicser\u00e9lni, ak\u00e1r egyszer\u0171en csak laptopja haszn\u00e1lhat\u00f3s\u00e1g\u00e1t szeretn\u00e9 jav\u00edtani, az Eredeti HP EliteBook Folio 1040 G3 laptop \u00e9rint\u0151pad a t\u00f6k\u00e9letes v\u00e1laszt\u00e1s. N\u00f6velje sz\u00e1m\u00edt\u00e1stechnikai \u00e9lm\u00e9ny\u00e9t a megn\u00f6velt \u00e9rint\u00e9s\u00e9rz\u00e9kenys\u00e9ggel \u00e9s pontoss\u00e1ggal, biztos\u00edtva ezzel, hogy a munka \u00e9s a sz\u00f3rakoz\u00e1s z\u00f6kken\u0151mentesen \u00e9s hat\u00e9konyan menjenek v\u00e9gbe.<\/p>\n<p>Tapasztalja meg azt a k\u00fcl\u00f6nbs\u00e9get, amelyet a kiv\u00e1l\u00f3 min\u0151s\u00e9g\u0171 \u00e9rint\u0151pad k\u00e9pes el\u00e9rni az eredeti HP EliteBook Folio 1040 G3 laptop \u00e9rint\u0151paddal. \u00c9lvezze a tov\u00e1bbfejlesztett navig\u00e1ci\u00f3t \u00e9s a jobb felhaszn\u00e1l\u00f3i interakci\u00f3t, amelyet a HP min\u0151s\u00e9gi \u00e9s kiv\u00e1l\u00f3s\u00e1gi h\u00edrneve t\u00e1maszt al\u00e1.<\/p>\n","protected":false},"excerpt":{"rendered":"<p>N\u00f6velje HP EliteBook Folio 1040 G3 laptopja haszn\u00e1lhat\u00f3s\u00e1g\u00e1t az Eredeti HP EliteBook Folio 1040 G3 laptop \u00e9rint\u0151paddal. Ez az \u00e9rint\u0151pad csere \u00e9rz\u00e9keny navig\u00e1ci\u00f3t, t\u00f6bb\u00e9rint\u00e9ses gesztusokat \u00e9s z\u00f6kken\u0151mentes integr\u00e1ci\u00f3t k\u00edn\u00e1l a laptop diz\u00e1jnj\u00e1ba.<\/p>\n<p>Friss\u00edtse az \u00e9rint\u0151pad \u00e9lm\u00e9ny\u00e9t ezzel a kiv\u00e1l\u00f3 min\u0151s\u00e9g\u0171 HP \u00e9rint\u0151pad cser\u00e9vel.<\/p>\n","protected":false},"featured_media":3314,"template":"","meta":[],"product_brand":[],"product_cat":[42],"product_tag":[25],"class_list":{"0":"post-3260","1":"product","2":"type-product","3":"status-publish","4":"has-post-thumbnail","6":"product_cat-laptop-touchpads","7":"product_tag-hp","9":"first","10":"instock","11":"taxable","12":"shipping-taxable","13":"purchasable","14":"product-type-simple"},"_links":{"self":[{"href":"https:\/\/boreait.com\/hu\/wp-json\/wp\/v2\/product\/3260","targetHints":{"allow":["GET"]}}],"collection":[{"href":"https:\/\/boreait.com\/hu\/wp-json\/wp\/v2\/product"}],"about":[{"href":"https:\/\/boreait.com\/hu\/wp-json\/wp\/v2\/types\/product"}],"wp:featuredmedia":[{"embeddable":true,"href":"https:\/\/boreait.com\/hu\/wp-json\/wp\/v2\/media\/3314"}],"wp:attachment":[{"href":"https:\/\/boreait.com\/hu\/wp-json\/wp\/v2\/media?parent=3260"}],"wp:term":[{"taxonomy":"product_brand","embeddable":true,"href":"https:\/\/boreait.com\/hu\/wp-json\/wp\/v2\/product_brand?post=3260"},{"taxonomy":"product_cat","embeddable":true,"href":"https:\/\/boreait.com\/hu\/wp-json\/wp\/v2\/product_cat?post=3260"},{"taxonomy":"product_tag","embeddable":true,"href":"https:\/\/boreait.com\/hu\/wp-json\/wp\/v2\/product_tag?post=3260"}],"curies":[{"name":"wp","href":"https:\/\/api.w.org\/{rel}","templated":true}]}}