{"id":3255,"date":"2025-09-17T10:38:13","date_gmt":"2025-09-17T08:38:13","guid":{"rendered":"https:\/\/boreait.com\/hu\/?post_type=product&#038;p=3255"},"modified":"2025-09-17T10:39:15","modified_gmt":"2025-09-17T08:39:15","slug":"eredeti-hp-15-p100dx-15-p-156-sorozatu-elso-elolap-eay14006a1m","status":"publish","type":"product","link":"https:\/\/boreait.com\/hu\/termek\/eredeti-hp-15-p100dx-15-p-156-sorozatu-elso-elolap-eay14006a1m\/","title":{"rendered":"Eredeti HP 15-P100dx 15-P 15,6&#8243; sorozat\u00fa els\u0151 el\u0151lap EAY14006A1M"},"content":{"rendered":"<p>N\u00f6velje HP 15-P100dx 15,6 h\u00fcvelykes sorozat\u00fa laptopja vizu\u00e1lis vonzerej\u00e9t \u00e9s v\u00e9delm\u00e9t az Eredeti HP 15-P100dx 15-P 15,6 h\u00fcvelykes sorozat\u00fa EAY14006A1M el\u0151lappal. A prec\u00edzen megalkotott, \u00e9s \u00fagy tervezt\u00e9k, hogy z\u00f6kken\u0151mentesen illeszkedjen a laptophoz, ez az el\u0151lap eleg\u00e1ns \u00e9s professzion\u00e1lis megjelen\u00e9st k\u00edn\u00e1l, mik\u00f6zben meg\u00f3vja laptopja kijelz\u0151j\u00e9t.<\/p>\n<p>Az eredeti HP 15-P100dx 15-P 15,6&#8243; sorozat\u00fa el\u0151lap EAY14006A1M egy eredeti OEM alkatr\u00e9sz, amely biztos\u00edtja a kompatibilit\u00e1st \u00e9s a megb\u00edzhat\u00f3s\u00e1got. Pontos illeszked\u00e9se garant\u00e1lja a z\u00f6kken\u0151mentes telep\u00edt\u00e9si folyamatot, lehet\u0151v\u00e9 t\u00e9ve a laptop friss\u00edt\u00e9s\u00e9t gond n\u00e9lk\u00fcl. Legyen sz\u00f3 az el\u00fcls\u0151 keret cser\u00e9j\u00e9r\u0151l vagy s\u00e9r\u00fcl\u00e9s\u00e9r\u0151l. eszt\u00e9tikus, ez az eredeti alkatr\u00e9sz biztons\u00e1gos illeszked\u00e9st \u00e9s tart\u00f3s konstrukci\u00f3t biztos\u00edt.<\/p>\n<p>A r\u00e9szletekre val\u00f3 odafigyel\u00e9ssel kialak\u00edtott el\u0151lap nemcsak kieg\u00e9sz\u00edti HP 15-P100dx 15,6&#8243;-es sorozat\u00fa laptopja kialak\u00edt\u00e1s\u00e1t, hanem alapvet\u0151 v\u00e9delmet ny\u00fajt az \u00e9rz\u00e9keny LCD-kijelz\u0151nek is. Az\u00e1ltal, hogy hat\u00e9konyan v\u00e9di a kijelz\u0151t a lehets\u00e9ges \u00fct\u00e9sekt\u0151l \u00e9s a porszemcs\u00e9kt\u0151l, ez az el\u0151lap hozz\u00e1j\u00e1rul laptopja \u00e1ltal\u00e1nos \u00e9lettartam\u00e1hoz \u00e9s teljes\u00edtm\u00e9ny\u00e9hez.<\/p>\n<p>Friss\u00edtse laptopja megjelen\u00e9s\u00e9t \u00e9s v\u00e9delm\u00e9t az Eredeti HP 15-P100dx 15-P 15,6&#8243; sorozat\u00fa EAY14006A1M el\u00fcls\u0151 el\u0151lappal. Eredeti min\u0151s\u00e9ge biztos\u00edtja, hogy megb\u00edzhat\u00f3 \u00e9s tart\u00f3s alkatr\u00e9szt kapjon, amely z\u00f6kken\u0151mentesen illeszkedik laptopj\u00e1hoz. Emelje fel laptopja eredeti eszt\u00e9tik\u00e1j\u00e1t \u00e9s funkcionalit\u00e1s\u00e1t.<\/p>\n<p>K\u00e9rj\u00fck, v\u00e1s\u00e1rl\u00e1s el\u0151tt ellen\u0151rizze, hogy kompatibilis-e HP 15-P100dx 15,6&#8243;-os sorozat\u00fa laptopmodellj\u00e9vel. Fektessen be az eredeti OEM alkatr\u00e9szek min\u0151s\u00e9g\u00e9be \u00e9s megb\u00edzhat\u00f3s\u00e1g\u00e1ba, hogy z\u00f6kken\u0151mentesen friss\u00edtse laptopj\u00e1t.<\/p>\n","protected":false},"excerpt":{"rendered":"<p>N\u00f6velje HP 15-P100dx 15,6&#8243; sorozat\u00fa laptopja megjelen\u00e9s\u00e9t \u00e9s v\u00e9delm\u00e9t az Eredeti HP 15-P100dx 15-P 15,6&#8243; sorozat\u00fa el\u0151lappal, EAY14006A1M. Ez az eredeti OEM alkatr\u00e9sz biztons\u00e1gos illeszked\u00e9st, letisztult diz\u00e1jnt \u00e9s megb\u00edzhat\u00f3 teljes\u00edtm\u00e9nyt biztos\u00edt laptopja sz\u00e1m\u00e1ra. N\u00f6velje az eszt\u00e9tik\u00e1t, \u00e9s magabiztosan \u00f3vja laptopja kijelz\u0151j\u00e9t.<\/p>\n<p>Megjegyz\u00e9s: K\u00e9rj\u00fck, v\u00e1s\u00e1rl\u00e1s el\u0151tt ellen\u0151rizze, hogy kompatibilis-e HP 15-P100dx 15,6&#8243; sorozat\u00fa laptopmodellj\u00e9vel.<\/p>\n","protected":false},"featured_media":3306,"template":"","meta":[],"product_brand":[],"product_cat":[16],"product_tag":[25],"class_list":{"0":"post-3255","1":"product","2":"type-product","3":"status-publish","4":"has-post-thumbnail","6":"product_cat-laptop-housing","7":"product_tag-hp","9":"first","10":"instock","11":"taxable","12":"shipping-taxable","13":"purchasable","14":"product-type-simple"},"_links":{"self":[{"href":"https:\/\/boreait.com\/hu\/wp-json\/wp\/v2\/product\/3255","targetHints":{"allow":["GET"]}}],"collection":[{"href":"https:\/\/boreait.com\/hu\/wp-json\/wp\/v2\/product"}],"about":[{"href":"https:\/\/boreait.com\/hu\/wp-json\/wp\/v2\/types\/product"}],"wp:featuredmedia":[{"embeddable":true,"href":"https:\/\/boreait.com\/hu\/wp-json\/wp\/v2\/media\/3306"}],"wp:attachment":[{"href":"https:\/\/boreait.com\/hu\/wp-json\/wp\/v2\/media?parent=3255"}],"wp:term":[{"taxonomy":"product_brand","embeddable":true,"href":"https:\/\/boreait.com\/hu\/wp-json\/wp\/v2\/product_brand?post=3255"},{"taxonomy":"product_cat","embeddable":true,"href":"https:\/\/boreait.com\/hu\/wp-json\/wp\/v2\/product_cat?post=3255"},{"taxonomy":"product_tag","embeddable":true,"href":"https:\/\/boreait.com\/hu\/wp-json\/wp\/v2\/product_tag?post=3255"}],"curies":[{"name":"wp","href":"https:\/\/api.w.org\/{rel}","templated":true}]}}