{"id":3254,"date":"2025-09-17T10:38:13","date_gmt":"2025-09-17T08:38:13","guid":{"rendered":"https:\/\/boreait.com\/hu\/?post_type=product&#038;p=3254"},"modified":"2025-09-17T10:39:10","modified_gmt":"2025-09-17T08:39:10","slug":"eredeti-hp-zbook-15-g2-munkaallomas-also-burkolatanak-ajtaja-734278-001-am0tj000500","status":"publish","type":"product","link":"https:\/\/boreait.com\/hu\/termek\/eredeti-hp-zbook-15-g2-munkaallomas-also-burkolatanak-ajtaja-734278-001-am0tj000500\/","title":{"rendered":"Eredeti HP ZBook 15 G2 munka\u00e1llom\u00e1s als\u00f3 burkolat\u00e1nak ajtaja 734278-001 AM0TJ000500"},"content":{"rendered":"<p>Friss\u00edtse \u00e9s \u00f3vja meg HP ZBook 15 G2 munka\u00e1llom\u00e1s\u00e1t az eredeti HP ZBook 15 G2 munka\u00e1llom\u00e1s als\u00f3 burkolat\u00e1nak ajtaja 734278-001 AM0TJ000500. Ezt az apr\u00f3l\u00e9kosan kidolgozott als\u00f3 burkolatajt\u00f3t \u00fagy tervezt\u00e9k, hogy optim\u00e1lis v\u00e9delmet \u00e9s biztons\u00e1gos h\u00e1zat biztos\u00edtson laptopja bels\u0151 alkatr\u00e9szeinek.<\/p>\n<p>A prec\u00edzen \u00e9s a r\u00e9szletekre val\u00f3 odafigyel\u00e9ssel k\u00e9sz\u00fclt Eredeti HP ZBook 15 G2 munka\u00e1llom\u00e1s als\u00f3 burkolat\u00e1nak ajtaja 734278-001 AM0TJ000500 z\u00f6kken\u0151mentes illeszked\u00e9st \u00e9s fel\u00fcletet k\u00edn\u00e1l a HP ZBook 15 G2 munka\u00e1llom\u00e1shoz. Robusztus fel\u00e9p\u00edt\u00e9se biztos\u00edtja, hogy laptopja \u00e9rz\u00e9keny bels\u0151 alkatr\u00e9szei v\u00e9dve maradjanak a lehets\u00e9ges behat\u00e1sokt\u00f3l \u00e9s vesz\u00e9lyekt\u0151l, meghosszabb\u00edtva az eszk\u00f6z \u00e9lettartam\u00e1t.<\/p>\n<p>Ez az als\u00f3 burkolat tokajt\u00f3 nem csak v\u00e9delmet ny\u00fajt, hanem hozz\u00e1j\u00e1rul a HP ZBook 15 G2 munka\u00e1llom\u00e1s \u00e1ltal\u00e1nos eszt\u00e9tik\u00e1j\u00e1hoz is. Eleg\u00e1ns diz\u00e1jnja \u00e9s professzion\u00e1lis megjelen\u00e9se egy csipet kifinomults\u00e1got k\u00f6lcs\u00f6n\u00f6z laptopj\u00e1nak, fokozva annak vizu\u00e1lis vonzerej\u00e9t an\u00e9lk\u00fcl, hogy a funkcionalit\u00e1st vesz\u00e9lyeztetn\u00e9.<\/p>\n<p>Az eredeti HP ZBook 15 G2 munka\u00e1llom\u00e1s als\u00f3 burkolat\u00e1nak ajtaja 734278-001 AM0TJ000500 eredeti berendez\u00e9sgy\u00e1rt\u00f3 (OEM) term\u00e9k, amely biztos\u00edtja a kompatibilit\u00e1st \u00e9s a megb\u00edzhat\u00f3s\u00e1got. Ha laptopja als\u00f3 burkolat\u00e1nak ajtaj\u00e1t erre az eredeti alkatr\u00e9szre cser\u00e9li, az garant\u00e1lja a biztons\u00e1gos illeszked\u00e9st \u00e9s a megb\u00edzhat\u00f3 teljes\u00edtm\u00e9nyt, meg\u0151rzi laptopja h\u00e1z\u00e1nak \u00e9ps\u00e9g\u00e9t.<\/p>\n<p>N\u00f6velje HP ZBook 15 G2 munka\u00e1llom\u00e1s\u00e1nak v\u00e9delm\u00e9t, \u00e9lettartam\u00e1t \u00e9s vizu\u00e1lis eszt\u00e9tik\u00e1j\u00e1t az eredeti HP ZBook 15 G2 munka\u00e1llom\u00e1s als\u00f3 burkolat\u00e1nak ajtaja 734278-001 AM0TJ000500. Emelje fel laptopja \u00e1ltal\u00e1nos min\u0151s\u00e9g\u00e9t ezzel az eredeti OEM alkatr\u00e9szrel, amely z\u00f6kken\u0151mentesen \u00f6tv\u00f6zi a funkcionalit\u00e1st \u00e9s a diz\u00e1jnt.<\/p>\n<p>V\u00e1s\u00e1rl\u00e1s el\u0151tt gy\u0151z\u0151dj\u00f6n meg arr\u00f3l, hogy kompatibilis HP ZBook 15 G2 munka\u00e1llom\u00e1s modellj\u00e9vel. Friss\u00edtse laptopj\u00e1t a val\u00f3di min\u0151s\u00e9g \u00e9s megb\u00edzhat\u00f3 teljes\u00edtm\u00e9ny biztos\u00edt\u00e1s\u00e1val.<\/p>\n","protected":false},"excerpt":{"rendered":"<p>V\u00e9dje \u00e9s jav\u00edtsa HP ZBook 15 G2 munka\u00e1llom\u00e1s\u00e1t az eredeti HP ZBook 15 G2 munka\u00e1llom\u00e1s als\u00f3 burkolat\u00e1nak ajtaja 734278-001 AM0TJ000500. Ez az eredeti OEM alkatr\u00e9sz biztons\u00e1gos illeszked\u00e9st, megb\u00edzhat\u00f3 teljes\u00edtm\u00e9nyt \u00e9s jobb eszt\u00e9tik\u00e1t k\u00edn\u00e1l laptopj\u00e1nak. Magabiztosan friss\u00edtse laptopja v\u00e9delm\u00e9t \u00e9s megjelen\u00e9s\u00e9t.<\/p>\n<p>Megjegyz\u00e9s: V\u00e1s\u00e1rl\u00e1s el\u0151tt ellen\u0151rizze a kompatibilit\u00e1st a HP ZBook 15 G2 munka\u00e1llom\u00e1s modellel.<\/p>\n","protected":false},"featured_media":3304,"template":"","meta":[],"product_brand":[],"product_cat":[16],"product_tag":[25],"class_list":{"0":"post-3254","1":"product","2":"type-product","3":"status-publish","4":"has-post-thumbnail","6":"product_cat-laptop-housing","7":"product_tag-hp","9":"first","10":"instock","11":"taxable","12":"shipping-taxable","13":"purchasable","14":"product-type-simple"},"_links":{"self":[{"href":"https:\/\/boreait.com\/hu\/wp-json\/wp\/v2\/product\/3254","targetHints":{"allow":["GET"]}}],"collection":[{"href":"https:\/\/boreait.com\/hu\/wp-json\/wp\/v2\/product"}],"about":[{"href":"https:\/\/boreait.com\/hu\/wp-json\/wp\/v2\/types\/product"}],"wp:featuredmedia":[{"embeddable":true,"href":"https:\/\/boreait.com\/hu\/wp-json\/wp\/v2\/media\/3304"}],"wp:attachment":[{"href":"https:\/\/boreait.com\/hu\/wp-json\/wp\/v2\/media?parent=3254"}],"wp:term":[{"taxonomy":"product_brand","embeddable":true,"href":"https:\/\/boreait.com\/hu\/wp-json\/wp\/v2\/product_brand?post=3254"},{"taxonomy":"product_cat","embeddable":true,"href":"https:\/\/boreait.com\/hu\/wp-json\/wp\/v2\/product_cat?post=3254"},{"taxonomy":"product_tag","embeddable":true,"href":"https:\/\/boreait.com\/hu\/wp-json\/wp\/v2\/product_tag?post=3254"}],"curies":[{"name":"wp","href":"https:\/\/api.w.org\/{rel}","templated":true}]}}