{"id":3253,"date":"2025-09-17T10:38:13","date_gmt":"2025-09-17T08:38:13","guid":{"rendered":"https:\/\/boreait.com\/hu\/?post_type=product&#038;p=3253"},"modified":"2025-09-17T10:39:02","modified_gmt":"2025-09-17T08:39:02","slug":"hp-elitebook-840-745-g3-g4-b-shell-kepernyokerethez-821160-001","status":"publish","type":"product","link":"https:\/\/boreait.com\/hu\/termek\/hp-elitebook-840-745-g3-g4-b-shell-kepernyokerethez-821160-001\/","title":{"rendered":"HP ELITEBOOK 840 745 G3 G4 B Shell k\u00e9perny\u0151kerethez 821160-001"},"content":{"rendered":"<p>N\u00f6velje HP EliteBook 840 \u00e9s 745 G3\/G4 laptopjainak vizu\u00e1lis vonzerej\u00e9t \u00e9s szerkezeti integrit\u00e1s\u00e1t a HP EliteBook 840 745 G3 G4 B 821160-001 sz\u00e1m\u00fa Shell Screen Frame seg\u00edts\u00e9g\u00e9vel. Ez az apr\u00f3l\u00e9kosan megtervezett k\u00e9perny\u0151keret nemcsak laptopja eszt\u00e9tik\u00e1j\u00e1t er\u0151s\u00edti, hanem alapvet\u0151 t\u00e1mogat\u00e1st \u00e9s v\u00e9delmet is ny\u00fajt laptopja kijelz\u0151panelj\u00e9nek.<\/p>\n<p>A HP EliteBook 840 745 G3 G4 B Shell 821160-001 k\u00e9perny\u0151keret prec\u00edzi\u00f3s tervez\u00e9s\u0171, hogy z\u00f6kken\u0151mentesen illeszkedjen a HP EliteBook 840 \u00e9s 745 G3\/G4 laptopok k\u00e9perny\u0151j\u00e9hez. Robusztus fel\u00e9p\u00edt\u00e9se biztos\u00edtja a tart\u00f3ss\u00e1got \u00e9s a hossz\u00fa \u00e9lettartamot, hat\u00e9konyan v\u00e9dve laptopja kijelz\u0151j\u00e9t a lehets\u00e9ges behat\u00e1sokt\u00f3l \u00e9s vesz\u00e9lyekt\u0151l.<\/p>\n<p>Az eleg\u00e1ns \u00e9s modern diz\u00e1jnnal rendelkez\u0151 k\u00e9perny\u0151keret kieg\u00e9sz\u00edti laptopja \u00e1ltal\u00e1nos megjelen\u00e9s\u00e9t, mik\u00f6zben meg\u0151rzi a professzion\u00e1lis \u00e9s kifinomult megjelen\u00e9st. Minimalista, m\u00e9gis st\u00edlusos eszt\u00e9tik\u00e1ja kiv\u00e1l\u00f3 kieg\u00e9sz\u00edt\u0151j\u00e9v\u00e9 teszi laptopj\u00e1nak, jav\u00edtva mind a form\u00e1j\u00e1t, mind a funkci\u00f3j\u00e1t.<\/p>\n<p>A s\u00e9r\u00fclt vagy elhaszn\u00e1l\u00f3dott k\u00e9perny\u0151keret cser\u00e9je a HP EliteBook 840 745 G3 G4 B Shell 821160-001 k\u00e9perny\u0151kerettel nemcsak a laptop vizu\u00e1lis megjelen\u00e9s\u00e9t jav\u00edtja, hanem szerkezeti integrit\u00e1s\u00e1t is jav\u00edtja. A keret biztos\u00edtja, hogy laptopja kijelz\u0151je biztons\u00e1gosan a hely\u00e9n maradjon, cs\u00f6kkentve a k\u00e9perny\u0151 \u00e9s a kapcsol\u00f3d\u00f3 alkatr\u00e9szek v\u00e9letlen s\u00e9r\u00fcl\u00e9s\u00e9nek kock\u00e1zat\u00e1t.<\/p>\n<p>Friss\u00edtse HP EliteBook 840 \u00e9s 745 G3\/G4 laptopjait a HP EliteBook 840 745 G3 G4 B Shell 821160-001 k\u00e9perny\u0151kerettel, \u00e9s \u00e9lvezze a meg\u00fajult bizalom \u00e9rz\u00e9s\u00e9t laptopja megjelen\u00e9s\u00e9ben \u00e9s teljes\u00edtm\u00e9ny\u00e9ben. V\u00e1s\u00e1rl\u00e1s el\u0151tt ellen\u0151rizze, hogy kompatibilis-e laptopj\u00e1val.<\/p>\n<p>Tapasztalja meg a tov\u00e1bbfejlesztett eszt\u00e9tik\u00e1t, v\u00e9delmet \u00e9s tart\u00f3ss\u00e1got a HP EliteBook 840 745 G3 G4 B Shell 821160-001 k\u00e9perny\u0151kerettel. N\u00f6velje laptopja vizu\u00e1lis vonzerej\u00e9t \u00e9s szerkezeti megb\u00edzhat\u00f3s\u00e1g\u00e1t ezzel az eredeti OEM k\u00e9perny\u0151kerettel.<\/p>\n","protected":false},"excerpt":{"rendered":"<p>Friss\u00edtse HP EliteBook 840 \u00e9s 745 G3\/G4 laptopjai megjelen\u00e9s\u00e9t \u00e9s v\u00e9delm\u00e9t a HP EliteBook 840 745 G3 G4 B 821160-001 Shell k\u00e9perny\u0151kerettel. Ez az eredeti OEM k\u00e9perny\u0151keret fokozza laptopja vizu\u00e1lis vonzerej\u00e9t, mik\u00f6zben biztos\u00edtja a kijelz\u0151 szerkezeti integrit\u00e1s\u00e1t. \u00c9lvezze az eleg\u00e1ns kialak\u00edt\u00e1st \u00e9s a laptop k\u00e9perny\u0151j\u00e9nek megb\u00edzhat\u00f3 v\u00e9delm\u00e9t.<\/p>\n<p>Megjegyz\u00e9s: V\u00e1s\u00e1rl\u00e1s el\u0151tt gy\u0151z\u0151dj\u00f6n meg arr\u00f3l, hogy kompatibilis a HP EliteBook 840 \u00e9s 745 G3\/G4 laptopmodellekkel.<\/p>\n","protected":false},"featured_media":3294,"template":"","meta":[],"product_brand":[],"product_cat":[16],"product_tag":[25],"class_list":{"0":"post-3253","1":"product","2":"type-product","3":"status-publish","4":"has-post-thumbnail","6":"product_cat-laptop-housing","7":"product_tag-hp","9":"first","10":"instock","11":"taxable","12":"shipping-taxable","13":"purchasable","14":"product-type-simple"},"_links":{"self":[{"href":"https:\/\/boreait.com\/hu\/wp-json\/wp\/v2\/product\/3253","targetHints":{"allow":["GET"]}}],"collection":[{"href":"https:\/\/boreait.com\/hu\/wp-json\/wp\/v2\/product"}],"about":[{"href":"https:\/\/boreait.com\/hu\/wp-json\/wp\/v2\/types\/product"}],"wp:featuredmedia":[{"embeddable":true,"href":"https:\/\/boreait.com\/hu\/wp-json\/wp\/v2\/media\/3294"}],"wp:attachment":[{"href":"https:\/\/boreait.com\/hu\/wp-json\/wp\/v2\/media?parent=3253"}],"wp:term":[{"taxonomy":"product_brand","embeddable":true,"href":"https:\/\/boreait.com\/hu\/wp-json\/wp\/v2\/product_brand?post=3253"},{"taxonomy":"product_cat","embeddable":true,"href":"https:\/\/boreait.com\/hu\/wp-json\/wp\/v2\/product_cat?post=3253"},{"taxonomy":"product_tag","embeddable":true,"href":"https:\/\/boreait.com\/hu\/wp-json\/wp\/v2\/product_tag?post=3253"}],"curies":[{"name":"wp","href":"https:\/\/api.w.org\/{rel}","templated":true}]}}