{"id":3252,"date":"2025-09-17T10:38:13","date_gmt":"2025-09-17T08:38:13","guid":{"rendered":"https:\/\/boreait.com\/hu\/?post_type=product&#038;p=3252"},"modified":"2025-09-17T10:38:55","modified_gmt":"2025-09-17T08:38:55","slug":"lenovo-b50-45-b50-e1-156-huvelykes-csuklotamasz-erintopaddal-ap14k000930-amd-tapkapcsolo","status":"publish","type":"product","link":"https:\/\/boreait.com\/hu\/termek\/lenovo-b50-45-b50-e1-156-huvelykes-csuklotamasz-erintopaddal-ap14k000930-amd-tapkapcsolo\/","title":{"rendered":"Lenovo B50-45 B50 E1 15,6 h\u00fcvelykes csukl\u00f3t\u00e1masz, \u00e9rint\u0151paddal AP14K000930 AMD T\u00c1PKAPCSOL\u00d3"},"content":{"rendered":"<p>B\u0151v\u00edtse Lenovo B50-45 vagy B50 E1 laptopja funkcionalit\u00e1s\u00e1t \u00e9s eszt\u00e9tik\u00e1j\u00e1t a Lenovo B50-45 B50 E1 15,6 h\u00fcvelykes csukl\u00f3t\u00e1maszral, \u00e9rint\u0151paddal AP14K000930. Ezt a csukl\u00f3t\u00e1masz-szerelv\u00e9nyt apr\u00f3l\u00e9kosan \u00fagy tervezt\u00e9k, hogy k\u00e9nyelmes \u00e9s k\u00e9nyelmes felhaszn\u00e1l\u00f3i \u00e9lm\u00e9nyt biztos\u00edtson, mik\u00f6zben jav\u00edtja laptopja \u00e1ltal\u00e1nos megjelen\u00e9s\u00e9t.<\/p>\n<p>A Lenovo B50-45 B50 E1 15,6&#8243;-os csukl\u00f3t\u00e1masz \u00e9rint\u0151paddal AP14K000930 be\u00e9p\u00edtett \u00e9rint\u0151paddal van felszerelve, amely lehet\u0151v\u00e9 teszi, hogy k\u00f6nnyed\u00e9n navig\u00e1ljon laptopj\u00e1n. Az \u00e9rint\u0151pad \u00e9rz\u00e9keny \u00e9s prec\u00edz, egyenletes \u00e9s pontos kurzormozg\u00e1st biztos\u00edt. A be\u00e9p\u00edtett \u00e9rint\u0151pad gombjaival k\u00fcl\u00f6nf\u00e9le funkci\u00f3kat \u00e9s mozdulatokat hajthat v\u00e9gre k\u00f6nnyed\u00e9n.<\/p>\n<p>A r\u00e9szletekre val\u00f3 odafigyel\u00e9ssel kialak\u00edtott csukl\u00f3t\u00e1masz-szerelv\u00e9ny eleg\u00e1ns \u00e9s modern diz\u00e1jnnal rendelkezik, amely kieg\u00e9sz\u00edti laptopja st\u00edlus\u00e1t. A sima fel\u00fclet \u00e9s a strapab\u00edr\u00f3 konstrukci\u00f3 nemcsak a l\u00e1tv\u00e1nyt n\u00f6veli, hanem v\u00e9delmet is ny\u00fajt a napi kop\u00e1s ellen. A csukl\u00f3t\u00e1masz v\u00e9di a bels\u0151 alkatr\u00e9szeket, mik\u00f6zben k\u00e9nyelmes helyet biztos\u00edt a kezei pihentet\u00e9s\u00e9hez g\u00e9pel\u00e9s vagy az \u00e9rint\u0151pad haszn\u00e1lata k\u00f6zben.<\/p>\n<p>Emellett a Lenovo B50-45 B50 E1 15,6&#8243;-os csukl\u00f3t\u00e1masz \u00e9rint\u0151paddal AP14K000930 AMD bekapcsol\u00f3gombbal is rendelkezik, amely lehet\u0151v\u00e9 teszi laptopja energiaell\u00e1t\u00e1s\u00e1nak k\u00e9nyelmes vez\u00e9rl\u00e9s\u00e9t. Ez a kapcsol\u00f3 gyors \u00e9s egyszer\u0171 hozz\u00e1f\u00e9r\u00e9st biztos\u00edt az energiaell\u00e1t\u00e1si funkci\u00f3khoz, \u00e9s z\u00f6kken\u0151mentes felhaszn\u00e1l\u00f3i \u00e9lm\u00e9nyt biztos\u00edt.<\/p>\n<p>Ak\u00e1r s\u00e9r\u00fclt csukl\u00f3t\u00e1maszt cser\u00e9l, ak\u00e1r laptopja funkcionalit\u00e1s\u00e1t szeretn\u00e9 jav\u00edtani, a Lenovo B50-45 B50 E1 15,6 h\u00fcvelykes csukl\u00f3t\u00e1masz AP14K000930 \u00e9rint\u0151paddal megb\u00edzhat\u00f3 v\u00e1laszt\u00e1s. Ez egy eredeti OEM term\u00e9k, amely kompatibilis Lenovo B50-4 E1 laptopj\u00e1val.<\/p>\n<p>Friss\u00edtse laptopja funkcionalit\u00e1s\u00e1t \u00e9s megjelen\u00e9s\u00e9t a Lenovo B50-45 B50 E1 15,6 h\u00fcvelykes csukl\u00f3t\u00e1maszral, \u00e9rint\u0151paddal AP14K000930. \u00c9lvezze a k\u00e9nyelmes g\u00e9pel\u00e9st, a prec\u00edz navig\u00e1ci\u00f3t az \u00e9rint\u0151paddal, valamint az energiaell\u00e1t\u00e1si funkci\u00f3khoz val\u00f3 gyors hozz\u00e1f\u00e9r\u00e9st a hat\u00e9konyabb sz\u00e1m\u00edt\u00e1stechnika \u00e9rdek\u00e9ben.<\/p>\n<p>A v\u00e1s\u00e1rl\u00e1s el\u0151tt ellen\u0151rizze, hogy kompatibilis-e Lenovo B50-45 vagy B50 E1 laptopmodellj\u00e9vel.<\/p>\n","protected":false},"excerpt":{"rendered":"<p>N\u00f6velje Lenovo B50-45 vagy B50 E1 laptopja haszn\u00e1lhat\u00f3s\u00e1g\u00e1t \u00e9s eszt\u00e9tik\u00e1j\u00e1t a Lenovo B50-45 B50 E1 15,6 h\u00fcvelykes csukl\u00f3t\u00e1masz \u00e9rint\u0151paddal AP14K000930. Ez a csukl\u00f3t\u00e1masz-szerelv\u00e9ny \u00e9rz\u00e9keny \u00e9rint\u0151padot, integr\u00e1lt bels\u0151 \u00e9rint\u0151pad gombjait \u00e9s az AMD bekapcsol\u00f3gombj\u00e1t is v\u00e9di, mik\u00f6zben k\u00e9nyelmesen v\u00e9di a laptop vez\u00e9rl\u00e9s\u00e9t \u00e9s a t\u00e1pell\u00e1t\u00e1st. modern diz\u00e1jn.<\/p>\n<p>Megjegyz\u00e9s: V\u00e1s\u00e1rl\u00e1s el\u0151tt ellen\u0151rizze, hogy kompatibilis-e Lenovo B50-45 vagy B50 E1 laptopmodellj\u00e9vel.<\/p>\n","protected":false},"featured_media":3291,"template":"","meta":[],"product_brand":[],"product_cat":[16],"product_tag":[26],"class_list":{"0":"post-3252","1":"product","2":"type-product","3":"status-publish","4":"has-post-thumbnail","6":"product_cat-laptop-housing","7":"product_tag-lenovo","9":"first","10":"instock","11":"taxable","12":"shipping-taxable","13":"purchasable","14":"product-type-simple"},"_links":{"self":[{"href":"https:\/\/boreait.com\/hu\/wp-json\/wp\/v2\/product\/3252","targetHints":{"allow":["GET"]}}],"collection":[{"href":"https:\/\/boreait.com\/hu\/wp-json\/wp\/v2\/product"}],"about":[{"href":"https:\/\/boreait.com\/hu\/wp-json\/wp\/v2\/types\/product"}],"wp:featuredmedia":[{"embeddable":true,"href":"https:\/\/boreait.com\/hu\/wp-json\/wp\/v2\/media\/3291"}],"wp:attachment":[{"href":"https:\/\/boreait.com\/hu\/wp-json\/wp\/v2\/media?parent=3252"}],"wp:term":[{"taxonomy":"product_brand","embeddable":true,"href":"https:\/\/boreait.com\/hu\/wp-json\/wp\/v2\/product_brand?post=3252"},{"taxonomy":"product_cat","embeddable":true,"href":"https:\/\/boreait.com\/hu\/wp-json\/wp\/v2\/product_cat?post=3252"},{"taxonomy":"product_tag","embeddable":true,"href":"https:\/\/boreait.com\/hu\/wp-json\/wp\/v2\/product_tag?post=3252"}],"curies":[{"name":"wp","href":"https:\/\/api.w.org\/{rel}","templated":true}]}}