{"id":3237,"date":"2025-09-17T10:37:50","date_gmt":"2025-09-17T08:37:50","guid":{"rendered":"https:\/\/boreait.com\/hu\/?post_type=product&#038;p=3237"},"modified":"2026-01-07T14:57:04","modified_gmt":"2026-01-07T13:57:04","slug":"lenovo-b50-80-b50-70-pk230000300-bal-es-jobb-hangszorokeszlet","status":"publish","type":"product","link":"https:\/\/boreait.com\/hu\/termek\/lenovo-b50-80-b50-70-pk230000300-bal-es-jobb-hangszorokeszlet\/","title":{"rendered":"Lenovo B50-80 B50-70 PK230000300 Bal \u00e9s jobb hangsz\u00f3r\u00f3k\u00e9szlet"},"content":{"rendered":"<p>N\u00f6velje hang\u00e9lm\u00e9ny\u00e9t a Lenovo B50-80 B50-70 PK230000300 bal oldali \u00e9s hangsz\u00f3r\u00f3k\u00e9szlettel; Jobbra. A laptop hangmin\u0151s\u00e9g\u00e9nek jav\u00edt\u00e1s\u00e1ra tervezett hangsz\u00f3r\u00f3k\u00e9szlet mag\u00e1val ragad\u00f3 hangkimenetet biztos\u00edt sz\u00e1mos multim\u00e9di\u00e1s tev\u00e9kenys\u00e9ghez.<\/p>\n<p>Ak\u00e1r zen\u00e9t hallgat, filmeket n\u00e9z, ak\u00e1r videoh\u00edv\u00e1sokat folytat, a Lenovo B50-80 B50-70 PK230000300 hangsz\u00f3r\u00f3k\u00e9szlet bal \u00e9s amp; A Right biztos\u00edtja a tiszta \u00e9s \u00e9l\u00e9nk hangz\u00e1st. A kiv\u00e1l\u00f3 min\u0151s\u00e9g\u0171 alkatr\u00e9szekkel ezek a hangsz\u00f3r\u00f3k gazdag hang\u00e9lm\u00e9nyt biztos\u00edtanak, lehet\u0151v\u00e9 t\u00e9ve, hogy minden r\u00e9szletet kiv\u00e9teles tisztas\u00e1ggal halljon.<\/p>\n<p>A k\u00e9szlet bal \u00e9s jobb oldali hangsz\u00f3r\u00f3kat is tartalmaz, amelyek kiegyens\u00falyozott sztere\u00f3 hangz\u00e1st \u00e9s mag\u00e1val ragad\u00f3bb hangk\u00f6rnyezetet biztos\u00edtanak. A telep\u00edt\u00e9s probl\u00e9mamentes, \u00e9s a hangsz\u00f3r\u00f3kat \u00fagy tervezt\u00e9k, hogy z\u00f6kken\u0151mentesen illeszkedjenek Lenovo B50-80 vagy B50-70 laptopmodellj\u00e9be.<\/p>\n<p>Friss\u00edtse laptopja audiok\u00e9pess\u00e9geit a Lenovo B50-80 B50-70 PK230000300 bal oldali hangsz\u00f3r\u00f3k\u00e9szlettel \u00e9s a hangsz\u00f3r\u00f3kkal; Jobbra. \u00c9lvezze a jobb hangmin\u0151s\u00e9get sz\u00f3rakoztat\u00e1si \u00e9s kommunik\u00e1ci\u00f3s ig\u00e9nyeihez. Ak\u00e1r j\u00e1tszik, ak\u00e1r streamel, ak\u00e1r dolgozik, ezek a hangsz\u00f3r\u00f3k olyan hangfriss\u00edt\u00e9st biztos\u00edtanak, amelyet val\u00f3ban hallhat \u00e9s \u00e9rt\u00e9kelhet.<\/p>\n<p>B\u00edzzon a Lenovo B50-80 B50-70 PK230000300 bal oldali hangsz\u00f3r\u00f3k\u00e9szlet kompatibilit\u00e1s\u00e1ban \u00e9s min\u0151s\u00e9g\u00e9ben; A laptop hangkimenet\u00e9nek jav\u00edt\u00e1sa. N\u00f6velje multim\u00e9di\u00e1s \u00e9lm\u00e9ny\u00e9t, \u00e9s mer\u00fclj\u00f6n el a kiv\u00e9teles hangmin\u0151s\u00e9gben ezzel az alapvet\u0151 laptopfriss\u00edt\u00e9ssel.<\/p>\n","protected":false},"excerpt":{"rendered":"<p>B\u0151v\u00edtse laptopja audiokimenet\u00e9t a Lenovo B50-80 B50-70 PK230000300 hangsz\u00f3r\u00f3k\u00e9szlettel, bal \u00e9s amp; Jobbra. Tapasztalja meg a mag\u00e1val ragad\u00f3 hangmin\u0151s\u00e9get zen\u00e9hez, filmekhez, j\u00e1t\u00e9kokhoz \u00e9s sok m\u00e1shoz. K\u00f6nny\u0171 telep\u00edt\u00e9s\u00fcknek \u00e9s a Lenovo B50-80 \u00e9s B50-70 modellekkel val\u00f3 kompatibilit\u00e1suknak k\u00f6sz\u00f6nhet\u0151en ezek a hangsz\u00f3r\u00f3k elengedhetetlen friss\u00edt\u00e9st jelentenek laptopja audiok\u00e9pess\u00e9g\u00e9nek jav\u00edt\u00e1s\u00e1hoz.<\/p>\n","protected":false},"featured_media":3284,"template":"","meta":[],"product_brand":[],"product_cat":[18],"product_tag":[26],"class_list":{"0":"post-3237","1":"product","2":"type-product","3":"status-publish","4":"has-post-thumbnail","6":"product_cat-laptop-speakers","7":"product_tag-lenovo","9":"first","10":"instock","11":"taxable","12":"shipping-taxable","13":"purchasable","14":"product-type-simple"},"_links":{"self":[{"href":"https:\/\/boreait.com\/hu\/wp-json\/wp\/v2\/product\/3237","targetHints":{"allow":["GET"]}}],"collection":[{"href":"https:\/\/boreait.com\/hu\/wp-json\/wp\/v2\/product"}],"about":[{"href":"https:\/\/boreait.com\/hu\/wp-json\/wp\/v2\/types\/product"}],"wp:featuredmedia":[{"embeddable":true,"href":"https:\/\/boreait.com\/hu\/wp-json\/wp\/v2\/media\/3284"}],"wp:attachment":[{"href":"https:\/\/boreait.com\/hu\/wp-json\/wp\/v2\/media?parent=3237"}],"wp:term":[{"taxonomy":"product_brand","embeddable":true,"href":"https:\/\/boreait.com\/hu\/wp-json\/wp\/v2\/product_brand?post=3237"},{"taxonomy":"product_cat","embeddable":true,"href":"https:\/\/boreait.com\/hu\/wp-json\/wp\/v2\/product_cat?post=3237"},{"taxonomy":"product_tag","embeddable":true,"href":"https:\/\/boreait.com\/hu\/wp-json\/wp\/v2\/product_tag?post=3237"}],"curies":[{"name":"wp","href":"https:\/\/api.w.org\/{rel}","templated":true}]}}