{"id":3236,"date":"2025-09-17T10:37:50","date_gmt":"2025-09-17T08:37:50","guid":{"rendered":"https:\/\/boreait.com\/hu\/?post_type=product&#038;p=3236"},"modified":"2026-01-07T14:56:44","modified_gmt":"2026-01-07T13:56:44","slug":"usb-kartya-audio-ls-b096p-lenovo-b50-70-hez","status":"publish","type":"product","link":"https:\/\/boreait.com\/hu\/termek\/usb-kartya-audio-ls-b096p-lenovo-b50-70-hez\/","title":{"rendered":"USB-k\u00e1rtya &#8211; Audio LS-B096P Lenovo B50-70-hez"},"content":{"rendered":"<p>Fokozza Lenovo B50-70 laptopja csatlakoztathat\u00f3s\u00e1g\u00e1t a sokoldal\u00fa USB k\u00e1rty\u00e1val &#8211; Audio LS-B096P. Ezt a kiv\u00e1l\u00f3 min\u0151s\u00e9g\u0171 cserealkatr\u00e9szt \u00fagy tervezt\u00e9k, hogy tov\u00e1bbi USB-portokat \u00e9s audiok\u00e9pess\u00e9geket biztos\u00edtson, biztos\u00edtva ezzel, hogy k\u00f6nnyen csatlakoztathassa perif\u00e9ri\u00e1it, \u00e9s \u00e9lvezze a mag\u00e1val ragad\u00f3 hang\u00e9lm\u00e9nyt.<\/p>\n<p>Az LS-B096P audio USB-k\u00e1rtya ide\u00e1lis megold\u00e1s laptopja csatlakoz\u00e1si lehet\u0151s\u00e9geinek b\u0151v\u00edt\u00e9s\u00e9re. Be\u00e9p\u00edtett USB-portjaival k\u00f6nnyed\u00e9n csatlakoztathat k\u00fcl\u00f6nf\u00e9le USB-eszk\u00f6z\u00f6ket, p\u00e9ld\u00e1ul k\u00fcls\u0151 t\u00e1rol\u00f3meghajt\u00f3kat, nyomtat\u00f3kat \u00e9s beviteli eszk\u00f6z\u00f6ket. Ez lehet\u0151v\u00e9 teszi a termel\u00e9kenys\u00e9g \u00e9s a k\u00e9nyelem n\u00f6vel\u00e9s\u00e9t az\u00e1ltal, hogy t\u00f6bb eszk\u00f6zt csatlakoztat egyszerre.<\/p>\n<p>Emellett ez az USB-k\u00e1rtya audio funkci\u00f3kkal is rendelkezik, amelyek lehet\u0151v\u00e9 teszik, hogy fejhallgat\u00f3t, hangsz\u00f3r\u00f3t vagy m\u00e1s audioeszk\u00f6zt k\u00f6zvetlen\u00fcl a laptophoz csatlakoztasson. \u00c9lvezze az \u00e9les \u00e9s tiszta hangmin\u0151s\u00e9get filmekhez, zen\u00e9hez, videoh\u00edv\u00e1sokhoz \u00e9s sok m\u00e1shoz, \u00edgy a sz\u00f3rakoz\u00e1s \u00e9s a kommunik\u00e1ci\u00f3 m\u00e9g mag\u00e1val ragad\u00f3bb \u00e9s \u00e9lvezetesebb.<\/p>\n<p>A telep\u00edt\u00e9si folyamat egyszer\u0171, \u00e9s az USB-k\u00e1rtya &#8211; Audio LS-B096P a z\u00f6kken\u0151mentes cser\u00e9hez sz\u00fcks\u00e9ges hardverrel egy\u00fctt \u00e9rkezik. \u00dagy tervezt\u00e9k, hogy kompatibilis legyen a Lenovo B50-70 laptop modellel, t\u00f6k\u00e9letes illeszked\u00e9st \u00e9s optim\u00e1lis teljes\u00edtm\u00e9nyt biztos\u00edtva.<\/p>\n<p>Friss\u00edtse laptopja csatlakoztathat\u00f3s\u00e1g\u00e1t \u00e9s audiok\u00e9pess\u00e9geit a Lenovo B50-70-hez k\u00e9sz\u00fclt LS-B096P audio USB-k\u00e1rty\u00e1val. N\u00f6velje sz\u00e1m\u00edt\u00e1stechnikai \u00e9lm\u00e9ny\u00e9t extra USB-portok hozz\u00e1ad\u00e1s\u00e1val \u00e9s hangkimenet\u00e9nek jav\u00edt\u00e1s\u00e1val, mindezt egyetlen cserealkatr\u00e9sz k\u00e9nyelm\u00e9vel. B\u00edzzon min\u0151s\u00e9g\u00e9ben \u00e9s kompatibilit\u00e1s\u00e1ban, hogy tov\u00e1bbi funkci\u00f3kat vigyen laptopj\u00e1ba.<\/p>\n","protected":false},"excerpt":{"rendered":"<p>B\u0151v\u00edtse Lenovo B50-70 laptopja csatlakoztathat\u00f3s\u00e1g\u00e1t \u00e9s audiok\u00e9pess\u00e9geit az LS-B096P audio USB-k\u00e1rty\u00e1val. Ez a cserealkatr\u00e9sz extra USB-portokat k\u00edn\u00e1l a k\u00e9nyelmes eszk\u00f6zcsatlakoztat\u00e1shoz \u00e9s audiofunkci\u00f3kat a jobb hangmin\u0151s\u00e9g \u00e9rdek\u00e9ben. B\u0151v\u00edtse laptopja k\u00e9pess\u00e9geit ezzel a kompatibilis \u00e9s kiv\u00e1l\u00f3 min\u0151s\u00e9g\u0171 cserekomponenssel.<\/p>\n","protected":false},"featured_media":3283,"template":"","meta":[],"product_brand":[],"product_cat":[27],"product_tag":[26],"class_list":{"0":"post-3236","1":"product","2":"type-product","3":"status-publish","4":"has-post-thumbnail","6":"product_cat-motherboards-board-parts","7":"product_tag-lenovo","9":"first","10":"instock","11":"taxable","12":"shipping-taxable","13":"purchasable","14":"product-type-simple"},"_links":{"self":[{"href":"https:\/\/boreait.com\/hu\/wp-json\/wp\/v2\/product\/3236","targetHints":{"allow":["GET"]}}],"collection":[{"href":"https:\/\/boreait.com\/hu\/wp-json\/wp\/v2\/product"}],"about":[{"href":"https:\/\/boreait.com\/hu\/wp-json\/wp\/v2\/types\/product"}],"wp:featuredmedia":[{"embeddable":true,"href":"https:\/\/boreait.com\/hu\/wp-json\/wp\/v2\/media\/3283"}],"wp:attachment":[{"href":"https:\/\/boreait.com\/hu\/wp-json\/wp\/v2\/media?parent=3236"}],"wp:term":[{"taxonomy":"product_brand","embeddable":true,"href":"https:\/\/boreait.com\/hu\/wp-json\/wp\/v2\/product_brand?post=3236"},{"taxonomy":"product_cat","embeddable":true,"href":"https:\/\/boreait.com\/hu\/wp-json\/wp\/v2\/product_cat?post=3236"},{"taxonomy":"product_tag","embeddable":true,"href":"https:\/\/boreait.com\/hu\/wp-json\/wp\/v2\/product_tag?post=3236"}],"curies":[{"name":"wp","href":"https:\/\/api.w.org\/{rel}","templated":true}]}}