{"id":3232,"date":"2025-09-17T10:37:50","date_gmt":"2025-09-17T08:37:50","guid":{"rendered":"https:\/\/boreait.com\/hu\/?post_type=product&#038;p=3232"},"modified":"2025-09-17T10:38:26","modified_gmt":"2025-09-17T08:38:26","slug":"hp-elitebook-840-g1-sorozatu-laptop-intelligens-kartyaolvaso-kartya-6050a2560401","status":"publish","type":"product","link":"https:\/\/boreait.com\/hu\/termek\/hp-elitebook-840-g1-sorozatu-laptop-intelligens-kartyaolvaso-kartya-6050a2560401\/","title":{"rendered":"HP EliteBook 840 G1 sorozat\u00fa laptop intelligens k\u00e1rtyaolvas\u00f3 k\u00e1rtya 6050A2560401"},"content":{"rendered":"<p>Friss\u00edtse HP EliteBook 840 G1 sorozat\u00fa laptopja biztons\u00e1gi funkci\u00f3it a Smart Card Reader Board seg\u00edts\u00e9g\u00e9vel. Ez az eredeti HP cserealkatr\u00e9sz tov\u00e1bbi v\u00e9delmet \u00e9s k\u00e9nyelmet k\u00edn\u00e1l, lehet\u0151v\u00e9 t\u00e9ve laptopja biztons\u00e1gi int\u00e9zked\u00e9seinek jav\u00edt\u00e1s\u00e1t.<\/p>\n<p>Az intelligensk\u00e1rtya-technol\u00f3gia biztons\u00e1gos hiteles\u00edt\u00e9si \u00e9s adatv\u00e9delmi m\u00f3dszert k\u00edn\u00e1l, \u00edgy az adatbiztons\u00e1got el\u0151nyben r\u00e9szes\u00edt\u0151 mag\u00e1nszem\u00e9lyek \u00e9s v\u00e1llalkoz\u00e1sok n\u00e9lk\u00fcl\u00f6zhetetlen elem\u00e9v\u00e9 v\u00e1lik. Az intelligensk\u00e1rtya-olvas\u00f3 k\u00e1rty\u00e1t \u00fagy tervezt\u00e9k, hogy z\u00f6kken\u0151mentesen integr\u00e1l\u00f3djon a HP EliteBook 840 G1-be, \u00edgy k\u00f6nnyed\u00e9n hozz\u00e1f\u00e9rhet laptopj\u00e1hoz, mik\u00f6zben \u00e9rz\u00e9keny adatait biztons\u00e1gban tartja.<\/p>\n<p>Pontos fel\u00e9p\u00edt\u00e9s\u00e9nek \u00e9s laptopmodellj\u00e9vel val\u00f3 kompatibilit\u00e1s\u00e1nak k\u00f6sz\u00f6nhet\u0151en a telep\u00edt\u00e9s egyszer\u0171 folyamat. A telep\u00edt\u00e9s ut\u00e1n kihaszn\u00e1lhatja az intelligens k\u00e1rtya technol\u00f3gia el\u0151nyeit a felhaszn\u00e1l\u00f3k hiteles\u00edt\u00e9s\u00e9re, \u00e9s biztos\u00edthatja, hogy csak az arra jogosult szem\u00e9lyek f\u00e9rhessenek hozz\u00e1 laptopj\u00e1hoz \u00e9s annak tartalm\u00e1hoz.<\/p>\n<p>N\u00f6velje laptopja biztons\u00e1g\u00e1t \u00e9s haszn\u00e1lhat\u00f3s\u00e1g\u00e1t a HP EliteBook 840 G1 sorozathoz k\u00e9sz\u00fclt intelligensk\u00e1rtya-olvas\u00f3 k\u00e1rty\u00e1val. Fektessen be egy megb\u00edzhat\u00f3 \u00e9s megb\u00edzhat\u00f3 megold\u00e1sba, amely nyugalmat \u00e9s fokozott v\u00e9delmet biztos\u00edt \u00e9rt\u00e9kes adatainak.<\/p>\n","protected":false},"excerpt":{"rendered":"<p>N\u00f6velje HP EliteBook 840 G1 sorozat\u00fa laptopja biztons\u00e1g\u00e1t az intelligens k\u00e1rtyaolvas\u00f3 k\u00e1rty\u00e1val. Fokozza az adatv\u00e9delmet \u00e9s a felhaszn\u00e1l\u00f3i hiteles\u00edt\u00e9st a nagyobb nyugalom \u00e9rdek\u00e9ben.<\/p>\n","protected":false},"featured_media":3268,"template":"","meta":[],"product_brand":[],"product_cat":[27],"product_tag":[25],"class_list":{"0":"post-3232","1":"product","2":"type-product","3":"status-publish","4":"has-post-thumbnail","6":"product_cat-motherboards-board-parts","7":"product_tag-hp","9":"first","10":"instock","11":"taxable","12":"shipping-taxable","13":"purchasable","14":"product-type-simple"},"_links":{"self":[{"href":"https:\/\/boreait.com\/hu\/wp-json\/wp\/v2\/product\/3232","targetHints":{"allow":["GET"]}}],"collection":[{"href":"https:\/\/boreait.com\/hu\/wp-json\/wp\/v2\/product"}],"about":[{"href":"https:\/\/boreait.com\/hu\/wp-json\/wp\/v2\/types\/product"}],"wp:featuredmedia":[{"embeddable":true,"href":"https:\/\/boreait.com\/hu\/wp-json\/wp\/v2\/media\/3268"}],"wp:attachment":[{"href":"https:\/\/boreait.com\/hu\/wp-json\/wp\/v2\/media?parent=3232"}],"wp:term":[{"taxonomy":"product_brand","embeddable":true,"href":"https:\/\/boreait.com\/hu\/wp-json\/wp\/v2\/product_brand?post=3232"},{"taxonomy":"product_cat","embeddable":true,"href":"https:\/\/boreait.com\/hu\/wp-json\/wp\/v2\/product_cat?post=3232"},{"taxonomy":"product_tag","embeddable":true,"href":"https:\/\/boreait.com\/hu\/wp-json\/wp\/v2\/product_tag?post=3232"}],"curies":[{"name":"wp","href":"https:\/\/api.w.org\/{rel}","templated":true}]}}