{"id":3230,"date":"2025-09-17T10:37:49","date_gmt":"2025-09-17T08:37:49","guid":{"rendered":"https:\/\/boreait.com\/hu\/?post_type=product&#038;p=3230"},"modified":"2025-09-17T10:38:21","modified_gmt":"2025-09-17T08:38:21","slug":"6050a2560301-hp-power-button-board-elitebook-840-745-g1-hez","status":"publish","type":"product","link":"https:\/\/boreait.com\/hu\/termek\/6050a2560301-hp-power-button-board-elitebook-840-745-g1-hez\/","title":{"rendered":"6050A2560301 HP POWER BUTTON BOARD ELITEBOOK 840 745 G1-hez"},"content":{"rendered":"<p>Friss\u00edtse HP EliteBook 840 vagy 745 G1 laptopj\u00e1t a 6050A2560301 bekapcsol\u00f3gomb k\u00e1rty\u00e1val. Ezt az eredeti HP cserealkatr\u00e9szt \u00fagy tervezt\u00e9k, hogy helyre\u00e1ll\u00edtsa laptopja bekapcsol\u00f3gombj\u00e1nak m\u0171k\u00f6d\u00e9s\u00e9t, biztos\u00edtva a z\u00f6kken\u0151mentes \u00e9s gyors m\u0171k\u00f6d\u00e9st.<\/p>\n<p>A bekapcsol\u00f3gomb minden laptop kulcsfontoss\u00e1g\u00fa eleme, amely lehet\u0151v\u00e9 teszi az eszk\u00f6z k\u00f6nny\u0171 be- \u00e9s kikapcsol\u00e1s\u00e1t. Id\u0151vel a kop\u00e1s \u00e9s elhaszn\u00e1l\u00f3d\u00e1s ennek az alapvet\u0151 gombnak a teljes\u00edtm\u00e9ny\u00e9nek cs\u00f6kken\u00e9s\u00e9hez vagy ak\u00e1r meghib\u00e1sod\u00e1s\u00e1hoz vezethet. A 6050A2560301 Power Button Board seg\u00edts\u00e9g\u00e9vel \u00faj \u00e9letet lehelhet laptopj\u00e1ba, \u00e9s vissza\u00e1ll\u00edthatja annak teljes funkcionalit\u00e1s\u00e1t.<\/p>\n<p>A telep\u00edt\u00e9si folyamat egyszer\u0171, \u00e9s ezt a bekapcsol\u00f3gombot \u00fagy tervezt\u00e9k, hogy t\u00f6k\u00e9letesen illeszkedjen a HP EliteBook 840 vagy 745 G1 laptophoz, biztos\u00edtva a rendszerbe val\u00f3 z\u00f6kken\u0151mentes integr\u00e1ci\u00f3t. \u00c9lvezze azt a k\u00e9nyelmet \u00e9s nyugalmat, amelyet egy megb\u00edzhat\u00f3 bekapcsol\u00f3gomb k\u00e9zn\u00e9l tart.<\/p>\n<p>V\u00e1lassza a 6050A2560301 bekapcsol\u00f3gombot a HP EliteBook 840 \u00e9s 745 G1 laptopokhoz, \u00e9s biztos\u00edtsa a probl\u00e9mamentes energiagazd\u00e1lkod\u00e1si \u00e9lm\u00e9nyt az elk\u00f6vetkez\u0151 \u00e9vekben.<\/p>\n","protected":false},"excerpt":{"rendered":"<p>Keltse \u00faj \u00e9letre HP EliteBook 840 vagy 745 G1 laptopj\u00e1t a 6050A2560301 bekapcsol\u00f3gomb k\u00e1rty\u00e1val. \u00c1ll\u00edtsa vissza a sima \u00e9s \u00e9rz\u00e9keny bekapcsol\u00f3gomb m\u0171k\u00f6d\u00e9s\u00e9t.<\/p>\n","protected":false},"featured_media":3265,"template":"","meta":[],"product_brand":[],"product_cat":[27],"product_tag":[25],"class_list":{"0":"post-3230","1":"product","2":"type-product","3":"status-publish","4":"has-post-thumbnail","6":"product_cat-motherboards-board-parts","7":"product_tag-hp","9":"first","10":"instock","11":"taxable","12":"shipping-taxable","13":"purchasable","14":"product-type-simple"},"_links":{"self":[{"href":"https:\/\/boreait.com\/hu\/wp-json\/wp\/v2\/product\/3230","targetHints":{"allow":["GET"]}}],"collection":[{"href":"https:\/\/boreait.com\/hu\/wp-json\/wp\/v2\/product"}],"about":[{"href":"https:\/\/boreait.com\/hu\/wp-json\/wp\/v2\/types\/product"}],"wp:featuredmedia":[{"embeddable":true,"href":"https:\/\/boreait.com\/hu\/wp-json\/wp\/v2\/media\/3265"}],"wp:attachment":[{"href":"https:\/\/boreait.com\/hu\/wp-json\/wp\/v2\/media?parent=3230"}],"wp:term":[{"taxonomy":"product_brand","embeddable":true,"href":"https:\/\/boreait.com\/hu\/wp-json\/wp\/v2\/product_brand?post=3230"},{"taxonomy":"product_cat","embeddable":true,"href":"https:\/\/boreait.com\/hu\/wp-json\/wp\/v2\/product_cat?post=3230"},{"taxonomy":"product_tag","embeddable":true,"href":"https:\/\/boreait.com\/hu\/wp-json\/wp\/v2\/product_tag?post=3230"}],"curies":[{"name":"wp","href":"https:\/\/api.w.org\/{rel}","templated":true}]}}