{"id":3217,"date":"2025-09-17T10:37:27","date_gmt":"2025-09-17T08:37:27","guid":{"rendered":"https:\/\/boreait.com\/hu\/?post_type=product&#038;p=3217"},"modified":"2026-01-07T14:55:26","modified_gmt":"2026-01-07T13:55:26","slug":"dell-latitude-e5440-bal-es-jobb-belso-hangszorokeszlet-tcn2t-0tcn2t-cn-0tcn2t-2","status":"publish","type":"product","link":"https:\/\/boreait.com\/hu\/termek\/dell-latitude-e5440-bal-es-jobb-belso-hangszorokeszlet-tcn2t-0tcn2t-cn-0tcn2t-2\/","title":{"rendered":"Dell Latitude E5440 bal \u00e9s jobb bels\u0151 hangsz\u00f3r\u00f3k\u00e9szlet TCN2T 0TCN2T CN-0TCN2T"},"content":{"rendered":"<p>N\u00f6velje hang\u00e9lm\u00e9ny\u00e9t a Dell Latitude E5440 Bal &amp; Jobb bels\u0151 hangsz\u00f3r\u00f3 k\u00e9szlet TCN2T 0TCN2T CN-0TCN2T. A laptop hangmin\u0151s\u00e9g\u00e9nek jav\u00edt\u00e1s\u00e1ra tervezett eredeti hangsz\u00f3r\u00f3k\u00e9szlet tiszta \u00e9s \u00e9l\u00e9nk hangot biztos\u00edt, \u00e9letre keltve multim\u00e9di\u00e1s tartalmait.<\/p>\n<p>Ak\u00e1r filmeket n\u00e9z, zen\u00e9t n\u00e9z, ak\u00e1r videoh\u00edv\u00e1sokban vesz r\u00e9szt, ezek a hangsz\u00f3r\u00f3k kiegyens\u00falyozott \u00e9s dinamikus hangkimenetet k\u00edn\u00e1lnak. A bal \u00e9s jobb hangsug\u00e1rz\u00f3 konfigur\u00e1ci\u00f3 teljes hangspektrumot biztos\u00edt, \u00e9s prec\u00edzen r\u00f6gz\u00edti az audiotartalom minden r\u00e9szlet\u00e9t.<\/p>\n<p>A telep\u00edt\u00e9s gyerekj\u00e1t\u00e9k, mivel ezt a hangsz\u00f3r\u00f3k\u00e9szletet \u00fagy alak\u00edtott\u00e1k ki, hogy z\u00f6kken\u0151mentesen illeszkedjen Dell Latitude E5440 laptopj\u00e1hoz. A csomag tartalmazza a bal \u00e9s a jobb oldali hangsz\u00f3r\u00f3kat is, amelyek egyenletes hangteljes\u00edtm\u00e9nyt garant\u00e1lnak a sztere\u00f3 spektrumban.<\/p>\n<p>Friss\u00edtse laptopja hangk\u00e9pess\u00e9geit a Dell Latitude E5440 Bal &amp; Jobb bels\u0151 hangsz\u00f3r\u00f3 k\u00e9szlet TCN2T 0TCN2T CN-0TCN2T. Mer\u00fclj\u00f6n el a gazdag hangmin\u0151s\u00e9gben, amely \u00faj dimenzi\u00f3t ad sz\u00f3rakoztat\u00f3 \u00e9s kommunik\u00e1ci\u00f3s \u00e9lm\u00e9nyeinek.<\/p>\n","protected":false},"excerpt":{"rendered":"<p>Fokozza hangj\u00e1t a Dell Latitude E5440 Bal &amp; Jobb bels\u0151 hangsz\u00f3r\u00f3 k\u00e9szlet TCN2T 0TCN2T CN-0TCN2T. \u00c9lvezze a dinamikus hangz\u00e1st filmekhez, zen\u00e9hez \u00e9s h\u00edv\u00e1sokhoz.<\/p>\n","protected":false},"featured_media":3264,"template":"","meta":[],"product_brand":[],"product_cat":[18],"product_tag":[17],"class_list":{"0":"post-3217","1":"product","2":"type-product","3":"status-publish","4":"has-post-thumbnail","6":"product_cat-laptop-speakers","7":"product_tag-dell","9":"first","10":"instock","11":"taxable","12":"shipping-taxable","13":"purchasable","14":"product-type-simple"},"_links":{"self":[{"href":"https:\/\/boreait.com\/hu\/wp-json\/wp\/v2\/product\/3217","targetHints":{"allow":["GET"]}}],"collection":[{"href":"https:\/\/boreait.com\/hu\/wp-json\/wp\/v2\/product"}],"about":[{"href":"https:\/\/boreait.com\/hu\/wp-json\/wp\/v2\/types\/product"}],"wp:featuredmedia":[{"embeddable":true,"href":"https:\/\/boreait.com\/hu\/wp-json\/wp\/v2\/media\/3264"}],"wp:attachment":[{"href":"https:\/\/boreait.com\/hu\/wp-json\/wp\/v2\/media?parent=3217"}],"wp:term":[{"taxonomy":"product_brand","embeddable":true,"href":"https:\/\/boreait.com\/hu\/wp-json\/wp\/v2\/product_brand?post=3217"},{"taxonomy":"product_cat","embeddable":true,"href":"https:\/\/boreait.com\/hu\/wp-json\/wp\/v2\/product_cat?post=3217"},{"taxonomy":"product_tag","embeddable":true,"href":"https:\/\/boreait.com\/hu\/wp-json\/wp\/v2\/product_tag?post=3217"}],"curies":[{"name":"wp","href":"https:\/\/api.w.org\/{rel}","templated":true}]}}