{"id":3213,"date":"2025-09-17T10:36:59","date_gmt":"2025-09-17T08:36:59","guid":{"rendered":"https:\/\/boreait.com\/hu\/?post_type=product&#038;p=3213"},"modified":"2025-09-17T10:38:17","modified_gmt":"2025-09-17T08:38:17","slug":"hp-probook-470-g2-768389-001-hangszorok-bal-es-jobb-hangszoro-szerelveny","status":"publish","type":"product","link":"https:\/\/boreait.com\/hu\/termek\/hp-probook-470-g2-768389-001-hangszorok-bal-es-jobb-hangszoro-szerelveny\/","title":{"rendered":"HP ProBook 470 G2 768389-001 hangsz\u00f3r\u00f3k bal \u00e9s jobb hangsz\u00f3r\u00f3 szerelv\u00e9ny"},"content":{"rendered":"<p>Fokozza hang\u00e9lm\u00e9ny\u00e9t a HP ProBook 470 G2 768389-001 hangsz\u00f3r\u00f3 bal \u00e9s jobb hangsz\u00f3r\u00f3 szerelv\u00e9nnyel. Ezt az eredeti hangsz\u00f3r\u00f3-szerelv\u00e9nyt \u00fagy tervezt\u00e9k, hogy tiszta \u00e9s mag\u00e1val ragad\u00f3 hangz\u00e1st biztos\u00edtson, \u00e9letre keltve multim\u00e9di\u00e1s tartalmait.<\/p>\n<p>Ak\u00e1r filmeket n\u00e9z, zen\u00e9t hallgat, ak\u00e1r videokonferenci\u00e1n vesz r\u00e9szt, ezek a hangsz\u00f3r\u00f3k kiegyens\u00falyozott \u00e9s dinamikus hangkimenetet biztos\u00edtanak. A bal \u00e9s jobb hangsz\u00f3r\u00f3 kombin\u00e1ci\u00f3ja sz\u00e9les frekvenciatartom\u00e1nyt biztos\u00edt, lehet\u0151v\u00e9 t\u00e9ve, hogy \u00e9lvezze a hangtartalom \u00e1rnyalatait.<\/p>\n<p>A HP ProBook 470 G2 laptophoz val\u00f3 z\u00f6kken\u0151mentes integr\u00e1ci\u00f3ra tervezett hangsz\u00f3r\u00f3-szerelv\u00e9ny k\u00f6nnyen telep\u00edthet\u0151, \u00edgy pillanatok alatt jobb hangmin\u0151s\u00e9get \u00e9lvezhet. A k\u00e9szlet bal \u00e9s jobb oldali hangsz\u00f3r\u00f3kat is tartalmaz, \u00edgy a hangkimenet egyenletes \u00e9s vonz\u00f3 marad.<\/p>\n<p>N\u00f6velje laptopja hangteljes\u00edtm\u00e9ny\u00e9t a HP ProBook 470 G2 768389-001 hangsz\u00f3r\u00f3 bal \u00e9s jobb hangsz\u00f3r\u00f3 szerelv\u00e9nnyel. N\u00f6velje multim\u00e9di\u00e1s \u00e9lm\u00e9nyeit \u00e9s kommunik\u00e1ci\u00f3s interakci\u00f3it tov\u00e1bbfejlesztett hangmin\u0151s\u00e9ggel, amely \u00faj dimenzi\u00f3t ad tartalomfogyaszt\u00e1s\u00e1nak.<\/p>\n","protected":false},"excerpt":{"rendered":"<p>N\u00f6velje hang\u00e9lm\u00e9ny\u00e9t a HP ProBook 470 G2 768389-001 hangsz\u00f3r\u00f3 bal \u00e9s jobb hangsz\u00f3r\u00f3 szerelv\u00e9nnyel. \u00c9lvezze a mag\u00e1val ragad\u00f3 \u00e9s kiegyens\u00falyozott hangz\u00e1st filmekhez, zen\u00e9hez \u00e9s h\u00edv\u00e1sokhoz.<\/p>\n","protected":false},"featured_media":3263,"template":"","meta":[],"product_brand":[],"product_cat":[18],"product_tag":[25],"class_list":{"0":"post-3213","1":"product","2":"type-product","3":"status-publish","4":"has-post-thumbnail","6":"product_cat-laptop-speakers","7":"product_tag-hp","9":"first","10":"instock","11":"taxable","12":"shipping-taxable","13":"purchasable","14":"product-type-simple"},"_links":{"self":[{"href":"https:\/\/boreait.com\/hu\/wp-json\/wp\/v2\/product\/3213","targetHints":{"allow":["GET"]}}],"collection":[{"href":"https:\/\/boreait.com\/hu\/wp-json\/wp\/v2\/product"}],"about":[{"href":"https:\/\/boreait.com\/hu\/wp-json\/wp\/v2\/types\/product"}],"wp:featuredmedia":[{"embeddable":true,"href":"https:\/\/boreait.com\/hu\/wp-json\/wp\/v2\/media\/3263"}],"wp:attachment":[{"href":"https:\/\/boreait.com\/hu\/wp-json\/wp\/v2\/media?parent=3213"}],"wp:term":[{"taxonomy":"product_brand","embeddable":true,"href":"https:\/\/boreait.com\/hu\/wp-json\/wp\/v2\/product_brand?post=3213"},{"taxonomy":"product_cat","embeddable":true,"href":"https:\/\/boreait.com\/hu\/wp-json\/wp\/v2\/product_cat?post=3213"},{"taxonomy":"product_tag","embeddable":true,"href":"https:\/\/boreait.com\/hu\/wp-json\/wp\/v2\/product_tag?post=3213"}],"curies":[{"name":"wp","href":"https:\/\/api.w.org\/{rel}","templated":true}]}}