{"id":3209,"date":"2025-09-17T10:36:23","date_gmt":"2025-09-17T08:36:23","guid":{"rendered":"https:\/\/boreait.com\/hu\/?post_type=product&#038;p=3209"},"modified":"2026-01-07T14:55:09","modified_gmt":"2026-01-07T13:55:09","slug":"dell-latitude-e5440-bal-es-jobb-belso-hangszorokeszlet-tcn2t-0tcn2t-cn-0tcn2t","status":"publish","type":"product","link":"https:\/\/boreait.com\/hu\/termek\/dell-latitude-e5440-bal-es-jobb-belso-hangszorokeszlet-tcn2t-0tcn2t-cn-0tcn2t\/","title":{"rendered":"Dell Latitude E5440 bal \u00e9s jobb bels\u0151 hangsz\u00f3r\u00f3k\u00e9szlet TCN2T 0TCN2T CN-0TCN2T"},"content":{"rendered":"<p>Fokozza hang\u00e9lm\u00e9ny\u00e9t a Dell Latitude E5440 Bal &amp; Jobb bels\u0151 hangsz\u00f3r\u00f3 k\u00e9szlet TCN2T. Az \u00e9les \u00e9s tiszta hangz\u00e1sra tervezett eredeti hangsz\u00f3r\u00f3k\u00e9szlet t\u00f6k\u00e9letes helyettes\u00edti laptopja megl\u00e9v\u0151 hangsz\u00f3r\u00f3it.<\/p>\n<p>Mer\u00fclj\u00f6n el a mag\u00e1val ragad\u00f3 hangz\u00e1s vil\u00e1g\u00e1ban ezekkel a kiv\u00e1l\u00f3 min\u0151s\u00e9g\u0171 hangsz\u00f3r\u00f3kkal. Ak\u00e1r filmet n\u00e9z, ak\u00e1r zen\u00e9t hallgat, vagy videoh\u00edv\u00e1st folytat, a Dell Latitude E5440 TCN2T hangsz\u00f3r\u00f3k\u00e9szlet biztos\u00edtja, hogy minden hang prec\u00edzen \u00e9s m\u00e9lyen reproduk\u00e1l\u00f3dik.<\/p>\n<p>A bal \u00e9s jobb hangsz\u00f3r\u00f3 kombin\u00e1ci\u00f3ja kiegyens\u00falyozott hangkimenetet biztos\u00edt, lehet\u0151v\u00e9 t\u00e9ve a frekvencia teljes spektrum\u00e1nak \u00e9lvezet\u00e9t. A m\u00e9ly m\u00e9lyhangokt\u00f3l a r\u00e9szletgazdag magas hangokig ezek a hangsz\u00f3r\u00f3k j\u00f3l lekerek\u00edtett hang\u00e9lm\u00e9nyt k\u00edn\u00e1lnak, amely kieg\u00e9sz\u00edti laptopja kijelz\u0151j\u00e9t.<\/p>\n<p>A telep\u00edt\u00e9si folyamat egyszer\u0171, \u00e9s a k\u00e9szletet \u00fagy tervezt\u00e9k, hogy z\u00f6kken\u0151mentesen integr\u00e1lhat\u00f3 legyen Dell Latitude E5440 laptopj\u00e1val. Friss\u00edtse hangkimenet\u00e9t, \u00e9s alak\u00edtsa \u00e1t a multim\u00e9di\u00e1s tartalmak \u00e9lvezet\u00e9t ezzel az eredeti Dell hangsz\u00f3r\u00f3k\u00e9szlettel.<\/p>\n<p>Friss\u00edtse Dell Latitude E5440 laptopja hangmin\u0151s\u00e9g\u00e9t a TCN2T Bal &amp; Jobb bels\u0151 hangsz\u00f3r\u00f3 k\u00e9szlet. N\u00f6velje sz\u00f3rakoz\u00e1si \u00e9s kommunik\u00e1ci\u00f3s \u00e9lm\u00e9ny\u00e9t ezekkel a nagy teljes\u00edtm\u00e9ny\u0171 hangsz\u00f3r\u00f3kkal, amelyek biztosan leny\u0171g\u00f6znek.<\/p>\n","protected":false},"excerpt":{"rendered":"<p>Jav\u00edtsa hangmin\u0151s\u00e9g\u00e9t a Dell Latitude E5440 Bal &amp; Jobb bels\u0151 hangsz\u00f3r\u00f3 k\u00e9szlet TCN2T. \u00c9lvezze a mag\u00e1val ragad\u00f3 hangvisszaad\u00e1st filmek, zene \u00e9s h\u00edv\u00e1sok k\u00f6zben ezzel az eredeti Dell hangsz\u00f3r\u00f3k\u00e9szlettel.<\/p>\n","protected":false},"featured_media":3262,"template":"","meta":[],"product_brand":[],"product_cat":[18],"product_tag":[],"class_list":{"0":"post-3209","1":"product","2":"type-product","3":"status-publish","4":"has-post-thumbnail","6":"product_cat-laptop-speakers","8":"first","9":"instock","10":"taxable","11":"shipping-taxable","12":"purchasable","13":"product-type-simple"},"_links":{"self":[{"href":"https:\/\/boreait.com\/hu\/wp-json\/wp\/v2\/product\/3209","targetHints":{"allow":["GET"]}}],"collection":[{"href":"https:\/\/boreait.com\/hu\/wp-json\/wp\/v2\/product"}],"about":[{"href":"https:\/\/boreait.com\/hu\/wp-json\/wp\/v2\/types\/product"}],"wp:featuredmedia":[{"embeddable":true,"href":"https:\/\/boreait.com\/hu\/wp-json\/wp\/v2\/media\/3262"}],"wp:attachment":[{"href":"https:\/\/boreait.com\/hu\/wp-json\/wp\/v2\/media?parent=3209"}],"wp:term":[{"taxonomy":"product_brand","embeddable":true,"href":"https:\/\/boreait.com\/hu\/wp-json\/wp\/v2\/product_brand?post=3209"},{"taxonomy":"product_cat","embeddable":true,"href":"https:\/\/boreait.com\/hu\/wp-json\/wp\/v2\/product_cat?post=3209"},{"taxonomy":"product_tag","embeddable":true,"href":"https:\/\/boreait.com\/hu\/wp-json\/wp\/v2\/product_tag?post=3209"}],"curies":[{"name":"wp","href":"https:\/\/api.w.org\/{rel}","templated":true}]}}