{"id":3204,"date":"2025-09-17T10:35:27","date_gmt":"2025-09-17T08:35:27","guid":{"rendered":"https:\/\/boreait.com\/hu\/?post_type=product&#038;p=3204"},"modified":"2026-01-07T14:54:50","modified_gmt":"2026-01-07T13:54:50","slug":"dell-latitude-e6540-vga-gombok-alaplap-8992w-08992w-ls-9411p","status":"publish","type":"product","link":"https:\/\/boreait.com\/hu\/termek\/dell-latitude-e6540-vga-gombok-alaplap-8992w-08992w-ls-9411p\/","title":{"rendered":"Dell Latitude E6540 VGA gombok, alaplap 8992W 08992W LS-9411P"},"content":{"rendered":"<p>Fokozza Dell Latitude E6540 laptopja funkcionalit\u00e1s\u00e1t a Dell Latitude E6540 VGA Buttons Daughterboard 8992W seg\u00edts\u00e9g\u00e9vel. Ez az eredeti Dell-komponens, amelyet \u00fagy terveztek, hogy z\u00f6kken\u0151mentes \u00e9s hat\u00e9kony felhaszn\u00e1l\u00f3i \u00e9lm\u00e9nyt biztos\u00edtson, jobb vez\u00e9rl\u00e9st \u00e9s hozz\u00e1f\u00e9r\u00e9st biztos\u00edt laptopja VGA gombjaihoz.<\/p>\n<p>A Dell Latitude E6540 VGA Buttons Daughterboard 8992W apr\u00f3l\u00e9kosan kidolgozott, hogy biztos\u00edtsa a kompatibilit\u00e1st az \u00d6n laptopmodellj\u00e9vel. Intelligens \u00e1ramk\u00f6re z\u00f6kken\u0151mentes kommunik\u00e1ci\u00f3t tesz lehet\u0151v\u00e9 a VGA gombok \u00e9s a laptop bels\u0151 alkatr\u00e9szei k\u00f6z\u00f6tt, ami gyors \u00e9s megb\u00edzhat\u00f3 m\u0171k\u00f6d\u00e9st eredm\u00e9nyez.<\/p>\n<p>Az LS-9411P cikksz\u00e1mmal rendelkez\u0151 le\u00e1nyk\u00e1rtya egy eredeti cserealkatr\u00e9sz, amely garant\u00e1lja a teljes\u00edtm\u00e9nyt \u00e9s a megb\u00edzhat\u00f3s\u00e1got. A mell\u00e9kelt k\u00e1bel biztos\u00edtja az egyszer\u0171 telep\u00edt\u00e9st, \u00edgy alkalmas mind a tapasztalt technikusok, mind a hardvercser\u00e9t kezd\u0151 felhaszn\u00e1l\u00f3k sz\u00e1m\u00e1ra.<\/p>\n<p>A Dell Latitude E6540 VGA Buttons Daughterboard 8992W laptopba integr\u00e1l\u00e1s\u00e1val tov\u00e1bb vez\u00e9relheti a VGA be\u00e1ll\u00edt\u00e1sokat, \u00e9s jobb felhaszn\u00e1l\u00f3i \u00e9lm\u00e9nyt ny\u00fajt. N\u00f6velje termel\u00e9kenys\u00e9g\u00e9t \u00e9s k\u00e9nyelm\u00e9t, ha ezt az eredeti Dell-komponenst v\u00e1lasztja.<\/p>\n<p>Miel\u0151tt v\u00e1s\u00e1rol, ellen\u0151rizze a kompatibilit\u00e1st Dell Latitude E6540 modellj\u00e9vel a z\u00f6kken\u0151mentes integr\u00e1ci\u00f3 \u00e9rdek\u00e9ben.<\/p>\n","protected":false},"excerpt":{"rendered":"<p>B\u0151v\u00edtse Dell Latitude E6540 laptopja vez\u00e9rl\u00e9s\u00e9t \u00e9s kiseg\u00edt\u0151 lehet\u0151s\u00e9geit a Dell Latitude E6540 VGA Buttons Daughterboard 8992W seg\u00edts\u00e9g\u00e9vel. Ez az eredeti Dell-komponens tov\u00e1bbfejlesztett funkcionalit\u00e1st \u00e9s gyors vez\u00e9rl\u00e9st k\u00edn\u00e1l laptopja VGA gombjai felett.<\/p>\n","protected":false},"featured_media":3249,"template":"","meta":[],"product_brand":[],"product_cat":[27],"product_tag":[17],"class_list":{"0":"post-3204","1":"product","2":"type-product","3":"status-publish","4":"has-post-thumbnail","6":"product_cat-motherboards-board-parts","7":"product_tag-dell","9":"first","10":"instock","11":"taxable","12":"shipping-taxable","13":"purchasable","14":"product-type-simple"},"_links":{"self":[{"href":"https:\/\/boreait.com\/hu\/wp-json\/wp\/v2\/product\/3204","targetHints":{"allow":["GET"]}}],"collection":[{"href":"https:\/\/boreait.com\/hu\/wp-json\/wp\/v2\/product"}],"about":[{"href":"https:\/\/boreait.com\/hu\/wp-json\/wp\/v2\/types\/product"}],"wp:featuredmedia":[{"embeddable":true,"href":"https:\/\/boreait.com\/hu\/wp-json\/wp\/v2\/media\/3249"}],"wp:attachment":[{"href":"https:\/\/boreait.com\/hu\/wp-json\/wp\/v2\/media?parent=3204"}],"wp:term":[{"taxonomy":"product_brand","embeddable":true,"href":"https:\/\/boreait.com\/hu\/wp-json\/wp\/v2\/product_brand?post=3204"},{"taxonomy":"product_cat","embeddable":true,"href":"https:\/\/boreait.com\/hu\/wp-json\/wp\/v2\/product_cat?post=3204"},{"taxonomy":"product_tag","embeddable":true,"href":"https:\/\/boreait.com\/hu\/wp-json\/wp\/v2\/product_tag?post=3204"}],"curies":[{"name":"wp","href":"https:\/\/api.w.org\/{rel}","templated":true}]}}