{"id":3203,"date":"2025-09-17T10:35:27","date_gmt":"2025-09-17T08:35:27","guid":{"rendered":"https:\/\/boreait.com\/hu\/?post_type=product&#038;p=3203"},"modified":"2026-01-14T09:13:47","modified_gmt":"2026-01-14T08:13:47","slug":"hp-350-g2-sd-usb-audiokartya-6050a2607901-kabellel","status":"publish","type":"product","link":"https:\/\/boreait.com\/hu\/termek\/hp-350-g2-sd-usb-audiokartya-6050a2607901-kabellel\/","title":{"rendered":"HP 350 G2 SD USB audiok\u00e1rtya 6050A2607901 k\u00e1bellel"},"content":{"rendered":"<p>N\u00f6velje HP 350 G2 laptopja funkcionalit\u00e1s\u00e1t a 6050A2607901 k\u00e1bellel ell\u00e1tott HP 350 G2 SD USB audiok\u00e1rty\u00e1val. Ezt az eredeti HP alkatr\u00e9szt apr\u00f3l\u00e9kosan \u00fagy tervezt\u00e9k, hogy jav\u00edtsa laptopja audio- \u00e9s csatlakoz\u00e1si funkci\u00f3it, z\u00f6kken\u0151mentes integr\u00e1ci\u00f3t \u00e9s jobb felhaszn\u00e1l\u00f3i \u00e9lm\u00e9nyt k\u00edn\u00e1lva.<\/p>\n<p>A HP 350 G2 SD USB audiok\u00e1rtya 6050A2607901 k\u00e1bellel kulcsfontoss\u00e1g\u00fa interf\u00e9szk\u00e9nt szolg\u00e1l k\u00fcl\u00f6nf\u00e9le perif\u00e9ri\u00e1khoz, bele\u00e9rtve az SD-k\u00e1rty\u00e1kat, USB-eszk\u00f6z\u00f6ket \u00e9s audiotartoz\u00e9kokat. Intelligens \u00e1ramk\u00f6re megb\u00edzhat\u00f3 adat\u00e1tvitelt \u00e9s hangjelfeldolgoz\u00e1st tesz lehet\u0151v\u00e9, lehet\u0151v\u00e9 t\u00e9ve a k\u00fcls\u0151 eszk\u00f6z\u00f6k k\u00f6nny\u0171 csatlakoztat\u00e1s\u00e1t \u00e9s a jobb hangmin\u0151s\u00e9g \u00e9lvezet\u00e9t.<\/p>\n<p>A mell\u00e9kelt k\u00e1bel biztos\u00edtja a probl\u00e9mamentes telep\u00edt\u00e9st, \u00edgy ez a friss\u00edt\u00e9s alkalmas mind a tapasztalt technikusok, mind a hardvercser\u00e9t kezd\u0151 szem\u00e9lyek sz\u00e1m\u00e1ra. Ennek az eredeti HP-\u00f6sszetev\u0151nek a haszn\u00e1lat\u00e1val olyan kompatibilit\u00e1st, teljes\u00edtm\u00e9nyt \u00e9s megb\u00edzhat\u00f3s\u00e1got biztos\u00edthat, amely megfelel a HP \u00e1ltal t\u00e1masztott magas k\u00f6vetelm\u00e9nyeknek.<\/p>\n<p>Friss\u00edtse HP 350 G2 laptopj\u00e1t a 6050A2607901 k\u00e1bellel ell\u00e1tott HP 350 G2 SD USB audiok\u00e1rty\u00e1val, \u00e9s \u00e9lvezze a tov\u00e1bbfejlesztett csatlakoz\u00e1si lehet\u0151s\u00e9geket \u00e9s a jobb hangteljes\u00edtm\u00e9nyt. N\u00f6velje sz\u00e1m\u00edt\u00e1stechnikai \u00e9lm\u00e9ny\u00e9t, ha integr\u00e1lja ezt az eredeti HP-komponenst laptopj\u00e1ba.<\/p>\n<p>V\u00e1s\u00e1rl\u00e1s el\u0151tt ellen\u0151rizze, hogy kompatibilis-e HP 350 G2 modellj\u00e9vel.<\/p>\n","protected":false},"excerpt":{"rendered":"<p>B\u0151v\u00edtse HP 350 G2 laptopja audio- \u00e9s csatlakoz\u00e1si k\u00e9pess\u00e9geit a 6050A2607901 k\u00e1bellel ell\u00e1tott HP 350 G2 SD USB audiok\u00e1rty\u00e1val. \u00c9lvezze a jobb hangmin\u0151s\u00e9get \u00e9s az SD-k\u00e1rty\u00e1k, USB-eszk\u00f6z\u00f6k \u00e9s audiotartoz\u00e9kok egyszer\u0171 csatlakoztat\u00e1s\u00e1t.<\/p>\n","protected":false},"featured_media":3248,"template":"","meta":[],"product_brand":[],"product_cat":[27],"product_tag":[25],"class_list":{"0":"post-3203","1":"product","2":"type-product","3":"status-publish","4":"has-post-thumbnail","6":"product_cat-motherboards-board-parts","7":"product_tag-hp","9":"first","10":"instock","11":"taxable","12":"shipping-taxable","13":"purchasable","14":"product-type-simple"},"_links":{"self":[{"href":"https:\/\/boreait.com\/hu\/wp-json\/wp\/v2\/product\/3203","targetHints":{"allow":["GET"]}}],"collection":[{"href":"https:\/\/boreait.com\/hu\/wp-json\/wp\/v2\/product"}],"about":[{"href":"https:\/\/boreait.com\/hu\/wp-json\/wp\/v2\/types\/product"}],"wp:featuredmedia":[{"embeddable":true,"href":"https:\/\/boreait.com\/hu\/wp-json\/wp\/v2\/media\/3248"}],"wp:attachment":[{"href":"https:\/\/boreait.com\/hu\/wp-json\/wp\/v2\/media?parent=3203"}],"wp:term":[{"taxonomy":"product_brand","embeddable":true,"href":"https:\/\/boreait.com\/hu\/wp-json\/wp\/v2\/product_brand?post=3203"},{"taxonomy":"product_cat","embeddable":true,"href":"https:\/\/boreait.com\/hu\/wp-json\/wp\/v2\/product_cat?post=3203"},{"taxonomy":"product_tag","embeddable":true,"href":"https:\/\/boreait.com\/hu\/wp-json\/wp\/v2\/product_tag?post=3203"}],"curies":[{"name":"wp","href":"https:\/\/api.w.org\/{rel}","templated":true}]}}