{"id":3202,"date":"2025-09-17T10:35:27","date_gmt":"2025-09-17T08:35:27","guid":{"rendered":"https:\/\/boreait.com\/hu\/?post_type=product&#038;p=3202"},"modified":"2026-01-07T14:54:34","modified_gmt":"2026-01-07T13:54:34","slug":"hp-probook-4710s-akkumulatortolto-csatlakozokartya-6050a2252501","status":"publish","type":"product","link":"https:\/\/boreait.com\/hu\/termek\/hp-probook-4710s-akkumulatortolto-csatlakozokartya-6050a2252501\/","title":{"rendered":"HP ProBook 4710S akkumul\u00e1tort\u00f6lt\u0151 csatlakoz\u00f3k\u00e1rtya 6050A2252501"},"content":{"rendered":"<p>Fokozza HP ProBook 4710S t\u00f6lt\u00e9si funkci\u00f3j\u00e1t a 6050A2252501 sz\u00e1m\u00fa akkumul\u00e1tort\u00f6lt\u0151 csatlakoz\u00f3k\u00e1rty\u00e1val. Ezt az eredeti HP-alkatr\u00e9szt a legmagasabb min\u0151s\u00e9gi \u00e9s precizit\u00e1si szabv\u00e1nyok szerint alak\u00edtott\u00e1k ki, \u00e9s z\u00f6kken\u0151mentesen integr\u00e1lhat\u00f3 laptopja t\u00f6lt\u0151rendszer\u00e9vel.<\/p>\n<p>A 6050A2252501 sz\u00e1m\u00fa akkumul\u00e1tort\u00f6lt\u0151 csatlakoz\u00f3k\u00e1rtya l\u00e9tfontoss\u00e1g\u00fa \u00f6sszek\u00f6ttet\u00e9sk\u00e9nt szolg\u00e1l a laptop akkumul\u00e1tora \u00e9s a t\u00f6lt\u0151adapter k\u00f6z\u00f6tt. A biztons\u00e1gos \u00e9s megb\u00edzhat\u00f3 kapcsolat biztos\u00edt\u00e1s\u00e1ra tervezett k\u00e1rtya hat\u00e9kony t\u00f6lt\u00e9st \u00e9s \u00e1ramell\u00e1t\u00e1st biztos\u00edt, hogy laptopja k\u00e9szen \u00e1lljon a termel\u00e9kenys\u00e9gre.<\/p>\n<p>Az akkumul\u00e1tort\u00f6lt\u0151 csatlakoz\u00f3k\u00e1rty\u00e1j\u00e1nak cser\u00e9je pontoss\u00e1got \u00e9s a r\u00e9szletekre val\u00f3 odafigyel\u00e9st ig\u00e9nyel. Ezzel az eredeti HP-komponenssel leegyszer\u0171s\u00edtheti a telep\u00edt\u00e9si folyamatot, \u00edgy a tapasztalt technikusok \u00e9s a hardvercser\u00e9t kezd\u0151k sz\u00e1m\u00e1ra egyar\u00e1nt alkalmass\u00e1 teszi. \u00c9lvezze azt a nyugalmat, amelyet a szigor\u00fa min\u0151s\u00e9gi el\u0151\u00edr\u00e1soknak megfelel\u0151 hiteles HP alkatr\u00e9szek haszn\u00e1lnak.<\/p>\n<p>Friss\u00edtse HP ProBook 4710S t\u00f6lt\u00e9si k\u00e9pess\u00e9geit a 6050A2252501 sz\u00e1m\u00fa akkumul\u00e1tort\u00f6lt\u0151 csatlakoz\u00f3k\u00e1rty\u00e1val. Tapasztalja meg a hat\u00e9kony \u00e9s megb\u00edzhat\u00f3 t\u00f6lt\u00e9si teljes\u00edtm\u00e9nyt, biztos\u00edtva ezzel, hogy laptopja folyamatosan \u00e1ram alatt maradjon, \u00e9s k\u00e9szen \u00e1lljon az el\u0151tt\u00fcnk \u00e1ll\u00f3 feladatokra.<\/p>\n<p>K\u00e9rj\u00fck, v\u00e1s\u00e1rl\u00e1s el\u0151tt ellen\u0151rizze a kompatibilit\u00e1st a HP ProBook 4710S modellel.<\/p>\n","protected":false},"excerpt":{"rendered":"<p>N\u00f6velje HP ProBook 4710S t\u00f6lt\u00e9si teljes\u00edtm\u00e9ny\u00e9t a 6050A2252501 sz\u00e1m\u00fa akkumul\u00e1tort\u00f6lt\u0151 csatlakoz\u00f3k\u00e1rty\u00e1val. Cser\u00e9lje le megl\u00e9v\u0151 k\u00e1rty\u00e1j\u00e1t erre az eredeti HP alkatr\u00e9szre a hat\u00e9kony \u00e9s megb\u00edzhat\u00f3 t\u00f6lt\u00e9s \u00e9rdek\u00e9ben.<\/p>\n","protected":false},"featured_media":3247,"template":"","meta":[],"product_brand":[],"product_cat":[27],"product_tag":[25],"class_list":{"0":"post-3202","1":"product","2":"type-product","3":"status-publish","4":"has-post-thumbnail","6":"product_cat-motherboards-board-parts","7":"product_tag-hp","9":"first","10":"instock","11":"taxable","12":"shipping-taxable","13":"purchasable","14":"product-type-simple"},"_links":{"self":[{"href":"https:\/\/boreait.com\/hu\/wp-json\/wp\/v2\/product\/3202","targetHints":{"allow":["GET"]}}],"collection":[{"href":"https:\/\/boreait.com\/hu\/wp-json\/wp\/v2\/product"}],"about":[{"href":"https:\/\/boreait.com\/hu\/wp-json\/wp\/v2\/types\/product"}],"wp:featuredmedia":[{"embeddable":true,"href":"https:\/\/boreait.com\/hu\/wp-json\/wp\/v2\/media\/3247"}],"wp:attachment":[{"href":"https:\/\/boreait.com\/hu\/wp-json\/wp\/v2\/media?parent=3202"}],"wp:term":[{"taxonomy":"product_brand","embeddable":true,"href":"https:\/\/boreait.com\/hu\/wp-json\/wp\/v2\/product_brand?post=3202"},{"taxonomy":"product_cat","embeddable":true,"href":"https:\/\/boreait.com\/hu\/wp-json\/wp\/v2\/product_cat?post=3202"},{"taxonomy":"product_tag","embeddable":true,"href":"https:\/\/boreait.com\/hu\/wp-json\/wp\/v2\/product_tag?post=3202"}],"curies":[{"name":"wp","href":"https:\/\/api.w.org\/{rel}","templated":true}]}}